{"id":5313,"date":"2024-02-06T15:09:14","date_gmt":"2024-02-06T13:09:14","guid":{"rendered":"https:\/\/kdp-law.com\/commercial-transactions\/"},"modified":"2026-01-10T16:43:54","modified_gmt":"2026-01-10T14:43:54","slug":"transacciones-comerciales","status":"publish","type":"page","link":"https:\/\/kdp-law.com\/es\/transacciones-comerciales\/","title":{"rendered":"Transacciones comerciales"},"content":{"rendered":"\t\t<div data-elementor-type=\"wp-page\" data-elementor-id=\"5313\" class=\"elementor elementor-5313 elementor-3968\" data-elementor-post-type=\"page\">\n\t\t\t\t\t\t<section class=\"elementor-section elementor-top-section elementor-element elementor-element-5a2c759b elementor-section-boxed elementor-section-height-default elementor-section-height-default\" data-id=\"5a2c759b\" data-element_type=\"section\" data-e-type=\"section\" data-settings=\"{&quot;background_background&quot;:&quot;classic&quot;}\">\n\t\t\t\t\t\t\t<div class=\"elementor-background-overlay\"><\/div>\n\t\t\t\t\t\t\t<div class=\"elementor-container elementor-column-gap-wide\">\n\t\t\t\t\t<div class=\"elementor-column elementor-col-100 elementor-top-column elementor-element elementor-element-39a23e01\" data-id=\"39a23e01\" data-element_type=\"column\" data-e-type=\"column\">\n\t\t\t<div class=\"elementor-widget-wrap elementor-element-populated\">\n\t\t\t\t\t\t<div class=\"elementor-element elementor-element-97c1d6d elementor-widget elementor-widget-heading\" data-id=\"97c1d6d\" data-element_type=\"widget\" data-e-type=\"widget\" data-widget_type=\"heading.default\">\n\t\t\t\t<div class=\"elementor-widget-container\">\n\t\t\t\t\t<h5 class=\"elementor-heading-title elementor-size-default\">\u00c1REAS DEL DERECHO<\/h5>\t\t\t\t<\/div>\n\t\t\t\t<\/div>\n\t\t\t\t\t<\/div>\n\t\t<\/div>\n\t\t\t\t\t<\/div>\n\t\t<\/section>\n\t\t\t\t<section class=\"elementor-section elementor-top-section elementor-element elementor-element-630d0a9f elementor-section-boxed elementor-section-height-default elementor-section-height-default\" data-id=\"630d0a9f\" data-element_type=\"section\" data-e-type=\"section\">\n\t\t\t\t\t\t<div class=\"elementor-container elementor-column-gap-wide\">\n\t\t\t\t\t<div class=\"elementor-column elementor-col-100 elementor-top-column elementor-element elementor-element-7dcb0ff9\" data-id=\"7dcb0ff9\" data-element_type=\"column\" data-e-type=\"column\">\n\t\t\t<div class=\"elementor-widget-wrap elementor-element-populated\">\n\t\t\t\t\t\t<div class=\"elementor-element elementor-element-19cc1127 elementor-widget elementor-widget-text-editor\" data-id=\"19cc1127\" data-element_type=\"widget\" data-e-type=\"widget\" data-widget_type=\"text-editor.default\">\n\t\t\t\t<div class=\"elementor-widget-container\">\n\t\t\t\t\t\t\t\t\t<p>Todas las empresas exitosas operan sobre la base de contratos adaptados a su negocio espec\u00edfico y dentro de su mercado y sector. Nuestros abogados conocen los factores que impulsan los negocios de nuestros clientes y se basan en ellos para ofrecer soluciones pr\u00e1cticas que protejan los intereses comerciales. Asesoramos sobre una amplia gama de cuestiones jur\u00eddicas y acuerdos relacionados con transacciones nacionales e internacionales.<\/p><p>Ayudamos a nuestros clientes mediante:<\/p><ul><li><strong>La estructuraci\u00f3n y el desarrollo del marco contractual de un negocio<\/strong><\/li><li><strong>Asesoramiento sobre modelos de distribuci\u00f3n y agencia<\/strong><\/li><li><strong>Asesoramiento sobre la normativa tradicional y de comercio electr\u00f3nico<\/strong><\/li><li><strong>Preparaci\u00f3n de contratos est\u00e1ndar o personalizados<\/strong><\/li><li><strong>Asesoramiento y desarrollo de t\u00e9rminos y condiciones generales para modelos B2B y B2C<\/strong><\/li><li><strong>Asistencia en la estructuraci\u00f3n de procesos y modelos de gesti\u00f3n de contratos para la negociaci\u00f3n de contratos estandarizados<\/strong><\/li><li><strong>Representaci\u00f3n de clientes en negociaciones de transacciones comerciales<\/strong><\/li><li><strong>Asesoramiento sobre todos los aspectos jur\u00eddicos de la legislaci\u00f3n b\u00falgara y de la UE<\/strong><\/li><li><strong>Dict\u00e1menes jur\u00eddicos sobre la validez y aplicabilidad de los contratos en Bulgaria<\/strong><\/li><\/ul><p>Nuestro equipo cuenta con una amplia experiencia en el asesoramiento sobre una gran variedad de contratos. A continuaci\u00f3n, se incluye solo una peque\u00f1a muestra de la extensa lista de tipos de contratos, as\u00ed como de t\u00e9rminos y condiciones generales, en los que podemos ayudarle:<\/p><ul><li><strong>Contratos de compraventa de bienes y\/o servicios<\/strong><\/li><li><strong>Contratos de suministro, fabricaci\u00f3n, distribuci\u00f3n, agencia y franquicia<\/strong><\/li><li><strong>Contratos de mercadeo, publicidad y promoci\u00f3n<\/strong><\/li><li><strong>Cooperaci\u00f3n, colaboraci\u00f3n y asociaciones estrat\u00e9gicas<\/strong><\/li><li><strong>Adquisiciones y subcontrataci\u00f3n<\/strong><\/li><li><strong>Desarrollo de propiedad intelectual, concesi\u00f3n de licencias, investigaci\u00f3n, explotaci\u00f3n y acuerdos de coexistencia<\/strong><\/li><\/ul><p>Nuestros conocimientos y experiencia se ampl\u00edan constantemente en diferentes \u00e1reas de negocio y nos sentimos c\u00f3modos asesorando sobre contratos B2B y B2C en una amplia gama de sectores, entre los que se incluyen: industria automotriz; construcci\u00f3n; energ\u00eda y servicios p\u00fablicos; servicios fintech; hoteles, hosteler\u00eda y ocio; infraestructuras y proyectos; farmacia y salud; capital privado y capital riesgo; TMT; comercio minorista y bienes de consumo; desarrollo de software y consultor\u00eda inform\u00e1tica; log\u00edstica y transporte; industria y fabricaci\u00f3n; miner\u00eda y recursos naturales.<\/p>\t\t\t\t\t\t\t\t<\/div>\n\t\t\t\t<\/div>\n\t\t\t\t<div class=\"elementor-element elementor-element-25bf034 elementor-widget elementor-widget-button\" data-id=\"25bf034\" data-element_type=\"widget\" data-e-type=\"widget\" data-widget_type=\"button.default\">\n\t\t\t\t<div class=\"elementor-widget-container\">\n\t\t\t\t\t\t\t\t\t<div class=\"elementor-button-wrapper\">\n\t\t\t\t\t<a class=\"elementor-button elementor-button-link elementor-size-sm\" href=\"https:\/\/kdp-law.com\/es\/especialidades\/\">\n\t\t\t\t\t\t<span class=\"elementor-button-content-wrapper\">\n\t\t\t\t\t\t<span class=\"elementor-button-icon\">\n\t\t\t\t<i aria-hidden=\"true\" class=\"fas fa-long-arrow-alt-left\"><\/i>\t\t\t<\/span>\n\t\t\t\t\t\t\t\t\t<span class=\"elementor-button-text\">ESPECIALIDADES<\/span>\n\t\t\t\t\t<\/span>\n\t\t\t\t\t<\/a>\n\t\t\t\t<\/div>\n\t\t\t\t\t\t\t\t<\/div>\n\t\t\t\t<\/div>\n\t\t\t\t\t<\/div>\n\t\t<\/div>\n\t\t\t\t\t<\/div>\n\t\t<\/section>\n\t\t\t\t<\/div>\n\t\t","protected":false},"excerpt":{"rendered":"<p>\u00c1REAS DEL DERECHO Todas las empresas exitosas operan sobre la base de contratos adaptados a su negocio espec\u00edfico y dentro de su mercado y sector. Nuestros abogados conocen los factores que impulsan los negocios de nuestros clientes y se basan en ellos para ofrecer soluciones pr\u00e1cticas que protejan los intereses comerciales. Asesoramos sobre una amplia [&hellip;]<\/p>\n","protected":false},"author":7,"featured_media":0,"parent":0,"menu_order":0,"comment_status":"closed","ping_status":"closed","template":"","meta":{"site-sidebar-layout":"no-sidebar","site-content-layout":"page-builder","ast-site-content-layout":"full-width-container","site-content-style":"default","site-sidebar-style":"default","ast-global-header-display":"","ast-banner-title-visibility":"","ast-main-header-display":"","ast-hfb-above-header-display":"","ast-hfb-below-header-display":"","ast-hfb-mobile-header-display":"","site-post-title":"disabled","ast-breadcrumbs-content":"","ast-featured-img":"disabled","footer-sml-layout":"","ast-disable-related-posts":"","theme-transparent-header-meta":"","adv-header-id-meta":"","stick-header-meta":"","header-above-stick-meta":"","header-main-stick-meta":"","header-below-stick-meta":"","astra-migrate-meta-layouts":"set","ast-page-background-enabled":"default","ast-page-background-meta":{"desktop":{"background-color":"","background-image":"","background-repeat":"repeat","background-position":"center center","background-size":"auto","background-attachment":"scroll","background-type":"","background-media":"","overlay-type":"","overlay-color":"","overlay-opacity":"","overlay-gradient":""},"tablet":{"background-color":"","background-image":"","background-repeat":"repeat","background-position":"center center","background-size":"auto","background-attachment":"scroll","background-type":"","background-media":"","overlay-type":"","overlay-color":"","overlay-opacity":"","overlay-gradient":""},"mobile":{"background-color":"","background-image":"","background-repeat":"repeat","background-position":"center center","background-size":"auto","background-attachment":"scroll","background-type":"","background-media":"","overlay-type":"","overlay-color":"","overlay-opacity":"","overlay-gradient":""}},"ast-content-background-meta":{"desktop":{"background-color":"var(--ast-global-color-5)","background-image":"","background-repeat":"repeat","background-position":"center center","background-size":"auto","background-attachment":"scroll","background-type":"","background-media":"","overlay-type":"","overlay-color":"","overlay-opacity":"","overlay-gradient":""},"tablet":{"background-color":"var(--ast-global-color-5)","background-image":"","background-repeat":"repeat","background-position":"center center","background-size":"auto","background-attachment":"scroll","background-type":"","background-media":"","overlay-type":"","overlay-color":"","overlay-opacity":"","overlay-gradient":""},"mobile":{"background-color":"var(--ast-global-color-5)","background-image":"","background-repeat":"repeat","background-position":"center center","background-size":"auto","background-attachment":"scroll","background-type":"","background-media":"","overlay-type":"","overlay-color":"","overlay-opacity":"","overlay-gradient":""}},"footnotes":""},"class_list":["post-5313","page","type-page","status-publish","hentry"],"_links":{"self":[{"href":"https:\/\/kdp-law.com\/es\/wp-json\/wp\/v2\/pages\/5313","targetHints":{"allow":["GET"]}}],"collection":[{"href":"https:\/\/kdp-law.com\/es\/wp-json\/wp\/v2\/pages"}],"about":[{"href":"https:\/\/kdp-law.com\/es\/wp-json\/wp\/v2\/types\/page"}],"author":[{"embeddable":true,"href":"https:\/\/kdp-law.com\/es\/wp-json\/wp\/v2\/users\/7"}],"replies":[{"embeddable":true,"href":"https:\/\/kdp-law.com\/es\/wp-json\/wp\/v2\/comments?post=5313"}],"version-history":[{"count":7,"href":"https:\/\/kdp-law.com\/es\/wp-json\/wp\/v2\/pages\/5313\/revisions"}],"predecessor-version":[{"id":5457,"href":"https:\/\/kdp-law.com\/es\/wp-json\/wp\/v2\/pages\/5313\/revisions\/5457"}],"wp:attachment":[{"href":"https:\/\/kdp-law.com\/es\/wp-json\/wp\/v2\/media?parent=5313"}],"curies":[{"name":"wp","href":"https:\/\/api.w.org\/{rel}","templated":true}]}}