{"id":5319,"date":"2024-02-06T15:10:47","date_gmt":"2024-02-06T13:10:47","guid":{"rendered":"https:\/\/kdp-law.com\/competition-antitrust\/"},"modified":"2026-01-10T16:43:56","modified_gmt":"2026-01-10T14:43:56","slug":"competencia-y-antimonopolio","status":"publish","type":"page","link":"https:\/\/kdp-law.com\/es\/competencia-y-antimonopolio\/","title":{"rendered":"Competencia y Antimonopolio"},"content":{"rendered":"\t\t<div data-elementor-type=\"wp-page\" data-elementor-id=\"5319\" class=\"elementor elementor-5319 elementor-4000\" data-elementor-post-type=\"page\">\n\t\t\t\t\t\t<section class=\"elementor-section elementor-top-section elementor-element elementor-element-a640e82 elementor-section-boxed elementor-section-height-default elementor-section-height-default\" data-id=\"a640e82\" data-element_type=\"section\" data-e-type=\"section\" data-settings=\"{&quot;background_background&quot;:&quot;classic&quot;}\">\n\t\t\t\t\t\t\t<div class=\"elementor-background-overlay\"><\/div>\n\t\t\t\t\t\t\t<div class=\"elementor-container elementor-column-gap-wide\">\n\t\t\t\t\t<div class=\"elementor-column elementor-col-100 elementor-top-column elementor-element elementor-element-22feceea\" data-id=\"22feceea\" data-element_type=\"column\" data-e-type=\"column\">\n\t\t\t<div class=\"elementor-widget-wrap elementor-element-populated\">\n\t\t\t\t\t\t<div class=\"elementor-element elementor-element-4132281d elementor-widget elementor-widget-heading\" data-id=\"4132281d\" data-element_type=\"widget\" data-e-type=\"widget\" data-widget_type=\"heading.default\">\n\t\t\t\t<div class=\"elementor-widget-container\">\n\t\t\t\t\t<h5 class=\"elementor-heading-title elementor-size-default\">\u00c1REAS DEL DERECHO<\/h5>\t\t\t\t<\/div>\n\t\t\t\t<\/div>\n\t\t\t\t\t<\/div>\n\t\t<\/div>\n\t\t\t\t\t<\/div>\n\t\t<\/section>\n\t\t\t\t<section class=\"elementor-section elementor-top-section elementor-element elementor-element-5edbb38e elementor-section-boxed elementor-section-height-default elementor-section-height-default\" data-id=\"5edbb38e\" data-element_type=\"section\" data-e-type=\"section\">\n\t\t\t\t\t\t<div class=\"elementor-container elementor-column-gap-wide\">\n\t\t\t\t\t<div class=\"elementor-column elementor-col-100 elementor-top-column elementor-element elementor-element-3594e564\" data-id=\"3594e564\" data-element_type=\"column\" data-e-type=\"column\">\n\t\t\t<div class=\"elementor-widget-wrap elementor-element-populated\">\n\t\t\t\t\t\t<div class=\"elementor-element elementor-element-75915610 elementor-widget elementor-widget-text-editor\" data-id=\"75915610\" data-element_type=\"widget\" data-e-type=\"widget\" data-widget_type=\"text-editor.default\">\n\t\t\t\t<div class=\"elementor-widget-container\">\n\t\t\t\t\t\t\t\t\t<p>El derecho de la competencia es un \u00e1mbito multifac\u00e9tico que garantiza la competencia leal entre las empresas mediante el cumplimiento de la normativa relativa a la defensa de la competencia, el control de las concentraciones, el abuso de posici\u00f3n dominante, la concesi\u00f3n de ayudas estatales y las pr\u00e1cticas comerciales desleales. Para navegar por este complejo campo es necesario comprender en profundidad sus diversos aspectos, tanto desde el punto de vista jur\u00eddico como econ\u00f3mico.<\/p><p>Nuestro equipo especializado en derecho de la competencia cuenta con una amplia experiencia para asesorarle en todos los \u00e1mbitos de este complejo campo, incluyendo:<\/p><ul><li><strong>Restricciones horizontales y verticales<\/strong><\/li><li><strong>Modelos y contratos de agencia y distribuci\u00f3n<\/strong><\/li><li><strong>Investigaciones sobre c\u00e1rteles y pr\u00e1cticas concertadas<\/strong><\/li><li><strong>Estructuraci\u00f3n de modelos de suministro y\/o distribuci\u00f3n<\/strong><\/li><li><strong>Evaluaci\u00f3n preliminar de las concentraciones<\/strong><\/li><li><strong>Autorizaciones de concentraci\u00f3n<\/strong><\/li><li><strong>Abuso de posici\u00f3n dominante<\/strong><\/li><li><strong>Pr\u00e1cticas comerciales desleales<\/strong><\/li><li><strong>Solicitud desleal de clientes, campa\u00f1as promocionales<\/strong><\/li><li><strong>Litigios en materia de competencia<\/strong><\/li><li><strong>Redadas sorpresa y simulacros de redadas sorpresa<\/strong><\/li><li><strong>Comprobaci\u00f3n del correo electr\u00f3nico para garantizar el cumplimiento de las normas de competencia<\/strong><\/li><\/ul><p>Somos un equipo que valora la dedicaci\u00f3n y la profesionalidad en materia de competencia y antimonopolio. Esperamos poder convertirnos en su socio de confianza en esta \u00e1rea de pr\u00e1ctica.<\/p>\t\t\t\t\t\t\t\t<\/div>\n\t\t\t\t<\/div>\n\t\t\t\t<div class=\"elementor-element elementor-element-b36638c elementor-widget elementor-widget-button\" data-id=\"b36638c\" data-element_type=\"widget\" data-e-type=\"widget\" data-widget_type=\"button.default\">\n\t\t\t\t<div class=\"elementor-widget-container\">\n\t\t\t\t\t\t\t\t\t<div class=\"elementor-button-wrapper\">\n\t\t\t\t\t<a class=\"elementor-button elementor-button-link elementor-size-sm\" href=\"https:\/\/kdp-law.com\/es\/especialidades\/\">\n\t\t\t\t\t\t<span class=\"elementor-button-content-wrapper\">\n\t\t\t\t\t\t<span class=\"elementor-button-icon\">\n\t\t\t\t<i aria-hidden=\"true\" class=\"fas fa-long-arrow-alt-left\"><\/i>\t\t\t<\/span>\n\t\t\t\t\t\t\t\t\t<span class=\"elementor-button-text\">ESPECIALIDADES<\/span>\n\t\t\t\t\t<\/span>\n\t\t\t\t\t<\/a>\n\t\t\t\t<\/div>\n\t\t\t\t\t\t\t\t<\/div>\n\t\t\t\t<\/div>\n\t\t\t\t\t<\/div>\n\t\t<\/div>\n\t\t\t\t\t<\/div>\n\t\t<\/section>\n\t\t\t\t<\/div>\n\t\t","protected":false},"excerpt":{"rendered":"<p>\u00c1REAS DEL DERECHO El derecho de la competencia es un \u00e1mbito multifac\u00e9tico que garantiza la competencia leal entre las empresas mediante el cumplimiento de la normativa relativa a la defensa de la competencia, el control de las concentraciones, el abuso de posici\u00f3n dominante, la concesi\u00f3n de ayudas estatales y las pr\u00e1cticas comerciales desleales. Para navegar [&hellip;]<\/p>\n","protected":false},"author":7,"featured_media":0,"parent":0,"menu_order":0,"comment_status":"closed","ping_status":"closed","template":"","meta":{"site-sidebar-layout":"no-sidebar","site-content-layout":"page-builder","ast-site-content-layout":"full-width-container","site-content-style":"default","site-sidebar-style":"default","ast-global-header-display":"","ast-banner-title-visibility":"","ast-main-header-display":"","ast-hfb-above-header-display":"","ast-hfb-below-header-display":"","ast-hfb-mobile-header-display":"","site-post-title":"disabled","ast-breadcrumbs-content":"","ast-featured-img":"disabled","footer-sml-layout":"","ast-disable-related-posts":"","theme-transparent-header-meta":"","adv-header-id-meta":"","stick-header-meta":"","header-above-stick-meta":"","header-main-stick-meta":"","header-below-stick-meta":"","astra-migrate-meta-layouts":"set","ast-page-background-enabled":"default","ast-page-background-meta":{"desktop":{"background-color":"","background-image":"","background-repeat":"repeat","background-position":"center center","background-size":"auto","background-attachment":"scroll","background-type":"","background-media":"","overlay-type":"","overlay-color":"","overlay-opacity":"","overlay-gradient":""},"tablet":{"background-color":"","background-image":"","background-repeat":"repeat","background-position":"center center","background-size":"auto","background-attachment":"scroll","background-type":"","background-media":"","overlay-type":"","overlay-color":"","overlay-opacity":"","overlay-gradient":""},"mobile":{"background-color":"","background-image":"","background-repeat":"repeat","background-position":"center center","background-size":"auto","background-attachment":"scroll","background-type":"","background-media":"","overlay-type":"","overlay-color":"","overlay-opacity":"","overlay-gradient":""}},"ast-content-background-meta":{"desktop":{"background-color":"var(--ast-global-color-5)","background-image":"","background-repeat":"repeat","background-position":"center center","background-size":"auto","background-attachment":"scroll","background-type":"","background-media":"","overlay-type":"","overlay-color":"","overlay-opacity":"","overlay-gradient":""},"tablet":{"background-color":"var(--ast-global-color-5)","background-image":"","background-repeat":"repeat","background-position":"center center","background-size":"auto","background-attachment":"scroll","background-type":"","background-media":"","overlay-type":"","overlay-color":"","overlay-opacity":"","overlay-gradient":""},"mobile":{"background-color":"var(--ast-global-color-5)","background-image":"","background-repeat":"repeat","background-position":"center center","background-size":"auto","background-attachment":"scroll","background-type":"","background-media":"","overlay-type":"","overlay-color":"","overlay-opacity":"","overlay-gradient":""}},"footnotes":""},"class_list":["post-5319","page","type-page","status-publish","hentry"],"_links":{"self":[{"href":"https:\/\/kdp-law.com\/es\/wp-json\/wp\/v2\/pages\/5319","targetHints":{"allow":["GET"]}}],"collection":[{"href":"https:\/\/kdp-law.com\/es\/wp-json\/wp\/v2\/pages"}],"about":[{"href":"https:\/\/kdp-law.com\/es\/wp-json\/wp\/v2\/types\/page"}],"author":[{"embeddable":true,"href":"https:\/\/kdp-law.com\/es\/wp-json\/wp\/v2\/users\/7"}],"replies":[{"embeddable":true,"href":"https:\/\/kdp-law.com\/es\/wp-json\/wp\/v2\/comments?post=5319"}],"version-history":[{"count":7,"href":"https:\/\/kdp-law.com\/es\/wp-json\/wp\/v2\/pages\/5319\/revisions"}],"predecessor-version":[{"id":5460,"href":"https:\/\/kdp-law.com\/es\/wp-json\/wp\/v2\/pages\/5319\/revisions\/5460"}],"wp:attachment":[{"href":"https:\/\/kdp-law.com\/es\/wp-json\/wp\/v2\/media?parent=5319"}],"curies":[{"name":"wp","href":"https:\/\/api.w.org\/{rel}","templated":true}]}}