{"id":5324,"date":"2024-02-06T15:14:55","date_gmt":"2024-02-06T13:14:55","guid":{"rendered":"https:\/\/kdp-law.com\/corporate-law\/"},"modified":"2026-01-10T16:43:58","modified_gmt":"2026-01-10T14:43:58","slug":"derecho-corporativo","status":"publish","type":"page","link":"https:\/\/kdp-law.com\/es\/derecho-corporativo\/","title":{"rendered":"Derecho corporativo"},"content":{"rendered":"\t\t<div data-elementor-type=\"wp-page\" data-elementor-id=\"5324\" class=\"elementor elementor-5324 elementor-4006\" data-elementor-post-type=\"page\">\n\t\t\t\t\t\t<section class=\"elementor-section elementor-top-section elementor-element elementor-element-3fdf2b0f elementor-section-boxed elementor-section-height-default elementor-section-height-default\" data-id=\"3fdf2b0f\" data-element_type=\"section\" data-e-type=\"section\" data-settings=\"{&quot;background_background&quot;:&quot;classic&quot;}\">\n\t\t\t\t\t\t\t<div class=\"elementor-background-overlay\"><\/div>\n\t\t\t\t\t\t\t<div class=\"elementor-container elementor-column-gap-wide\">\n\t\t\t\t\t<div class=\"elementor-column elementor-col-100 elementor-top-column elementor-element elementor-element-4956c5c9\" data-id=\"4956c5c9\" data-element_type=\"column\" data-e-type=\"column\">\n\t\t\t<div class=\"elementor-widget-wrap elementor-element-populated\">\n\t\t\t\t\t\t<div class=\"elementor-element elementor-element-7f0c7e86 elementor-widget elementor-widget-heading\" data-id=\"7f0c7e86\" data-element_type=\"widget\" data-e-type=\"widget\" data-widget_type=\"heading.default\">\n\t\t\t\t<div class=\"elementor-widget-container\">\n\t\t\t\t\t<h5 class=\"elementor-heading-title elementor-size-default\">\u00c1REAS DEL DERECHO<\/h5>\t\t\t\t<\/div>\n\t\t\t\t<\/div>\n\t\t\t\t\t<\/div>\n\t\t<\/div>\n\t\t\t\t\t<\/div>\n\t\t<\/section>\n\t\t\t\t<section class=\"elementor-section elementor-top-section elementor-element elementor-element-13150828 elementor-section-boxed elementor-section-height-default elementor-section-height-default\" data-id=\"13150828\" data-element_type=\"section\" data-e-type=\"section\">\n\t\t\t\t\t\t<div class=\"elementor-container elementor-column-gap-wide\">\n\t\t\t\t\t<div class=\"elementor-column elementor-col-100 elementor-top-column elementor-element elementor-element-d2da41f\" data-id=\"d2da41f\" data-element_type=\"column\" data-e-type=\"column\">\n\t\t\t<div class=\"elementor-widget-wrap elementor-element-populated\">\n\t\t\t\t\t\t<div class=\"elementor-element elementor-element-164b53d6 elementor-widget elementor-widget-text-editor\" data-id=\"164b53d6\" data-element_type=\"widget\" data-e-type=\"widget\" data-widget_type=\"text-editor.default\">\n\t\t\t\t<div class=\"elementor-widget-container\">\n\t\t\t\t\t\t\t\t\t<p>El derecho corporativo ayuda a establecer y mantener la estructura corporativa m\u00e1s adecuada para una empresa. La gu\u00eda experta es esencial para navegar con \u00e9xito por sus complejidades y dirigir una empresa.<\/p><p>Nuestra firma est\u00e1 bien equipada para ayudarle en este campo. A continuaci\u00f3n, le ofrecemos una descripci\u00f3n general de nuestros servicios:<\/p><ul><li><strong>Asesoramiento sobre estructuras y gobierno corporativos<\/strong><\/li><li><strong>Constituci\u00f3n de sociedades<\/strong><\/li><li><strong>Establecimiento de sucursales y oficinas de representaci\u00f3n<\/strong><\/li><li><strong>Cambios y reestructuraciones corporativas<\/strong><\/li><li><strong>Gesti\u00f3n y representaci\u00f3n de sociedades<\/strong><\/li><li><strong>Responsabilidad de los directores<\/strong><\/li><li><strong>Conversiones de deuda en capital<\/strong><\/li><li><strong>Canje de acciones<\/strong><\/li><li><strong>Incentivos para directores y empleados, planes de opciones sobre acciones<\/strong><\/li><li><strong>Establecimiento de pignoraciones de acciones y empresas<\/strong><\/li><li><strong>Divulgaciones obligatorias ante el Registro Comercial (incluido el UBO)<\/strong><\/li><li><strong>Fusiones y reorganizaciones<\/strong><\/li><li><strong>Liquidaci\u00f3n de sociedades, cierre de sucursales y oficinas de representaci\u00f3n<\/strong><\/li><\/ul><p>Somos un equipo de profesionales que trabajamos con diligencia en el \u00e1mbito del derecho corporativo. Nuestro objetivo es gestionar de manera eficaz y eficiente los complejos casos corporativos de nuestros clientes. Nos gustar\u00eda colaborar con usted en este viaje.<\/p>\t\t\t\t\t\t\t\t<\/div>\n\t\t\t\t<\/div>\n\t\t\t\t<div class=\"elementor-element elementor-element-c5e79a7 elementor-widget elementor-widget-button\" data-id=\"c5e79a7\" data-element_type=\"widget\" data-e-type=\"widget\" data-widget_type=\"button.default\">\n\t\t\t\t<div class=\"elementor-widget-container\">\n\t\t\t\t\t\t\t\t\t<div class=\"elementor-button-wrapper\">\n\t\t\t\t\t<a class=\"elementor-button elementor-button-link elementor-size-sm\" href=\"https:\/\/kdp-law.com\/es\/especialidades\/\">\n\t\t\t\t\t\t<span class=\"elementor-button-content-wrapper\">\n\t\t\t\t\t\t<span class=\"elementor-button-icon\">\n\t\t\t\t<i aria-hidden=\"true\" class=\"fas fa-long-arrow-alt-left\"><\/i>\t\t\t<\/span>\n\t\t\t\t\t\t\t\t\t<span class=\"elementor-button-text\">ESPECIALIDADES<\/span>\n\t\t\t\t\t<\/span>\n\t\t\t\t\t<\/a>\n\t\t\t\t<\/div>\n\t\t\t\t\t\t\t\t<\/div>\n\t\t\t\t<\/div>\n\t\t\t\t\t<\/div>\n\t\t<\/div>\n\t\t\t\t\t<\/div>\n\t\t<\/section>\n\t\t\t\t<\/div>\n\t\t","protected":false},"excerpt":{"rendered":"<p>\u00c1REAS DEL DERECHO El derecho corporativo ayuda a establecer y mantener la estructura corporativa m\u00e1s adecuada para una empresa. La gu\u00eda experta es esencial para navegar con \u00e9xito por sus complejidades y dirigir una empresa. Nuestra firma est\u00e1 bien equipada para ayudarle en este campo. A continuaci\u00f3n, le ofrecemos una descripci\u00f3n general de nuestros servicios: [&hellip;]<\/p>\n","protected":false},"author":7,"featured_media":0,"parent":0,"menu_order":0,"comment_status":"closed","ping_status":"closed","template":"","meta":{"site-sidebar-layout":"no-sidebar","site-content-layout":"page-builder","ast-site-content-layout":"full-width-container","site-content-style":"default","site-sidebar-style":"default","ast-global-header-display":"","ast-banner-title-visibility":"","ast-main-header-display":"","ast-hfb-above-header-display":"","ast-hfb-below-header-display":"","ast-hfb-mobile-header-display":"","site-post-title":"disabled","ast-breadcrumbs-content":"","ast-featured-img":"disabled","footer-sml-layout":"","ast-disable-related-posts":"","theme-transparent-header-meta":"","adv-header-id-meta":"","stick-header-meta":"","header-above-stick-meta":"","header-main-stick-meta":"","header-below-stick-meta":"","astra-migrate-meta-layouts":"set","ast-page-background-enabled":"default","ast-page-background-meta":{"desktop":{"background-color":"","background-image":"","background-repeat":"repeat","background-position":"center center","background-size":"auto","background-attachment":"scroll","background-type":"","background-media":"","overlay-type":"","overlay-color":"","overlay-opacity":"","overlay-gradient":""},"tablet":{"background-color":"","background-image":"","background-repeat":"repeat","background-position":"center center","background-size":"auto","background-attachment":"scroll","background-type":"","background-media":"","overlay-type":"","overlay-color":"","overlay-opacity":"","overlay-gradient":""},"mobile":{"background-color":"","background-image":"","background-repeat":"repeat","background-position":"center center","background-size":"auto","background-attachment":"scroll","background-type":"","background-media":"","overlay-type":"","overlay-color":"","overlay-opacity":"","overlay-gradient":""}},"ast-content-background-meta":{"desktop":{"background-color":"var(--ast-global-color-5)","background-image":"","background-repeat":"repeat","background-position":"center center","background-size":"auto","background-attachment":"scroll","background-type":"","background-media":"","overlay-type":"","overlay-color":"","overlay-opacity":"","overlay-gradient":""},"tablet":{"background-color":"var(--ast-global-color-5)","background-image":"","background-repeat":"repeat","background-position":"center center","background-size":"auto","background-attachment":"scroll","background-type":"","background-media":"","overlay-type":"","overlay-color":"","overlay-opacity":"","overlay-gradient":""},"mobile":{"background-color":"var(--ast-global-color-5)","background-image":"","background-repeat":"repeat","background-position":"center center","background-size":"auto","background-attachment":"scroll","background-type":"","background-media":"","overlay-type":"","overlay-color":"","overlay-opacity":"","overlay-gradient":""}},"footnotes":""},"class_list":["post-5324","page","type-page","status-publish","hentry"],"_links":{"self":[{"href":"https:\/\/kdp-law.com\/es\/wp-json\/wp\/v2\/pages\/5324","targetHints":{"allow":["GET"]}}],"collection":[{"href":"https:\/\/kdp-law.com\/es\/wp-json\/wp\/v2\/pages"}],"about":[{"href":"https:\/\/kdp-law.com\/es\/wp-json\/wp\/v2\/types\/page"}],"author":[{"embeddable":true,"href":"https:\/\/kdp-law.com\/es\/wp-json\/wp\/v2\/users\/7"}],"replies":[{"embeddable":true,"href":"https:\/\/kdp-law.com\/es\/wp-json\/wp\/v2\/comments?post=5324"}],"version-history":[{"count":7,"href":"https:\/\/kdp-law.com\/es\/wp-json\/wp\/v2\/pages\/5324\/revisions"}],"predecessor-version":[{"id":5463,"href":"https:\/\/kdp-law.com\/es\/wp-json\/wp\/v2\/pages\/5324\/revisions\/5463"}],"wp:attachment":[{"href":"https:\/\/kdp-law.com\/es\/wp-json\/wp\/v2\/media?parent=5324"}],"curies":[{"name":"wp","href":"https:\/\/api.w.org\/{rel}","templated":true}]}}