{"id":5329,"date":"2024-02-06T15:19:50","date_gmt":"2024-02-06T13:19:50","guid":{"rendered":"https:\/\/kdp-law.com\/employment-law\/"},"modified":"2026-01-10T16:44:03","modified_gmt":"2026-01-10T14:44:03","slug":"derecho-laboral","status":"publish","type":"page","link":"https:\/\/kdp-law.com\/es\/derecho-laboral\/","title":{"rendered":"Derecho laboral"},"content":{"rendered":"\t\t<div data-elementor-type=\"wp-page\" data-elementor-id=\"5329\" class=\"elementor elementor-5329 elementor-4012\" data-elementor-post-type=\"page\">\n\t\t\t\t\t\t<section class=\"elementor-section elementor-top-section elementor-element elementor-element-2eef08ba elementor-section-boxed elementor-section-height-default elementor-section-height-default\" data-id=\"2eef08ba\" data-element_type=\"section\" data-e-type=\"section\" data-settings=\"{&quot;background_background&quot;:&quot;classic&quot;}\">\n\t\t\t\t\t\t\t<div class=\"elementor-background-overlay\"><\/div>\n\t\t\t\t\t\t\t<div class=\"elementor-container elementor-column-gap-wide\">\n\t\t\t\t\t<div class=\"elementor-column elementor-col-100 elementor-top-column elementor-element elementor-element-4c5ff581\" data-id=\"4c5ff581\" data-element_type=\"column\" data-e-type=\"column\">\n\t\t\t<div class=\"elementor-widget-wrap elementor-element-populated\">\n\t\t\t\t\t\t<div class=\"elementor-element elementor-element-26b9511f elementor-widget elementor-widget-heading\" data-id=\"26b9511f\" data-element_type=\"widget\" data-e-type=\"widget\" data-widget_type=\"heading.default\">\n\t\t\t\t<div class=\"elementor-widget-container\">\n\t\t\t\t\t<h5 class=\"elementor-heading-title elementor-size-default\">\u00c1REAS DEL DERECHO<\/h5>\t\t\t\t<\/div>\n\t\t\t\t<\/div>\n\t\t\t\t\t<\/div>\n\t\t<\/div>\n\t\t\t\t\t<\/div>\n\t\t<\/section>\n\t\t\t\t<section class=\"elementor-section elementor-top-section elementor-element elementor-element-7232a7f3 elementor-section-boxed elementor-section-height-default elementor-section-height-default\" data-id=\"7232a7f3\" data-element_type=\"section\" data-e-type=\"section\">\n\t\t\t\t\t\t<div class=\"elementor-container elementor-column-gap-wide\">\n\t\t\t\t\t<div class=\"elementor-column elementor-col-100 elementor-top-column elementor-element elementor-element-55434072\" data-id=\"55434072\" data-element_type=\"column\" data-e-type=\"column\">\n\t\t\t<div class=\"elementor-widget-wrap elementor-element-populated\">\n\t\t\t\t\t\t<div class=\"elementor-element elementor-element-655bb85f elementor-widget elementor-widget-text-editor\" data-id=\"655bb85f\" data-element_type=\"widget\" data-e-type=\"widget\" data-widget_type=\"text-editor.default\">\n\t\t\t\t<div class=\"elementor-widget-container\">\n\t\t\t\t\t\t\t\t\t<p>El derecho laboral es un \u00e1mbito fundamental para cualquier empresa, ya que incluso los procesos m\u00e1s avanzados tecnol\u00f3gicamente y digitalizados requieren el uso de mano de obra humana. El cumplimiento de la legislaci\u00f3n laboral es lo primero que debe hacerse tras la constituci\u00f3n de una nueva empresa y antes de iniciar cualquier actividad. Regula los derechos y obligaciones dentro de la relaci\u00f3n entre el empleador y el empleado, incluyendo la salud y la seguridad en el lugar de trabajo, la formaci\u00f3n de los salarios, los requisitos de horario laboral, el teletrabajo, etc. El derecho laboral abarca adem\u00e1s una amplia gama de cuestiones jur\u00eddicas, como la discriminaci\u00f3n y el acoso en el lugar de trabajo, la protecci\u00f3n de los denunciantes y el tratamiento de datos personales en el contexto laboral. Para desenvolverse en este complejo \u00e1mbito jur\u00eddico se requieren conocimientos y experiencia especializados.<\/p><p>Nuestro equipo de reconocidos expertos en materia de empleo en Bulgaria est\u00e1 preparado para asesorarle durante todo el ciclo laboral, desde la creaci\u00f3n inicial de su empresa hasta cualquier tipo de reestructuraci\u00f3n, que pueda implicar el traslado autom\u00e1tico de empleados o despidos colectivos. A continuaci\u00f3n, le ofrecemos una descripci\u00f3n general de nuestros servicios principales:<\/p><ul><li><strong>Redacci\u00f3n de contratos de trabajo<\/strong><\/li><li><strong>Redacci\u00f3n de pol\u00edticas y reglamentos internos<\/strong><\/li><li><strong>Asesoramiento sobre prestaciones y planes de compensaci\u00f3n para empleados<\/strong><\/li><li><strong>Asesoramiento sobre movilidad laboral dentro de la Uni\u00f3n Europea y desde terceros pa\u00edses<\/strong><\/li><li><strong>Asesoramiento y negociaci\u00f3n sobre la terminaci\u00f3n de relaciones laborales<\/strong><\/li><li><strong>Asesoramiento y ejecuci\u00f3n de despidos colectivos<\/strong><\/li><li><strong>Asesoramiento sobre cuestiones de protecci\u00f3n de datos personales en el contexto laboral<\/strong><\/li><li><strong>Cumplimiento normativo, incluida la protecci\u00f3n de los denunciantes<\/strong><\/li><li><strong>Diligencia debida en materia laboral<\/strong><\/li><li><strong>Asesoramiento en investigaciones realizadas por autoridades, incluida la Inspecci\u00f3n de Trabajo, la Comisi\u00f3n de Protecci\u00f3n de Datos Personales y la Comisi\u00f3n de Protecci\u00f3n contra la Discriminaci\u00f3n. Litigios y mediaci\u00f3n en materia laboral<\/strong><\/li><li><strong>Denuncias por discriminaci\u00f3n y acoso<\/strong><\/li><li><strong>Formaci\u00f3n personalizada, individual y en grupo, sobre cuestiones de derecho laboral<\/strong><\/li><li><strong>Asesoramiento sobre la protecci\u00f3n de los empleados en casos de transferencia de empresas<\/strong><\/li><\/ul><p>Nuestro bufete es reconocido por su trabajo en el \u00e1mbito del derecho laboral. Hemos demostrado nuestra capacidad para gestionar con eficacia investigaciones y litigios complejos en materia de derecho laboral. Perm\u00edtanos ser su socio de confianza para orientarle en el mundo del derecho laboral b\u00falgaro.<\/p>\t\t\t\t\t\t\t\t<\/div>\n\t\t\t\t<\/div>\n\t\t\t\t<div class=\"elementor-element elementor-element-1663ac1 elementor-widget elementor-widget-button\" data-id=\"1663ac1\" data-element_type=\"widget\" data-e-type=\"widget\" data-widget_type=\"button.default\">\n\t\t\t\t<div class=\"elementor-widget-container\">\n\t\t\t\t\t\t\t\t\t<div class=\"elementor-button-wrapper\">\n\t\t\t\t\t<a class=\"elementor-button elementor-button-link elementor-size-sm\" href=\"https:\/\/kdp-law.com\/es\/especialidades\/\">\n\t\t\t\t\t\t<span class=\"elementor-button-content-wrapper\">\n\t\t\t\t\t\t<span class=\"elementor-button-icon\">\n\t\t\t\t<i aria-hidden=\"true\" class=\"fas fa-long-arrow-alt-left\"><\/i>\t\t\t<\/span>\n\t\t\t\t\t\t\t\t\t<span class=\"elementor-button-text\">ESPECIALIDADES<\/span>\n\t\t\t\t\t<\/span>\n\t\t\t\t\t<\/a>\n\t\t\t\t<\/div>\n\t\t\t\t\t\t\t\t<\/div>\n\t\t\t\t<\/div>\n\t\t\t\t\t<\/div>\n\t\t<\/div>\n\t\t\t\t\t<\/div>\n\t\t<\/section>\n\t\t\t\t<\/div>\n\t\t","protected":false},"excerpt":{"rendered":"<p>\u00c1REAS DEL DERECHO El derecho laboral es un \u00e1mbito fundamental para cualquier empresa, ya que incluso los procesos m\u00e1s avanzados tecnol\u00f3gicamente y digitalizados requieren el uso de mano de obra humana. El cumplimiento de la legislaci\u00f3n laboral es lo primero que debe hacerse tras la constituci\u00f3n de una nueva empresa y antes de iniciar cualquier [&hellip;]<\/p>\n","protected":false},"author":7,"featured_media":0,"parent":0,"menu_order":0,"comment_status":"closed","ping_status":"closed","template":"","meta":{"site-sidebar-layout":"no-sidebar","site-content-layout":"page-builder","ast-site-content-layout":"full-width-container","site-content-style":"default","site-sidebar-style":"default","ast-global-header-display":"","ast-banner-title-visibility":"","ast-main-header-display":"","ast-hfb-above-header-display":"","ast-hfb-below-header-display":"","ast-hfb-mobile-header-display":"","site-post-title":"disabled","ast-breadcrumbs-content":"","ast-featured-img":"disabled","footer-sml-layout":"","ast-disable-related-posts":"","theme-transparent-header-meta":"","adv-header-id-meta":"","stick-header-meta":"","header-above-stick-meta":"","header-main-stick-meta":"","header-below-stick-meta":"","astra-migrate-meta-layouts":"set","ast-page-background-enabled":"default","ast-page-background-meta":{"desktop":{"background-color":"","background-image":"","background-repeat":"repeat","background-position":"center center","background-size":"auto","background-attachment":"scroll","background-type":"","background-media":"","overlay-type":"","overlay-color":"","overlay-opacity":"","overlay-gradient":""},"tablet":{"background-color":"","background-image":"","background-repeat":"repeat","background-position":"center center","background-size":"auto","background-attachment":"scroll","background-type":"","background-media":"","overlay-type":"","overlay-color":"","overlay-opacity":"","overlay-gradient":""},"mobile":{"background-color":"","background-image":"","background-repeat":"repeat","background-position":"center center","background-size":"auto","background-attachment":"scroll","background-type":"","background-media":"","overlay-type":"","overlay-color":"","overlay-opacity":"","overlay-gradient":""}},"ast-content-background-meta":{"desktop":{"background-color":"var(--ast-global-color-5)","background-image":"","background-repeat":"repeat","background-position":"center center","background-size":"auto","background-attachment":"scroll","background-type":"","background-media":"","overlay-type":"","overlay-color":"","overlay-opacity":"","overlay-gradient":""},"tablet":{"background-color":"var(--ast-global-color-5)","background-image":"","background-repeat":"repeat","background-position":"center center","background-size":"auto","background-attachment":"scroll","background-type":"","background-media":"","overlay-type":"","overlay-color":"","overlay-opacity":"","overlay-gradient":""},"mobile":{"background-color":"var(--ast-global-color-5)","background-image":"","background-repeat":"repeat","background-position":"center center","background-size":"auto","background-attachment":"scroll","background-type":"","background-media":"","overlay-type":"","overlay-color":"","overlay-opacity":"","overlay-gradient":""}},"footnotes":""},"class_list":["post-5329","page","type-page","status-publish","hentry"],"_links":{"self":[{"href":"https:\/\/kdp-law.com\/es\/wp-json\/wp\/v2\/pages\/5329","targetHints":{"allow":["GET"]}}],"collection":[{"href":"https:\/\/kdp-law.com\/es\/wp-json\/wp\/v2\/pages"}],"about":[{"href":"https:\/\/kdp-law.com\/es\/wp-json\/wp\/v2\/types\/page"}],"author":[{"embeddable":true,"href":"https:\/\/kdp-law.com\/es\/wp-json\/wp\/v2\/users\/7"}],"replies":[{"embeddable":true,"href":"https:\/\/kdp-law.com\/es\/wp-json\/wp\/v2\/comments?post=5329"}],"version-history":[{"count":7,"href":"https:\/\/kdp-law.com\/es\/wp-json\/wp\/v2\/pages\/5329\/revisions"}],"predecessor-version":[{"id":5466,"href":"https:\/\/kdp-law.com\/es\/wp-json\/wp\/v2\/pages\/5329\/revisions\/5466"}],"wp:attachment":[{"href":"https:\/\/kdp-law.com\/es\/wp-json\/wp\/v2\/media?parent=5329"}],"curies":[{"name":"wp","href":"https:\/\/api.w.org\/{rel}","templated":true}]}}