{"id":5344,"date":"2024-02-06T15:25:07","date_gmt":"2024-02-06T13:25:07","guid":{"rendered":"https:\/\/kdp-law.com\/litigation-arbitration\/"},"modified":"2026-01-10T16:45:50","modified_gmt":"2026-01-10T14:45:50","slug":"litigio-y-arbitraje","status":"publish","type":"page","link":"https:\/\/kdp-law.com\/es\/litigio-y-arbitraje\/","title":{"rendered":"Litigio y arbitraje"},"content":{"rendered":"\t\t<div data-elementor-type=\"wp-page\" data-elementor-id=\"5344\" class=\"elementor elementor-5344 elementor-4032\" data-elementor-post-type=\"page\">\n\t\t\t\t\t\t<section class=\"elementor-section elementor-top-section elementor-element elementor-element-7295274f elementor-section-boxed elementor-section-height-default elementor-section-height-default\" data-id=\"7295274f\" data-element_type=\"section\" data-e-type=\"section\" data-settings=\"{&quot;background_background&quot;:&quot;classic&quot;}\">\n\t\t\t\t\t\t\t<div class=\"elementor-background-overlay\"><\/div>\n\t\t\t\t\t\t\t<div class=\"elementor-container elementor-column-gap-wide\">\n\t\t\t\t\t<div class=\"elementor-column elementor-col-100 elementor-top-column elementor-element elementor-element-6b2fd224\" data-id=\"6b2fd224\" data-element_type=\"column\" data-e-type=\"column\">\n\t\t\t<div class=\"elementor-widget-wrap elementor-element-populated\">\n\t\t\t\t\t\t<div class=\"elementor-element elementor-element-31837253 elementor-widget elementor-widget-heading\" data-id=\"31837253\" data-element_type=\"widget\" data-e-type=\"widget\" data-widget_type=\"heading.default\">\n\t\t\t\t<div class=\"elementor-widget-container\">\n\t\t\t\t\t<h5 class=\"elementor-heading-title elementor-size-default\">\u00c1REAS DEL DERECHO<\/h5>\t\t\t\t<\/div>\n\t\t\t\t<\/div>\n\t\t\t\t\t<\/div>\n\t\t<\/div>\n\t\t\t\t\t<\/div>\n\t\t<\/section>\n\t\t\t\t<section class=\"elementor-section elementor-top-section elementor-element elementor-element-637a82c5 elementor-section-boxed elementor-section-height-default elementor-section-height-default\" data-id=\"637a82c5\" data-element_type=\"section\" data-e-type=\"section\">\n\t\t\t\t\t\t<div class=\"elementor-container elementor-column-gap-wide\">\n\t\t\t\t\t<div class=\"elementor-column elementor-col-100 elementor-top-column elementor-element elementor-element-6ba1e523\" data-id=\"6ba1e523\" data-element_type=\"column\" data-e-type=\"column\">\n\t\t\t<div class=\"elementor-widget-wrap elementor-element-populated\">\n\t\t\t\t\t\t<div class=\"elementor-element elementor-element-23a5d044 elementor-widget elementor-widget-text-editor\" data-id=\"23a5d044\" data-element_type=\"widget\" data-e-type=\"widget\" data-widget_type=\"text-editor.default\">\n\t\t\t\t<div class=\"elementor-widget-container\">\n\t\t\t\t\t\t\t\t\t<p>Nuestra pr\u00e1ctica de Litigios y Arbitraje se ocupa de la resoluci\u00f3n de disputas en los tribunales (litigios) o mediante m\u00e9todos alternativos de resoluci\u00f3n de disputas (por ejemplo, arbitraje, mediaci\u00f3n, etc.). Implica un profundo conocimiento de los principios jur\u00eddicos, las normas procesales, las t\u00e1cticas de presi\u00f3n y las negociaciones.<\/p><p>Nuestro bufete puede ayudarle a maniobrar a trav\u00e9s de las complejidades de la disciplina.<\/p><p>C\u00f3mo podemos ayudarle:<\/p><ul><li><strong>An\u00e1lisis preliminar de los casos<\/strong><\/li><li><strong>Elaboraci\u00f3n de la estrategia del demandante o del demandado<\/strong><\/li><li><strong>Investigaci\u00f3n preliminar y entrevistas para recopilar pruebas y datos que respalden el caso<\/strong><\/li><li><strong>Representaci\u00f3n ante el tribunal, el \u00f3rgano arbitral o el \u00f3rgano administrativo competente<\/strong><\/li><li><strong>Redacci\u00f3n de demandas, objeciones, apelaciones, etc.<\/strong><\/li><li><strong>Redacci\u00f3n y negociaci\u00f3n de acuerdos extrajudiciales<\/strong><\/li><li><strong>Asistencia en procedimientos de ejecuci\u00f3n<\/strong><\/li><li><strong>Asistencia en el reconocimiento y la ejecuci\u00f3n de resoluciones judiciales y laudos arbitrales extranjeros<\/strong><\/li><li><strong>Asistencia y representaci\u00f3n en procedimientos de mediaci\u00f3n<\/strong><\/li><\/ul><p>Los miembros de nuestro equipo tienen experiencia en litigios en todas las principales \u00e1reas del derecho, incluyendo el derecho administrativo, mercantil, laboral, societario, inmobiliario, de la competencia, etc. Hemos representado a clientes ante tribunales arbitrales nacionales e internacionales, incluyendo disputas de arbitraje entre inversores y Estados. Tambi\u00e9n hemos actuado ante el Tribunal de Justicia de la Uni\u00f3n Europea.<\/p>\t\t\t\t\t\t\t\t<\/div>\n\t\t\t\t<\/div>\n\t\t\t\t<div class=\"elementor-element elementor-element-c05530c elementor-widget elementor-widget-button\" data-id=\"c05530c\" data-element_type=\"widget\" data-e-type=\"widget\" data-widget_type=\"button.default\">\n\t\t\t\t<div class=\"elementor-widget-container\">\n\t\t\t\t\t\t\t\t\t<div class=\"elementor-button-wrapper\">\n\t\t\t\t\t<a class=\"elementor-button elementor-button-link elementor-size-sm\" href=\"https:\/\/kdp-law.com\/es\/especialidades\/\">\n\t\t\t\t\t\t<span class=\"elementor-button-content-wrapper\">\n\t\t\t\t\t\t<span class=\"elementor-button-icon\">\n\t\t\t\t<i aria-hidden=\"true\" class=\"fas fa-long-arrow-alt-left\"><\/i>\t\t\t<\/span>\n\t\t\t\t\t\t\t\t\t<span class=\"elementor-button-text\">ESPECIALIDADES<\/span>\n\t\t\t\t\t<\/span>\n\t\t\t\t\t<\/a>\n\t\t\t\t<\/div>\n\t\t\t\t\t\t\t\t<\/div>\n\t\t\t\t<\/div>\n\t\t\t\t\t<\/div>\n\t\t<\/div>\n\t\t\t\t\t<\/div>\n\t\t<\/section>\n\t\t\t\t<\/div>\n\t\t","protected":false},"excerpt":{"rendered":"<p>\u00c1REAS DEL DERECHO Nuestra pr\u00e1ctica de Litigios y Arbitraje se ocupa de la resoluci\u00f3n de disputas en los tribunales (litigios) o mediante m\u00e9todos alternativos de resoluci\u00f3n de disputas (por ejemplo, arbitraje, mediaci\u00f3n, etc.). Implica un profundo conocimiento de los principios jur\u00eddicos, las normas procesales, las t\u00e1cticas de presi\u00f3n y las negociaciones. Nuestro bufete puede ayudarle [&hellip;]<\/p>\n","protected":false},"author":7,"featured_media":0,"parent":0,"menu_order":0,"comment_status":"closed","ping_status":"closed","template":"","meta":{"site-sidebar-layout":"no-sidebar","site-content-layout":"page-builder","ast-site-content-layout":"full-width-container","site-content-style":"default","site-sidebar-style":"default","ast-global-header-display":"","ast-banner-title-visibility":"","ast-main-header-display":"","ast-hfb-above-header-display":"","ast-hfb-below-header-display":"","ast-hfb-mobile-header-display":"","site-post-title":"disabled","ast-breadcrumbs-content":"","ast-featured-img":"disabled","footer-sml-layout":"","ast-disable-related-posts":"","theme-transparent-header-meta":"","adv-header-id-meta":"","stick-header-meta":"","header-above-stick-meta":"","header-main-stick-meta":"","header-below-stick-meta":"","astra-migrate-meta-layouts":"set","ast-page-background-enabled":"default","ast-page-background-meta":{"desktop":{"background-color":"","background-image":"","background-repeat":"repeat","background-position":"center center","background-size":"auto","background-attachment":"scroll","background-type":"","background-media":"","overlay-type":"","overlay-color":"","overlay-opacity":"","overlay-gradient":""},"tablet":{"background-color":"","background-image":"","background-repeat":"repeat","background-position":"center center","background-size":"auto","background-attachment":"scroll","background-type":"","background-media":"","overlay-type":"","overlay-color":"","overlay-opacity":"","overlay-gradient":""},"mobile":{"background-color":"","background-image":"","background-repeat":"repeat","background-position":"center center","background-size":"auto","background-attachment":"scroll","background-type":"","background-media":"","overlay-type":"","overlay-color":"","overlay-opacity":"","overlay-gradient":""}},"ast-content-background-meta":{"desktop":{"background-color":"var(--ast-global-color-5)","background-image":"","background-repeat":"repeat","background-position":"center center","background-size":"auto","background-attachment":"scroll","background-type":"","background-media":"","overlay-type":"","overlay-color":"","overlay-opacity":"","overlay-gradient":""},"tablet":{"background-color":"var(--ast-global-color-5)","background-image":"","background-repeat":"repeat","background-position":"center center","background-size":"auto","background-attachment":"scroll","background-type":"","background-media":"","overlay-type":"","overlay-color":"","overlay-opacity":"","overlay-gradient":""},"mobile":{"background-color":"var(--ast-global-color-5)","background-image":"","background-repeat":"repeat","background-position":"center center","background-size":"auto","background-attachment":"scroll","background-type":"","background-media":"","overlay-type":"","overlay-color":"","overlay-opacity":"","overlay-gradient":""}},"footnotes":""},"class_list":["post-5344","page","type-page","status-publish","hentry"],"_links":{"self":[{"href":"https:\/\/kdp-law.com\/es\/wp-json\/wp\/v2\/pages\/5344","targetHints":{"allow":["GET"]}}],"collection":[{"href":"https:\/\/kdp-law.com\/es\/wp-json\/wp\/v2\/pages"}],"about":[{"href":"https:\/\/kdp-law.com\/es\/wp-json\/wp\/v2\/types\/page"}],"author":[{"embeddable":true,"href":"https:\/\/kdp-law.com\/es\/wp-json\/wp\/v2\/users\/7"}],"replies":[{"embeddable":true,"href":"https:\/\/kdp-law.com\/es\/wp-json\/wp\/v2\/comments?post=5344"}],"version-history":[{"count":7,"href":"https:\/\/kdp-law.com\/es\/wp-json\/wp\/v2\/pages\/5344\/revisions"}],"predecessor-version":[{"id":5475,"href":"https:\/\/kdp-law.com\/es\/wp-json\/wp\/v2\/pages\/5344\/revisions\/5475"}],"wp:attachment":[{"href":"https:\/\/kdp-law.com\/es\/wp-json\/wp\/v2\/media?parent=5344"}],"curies":[{"name":"wp","href":"https:\/\/api.w.org\/{rel}","templated":true}]}}