{"id":5349,"date":"2024-02-06T15:28:17","date_gmt":"2024-02-06T13:28:17","guid":{"rendered":"https:\/\/kdp-law.com\/mergers-acquisitions\/"},"modified":"2026-01-10T16:45:56","modified_gmt":"2026-01-10T14:45:56","slug":"fusiones-y-adquisiciones","status":"publish","type":"page","link":"https:\/\/kdp-law.com\/es\/fusiones-y-adquisiciones\/","title":{"rendered":"Fusiones y adquisiciones"},"content":{"rendered":"\t\t<div data-elementor-type=\"wp-page\" data-elementor-id=\"5349\" class=\"elementor elementor-5349 elementor-4039\" data-elementor-post-type=\"page\">\n\t\t\t\t\t\t<section class=\"elementor-section elementor-top-section elementor-element elementor-element-25d9689d elementor-section-boxed elementor-section-height-default elementor-section-height-default\" data-id=\"25d9689d\" data-element_type=\"section\" data-e-type=\"section\" data-settings=\"{&quot;background_background&quot;:&quot;classic&quot;}\">\n\t\t\t\t\t\t\t<div class=\"elementor-background-overlay\"><\/div>\n\t\t\t\t\t\t\t<div class=\"elementor-container elementor-column-gap-wide\">\n\t\t\t\t\t<div class=\"elementor-column elementor-col-100 elementor-top-column elementor-element elementor-element-498c2b60\" data-id=\"498c2b60\" data-element_type=\"column\" data-e-type=\"column\">\n\t\t\t<div class=\"elementor-widget-wrap elementor-element-populated\">\n\t\t\t\t\t\t<div class=\"elementor-element elementor-element-6f4da3f0 elementor-widget elementor-widget-heading\" data-id=\"6f4da3f0\" data-element_type=\"widget\" data-e-type=\"widget\" data-widget_type=\"heading.default\">\n\t\t\t\t<div class=\"elementor-widget-container\">\n\t\t\t\t\t<h5 class=\"elementor-heading-title elementor-size-default\">\u00c1REAS DEL DERECHO<\/h5>\t\t\t\t<\/div>\n\t\t\t\t<\/div>\n\t\t\t\t\t<\/div>\n\t\t<\/div>\n\t\t\t\t\t<\/div>\n\t\t<\/section>\n\t\t\t\t<section class=\"elementor-section elementor-top-section elementor-element elementor-element-11684837 elementor-section-boxed elementor-section-height-default elementor-section-height-default\" data-id=\"11684837\" data-element_type=\"section\" data-e-type=\"section\">\n\t\t\t\t\t\t<div class=\"elementor-container elementor-column-gap-wide\">\n\t\t\t\t\t<div class=\"elementor-column elementor-col-100 elementor-top-column elementor-element elementor-element-60ea3a6b\" data-id=\"60ea3a6b\" data-element_type=\"column\" data-e-type=\"column\">\n\t\t\t<div class=\"elementor-widget-wrap elementor-element-populated\">\n\t\t\t\t\t\t<div class=\"elementor-element elementor-element-1813cc12 elementor-widget elementor-widget-text-editor\" data-id=\"1813cc12\" data-element_type=\"widget\" data-e-type=\"widget\" data-widget_type=\"text-editor.default\">\n\t\t\t\t<div class=\"elementor-widget-container\">\n\t\t\t\t\t\t\t\t\t<p>Los servicios jur\u00eddicos relacionados con fusiones y adquisiciones requieren conocimientos jur\u00eddicos multidisciplinares y habilidades de negociaci\u00f3n, as\u00ed como una comprensi\u00f3n exhaustiva de las finanzas corporativas y la gesti\u00f3n estrat\u00e9gica.<\/p><p>Nuestro equipo cuenta con todo lo necesario para ayudarle en este \u00e1mbito. A continuaci\u00f3n, le presentamos algunos de los servicios jur\u00eddicos que ofrecemos a nuestros clientes de fusiones y adquisiciones.<\/p><ul><li><strong>Servicios jur\u00eddicos de asesoramiento al vendedor<\/strong><\/li><li><strong>Asesoramiento jur\u00eddico en el proceso de venta y redacci\u00f3n de la documentaci\u00f3n legal relacionada<\/strong><\/li><li><strong>Diligencia debida legal del vendedor<\/strong><\/li><li><strong>Servicios jur\u00eddicos de asesoramiento al comprador<\/strong><\/li><li><strong>Coordinaci\u00f3n y negociaciones previas a la operaci\u00f3n<\/strong><\/li><li><strong>Ofertas no vinculantes y vinculantes<\/strong><\/li><li><strong>Gesti\u00f3n de proyectos de transacci\u00f3n<\/strong><\/li><li><strong>Diligencia debida legal completa o limitada por parte del comprador<\/strong><\/li><li><strong>Estructuraci\u00f3n de la operaci\u00f3n<\/strong><\/li><li><strong>Redacci\u00f3n y\/o revisi\u00f3n de la documentaci\u00f3n de la transacci\u00f3n<\/strong><\/li><li><strong>Asistencia en las negociaciones<\/strong><\/li><li><strong>Cierre de la transacci\u00f3n<\/strong><\/li><li><strong>Asistencia legal y registros posteriores al cierre<\/strong><\/li><li><strong>Asesoramiento en todo tipo de transformaciones corporativas<\/strong><\/li><li><strong>Redacci\u00f3n de la documentaci\u00f3n de reestructuraci\u00f3n<\/strong><\/li><li><strong>Creaci\u00f3n y salida de empresas conjuntas<\/strong><\/li><li><strong>Litigios en materia de fusiones y adquisiciones<\/strong><\/li><\/ul><p>Estamos seguros de que podemos proporcionarle todo lo que pueda necesitar para alcanzar sus objetivos empresariales desde un equipo \u00fanico, dedicado m\u00e1s all\u00e1 de la transacci\u00f3n exitosa actual. Esperamos ser su socio de confianza en el mundo de las fusiones y adquisiciones.<\/p>\t\t\t\t\t\t\t\t<\/div>\n\t\t\t\t<\/div>\n\t\t\t\t<div class=\"elementor-element elementor-element-73da468 elementor-widget elementor-widget-button\" data-id=\"73da468\" data-element_type=\"widget\" data-e-type=\"widget\" data-widget_type=\"button.default\">\n\t\t\t\t<div class=\"elementor-widget-container\">\n\t\t\t\t\t\t\t\t\t<div class=\"elementor-button-wrapper\">\n\t\t\t\t\t<a class=\"elementor-button elementor-button-link elementor-size-sm\" href=\"https:\/\/kdp-law.com\/es\/especialidades\/\">\n\t\t\t\t\t\t<span class=\"elementor-button-content-wrapper\">\n\t\t\t\t\t\t<span class=\"elementor-button-icon\">\n\t\t\t\t<i aria-hidden=\"true\" class=\"fas fa-long-arrow-alt-left\"><\/i>\t\t\t<\/span>\n\t\t\t\t\t\t\t\t\t<span class=\"elementor-button-text\">ESPECIALIDADES<\/span>\n\t\t\t\t\t<\/span>\n\t\t\t\t\t<\/a>\n\t\t\t\t<\/div>\n\t\t\t\t\t\t\t\t<\/div>\n\t\t\t\t<\/div>\n\t\t\t\t\t<\/div>\n\t\t<\/div>\n\t\t\t\t\t<\/div>\n\t\t<\/section>\n\t\t\t\t<\/div>\n\t\t","protected":false},"excerpt":{"rendered":"<p>\u00c1REAS DEL DERECHO Los servicios jur\u00eddicos relacionados con fusiones y adquisiciones requieren conocimientos jur\u00eddicos multidisciplinares y habilidades de negociaci\u00f3n, as\u00ed como una comprensi\u00f3n exhaustiva de las finanzas corporativas y la gesti\u00f3n estrat\u00e9gica. Nuestro equipo cuenta con todo lo necesario para ayudarle en este \u00e1mbito. A continuaci\u00f3n, le presentamos algunos de los servicios jur\u00eddicos que ofrecemos [&hellip;]<\/p>\n","protected":false},"author":7,"featured_media":0,"parent":0,"menu_order":0,"comment_status":"closed","ping_status":"closed","template":"","meta":{"site-sidebar-layout":"no-sidebar","site-content-layout":"page-builder","ast-site-content-layout":"full-width-container","site-content-style":"default","site-sidebar-style":"default","ast-global-header-display":"","ast-banner-title-visibility":"","ast-main-header-display":"","ast-hfb-above-header-display":"","ast-hfb-below-header-display":"","ast-hfb-mobile-header-display":"","site-post-title":"disabled","ast-breadcrumbs-content":"","ast-featured-img":"disabled","footer-sml-layout":"","ast-disable-related-posts":"","theme-transparent-header-meta":"","adv-header-id-meta":"","stick-header-meta":"","header-above-stick-meta":"","header-main-stick-meta":"","header-below-stick-meta":"","astra-migrate-meta-layouts":"set","ast-page-background-enabled":"default","ast-page-background-meta":{"desktop":{"background-color":"","background-image":"","background-repeat":"repeat","background-position":"center center","background-size":"auto","background-attachment":"scroll","background-type":"","background-media":"","overlay-type":"","overlay-color":"","overlay-opacity":"","overlay-gradient":""},"tablet":{"background-color":"","background-image":"","background-repeat":"repeat","background-position":"center center","background-size":"auto","background-attachment":"scroll","background-type":"","background-media":"","overlay-type":"","overlay-color":"","overlay-opacity":"","overlay-gradient":""},"mobile":{"background-color":"","background-image":"","background-repeat":"repeat","background-position":"center center","background-size":"auto","background-attachment":"scroll","background-type":"","background-media":"","overlay-type":"","overlay-color":"","overlay-opacity":"","overlay-gradient":""}},"ast-content-background-meta":{"desktop":{"background-color":"var(--ast-global-color-5)","background-image":"","background-repeat":"repeat","background-position":"center center","background-size":"auto","background-attachment":"scroll","background-type":"","background-media":"","overlay-type":"","overlay-color":"","overlay-opacity":"","overlay-gradient":""},"tablet":{"background-color":"var(--ast-global-color-5)","background-image":"","background-repeat":"repeat","background-position":"center center","background-size":"auto","background-attachment":"scroll","background-type":"","background-media":"","overlay-type":"","overlay-color":"","overlay-opacity":"","overlay-gradient":""},"mobile":{"background-color":"var(--ast-global-color-5)","background-image":"","background-repeat":"repeat","background-position":"center center","background-size":"auto","background-attachment":"scroll","background-type":"","background-media":"","overlay-type":"","overlay-color":"","overlay-opacity":"","overlay-gradient":""}},"footnotes":""},"class_list":["post-5349","page","type-page","status-publish","hentry"],"_links":{"self":[{"href":"https:\/\/kdp-law.com\/es\/wp-json\/wp\/v2\/pages\/5349","targetHints":{"allow":["GET"]}}],"collection":[{"href":"https:\/\/kdp-law.com\/es\/wp-json\/wp\/v2\/pages"}],"about":[{"href":"https:\/\/kdp-law.com\/es\/wp-json\/wp\/v2\/types\/page"}],"author":[{"embeddable":true,"href":"https:\/\/kdp-law.com\/es\/wp-json\/wp\/v2\/users\/7"}],"replies":[{"embeddable":true,"href":"https:\/\/kdp-law.com\/es\/wp-json\/wp\/v2\/comments?post=5349"}],"version-history":[{"count":7,"href":"https:\/\/kdp-law.com\/es\/wp-json\/wp\/v2\/pages\/5349\/revisions"}],"predecessor-version":[{"id":5478,"href":"https:\/\/kdp-law.com\/es\/wp-json\/wp\/v2\/pages\/5349\/revisions\/5478"}],"wp:attachment":[{"href":"https:\/\/kdp-law.com\/es\/wp-json\/wp\/v2\/media?parent=5349"}],"curies":[{"name":"wp","href":"https:\/\/api.w.org\/{rel}","templated":true}]}}