{"id":5354,"date":"2024-02-06T15:29:47","date_gmt":"2024-02-06T13:29:47","guid":{"rendered":"https:\/\/kdp-law.com\/privacy-data-protection\/"},"modified":"2026-01-10T16:46:01","modified_gmt":"2026-01-10T14:46:01","slug":"privacidad-y-proteccion-de-datos","status":"publish","type":"page","link":"https:\/\/kdp-law.com\/es\/privacidad-y-proteccion-de-datos\/","title":{"rendered":"Privacidad y protecci\u00f3n de datos"},"content":{"rendered":"\t\t<div data-elementor-type=\"wp-page\" data-elementor-id=\"5354\" class=\"elementor elementor-5354 elementor-4046\" data-elementor-post-type=\"page\">\n\t\t\t\t\t\t<section class=\"elementor-section elementor-top-section elementor-element elementor-element-7f18c47d elementor-section-boxed elementor-section-height-default elementor-section-height-default\" data-id=\"7f18c47d\" data-element_type=\"section\" data-e-type=\"section\" data-settings=\"{&quot;background_background&quot;:&quot;classic&quot;}\">\n\t\t\t\t\t\t\t<div class=\"elementor-background-overlay\"><\/div>\n\t\t\t\t\t\t\t<div class=\"elementor-container elementor-column-gap-wide\">\n\t\t\t\t\t<div class=\"elementor-column elementor-col-100 elementor-top-column elementor-element elementor-element-76dde612\" data-id=\"76dde612\" data-element_type=\"column\" data-e-type=\"column\">\n\t\t\t<div class=\"elementor-widget-wrap elementor-element-populated\">\n\t\t\t\t\t\t<div class=\"elementor-element elementor-element-4ade0691 elementor-widget elementor-widget-heading\" data-id=\"4ade0691\" data-element_type=\"widget\" data-e-type=\"widget\" data-widget_type=\"heading.default\">\n\t\t\t\t<div class=\"elementor-widget-container\">\n\t\t\t\t\t<h5 class=\"elementor-heading-title elementor-size-default\">\u00c1REAS DEL DERECHO<\/h5>\t\t\t\t<\/div>\n\t\t\t\t<\/div>\n\t\t\t\t\t<\/div>\n\t\t<\/div>\n\t\t\t\t\t<\/div>\n\t\t<\/section>\n\t\t\t\t<section class=\"elementor-section elementor-top-section elementor-element elementor-element-2a102af9 elementor-section-boxed elementor-section-height-default elementor-section-height-default\" data-id=\"2a102af9\" data-element_type=\"section\" data-e-type=\"section\">\n\t\t\t\t\t\t<div class=\"elementor-container elementor-column-gap-wide\">\n\t\t\t\t\t<div class=\"elementor-column elementor-col-100 elementor-top-column elementor-element elementor-element-aef8b02\" data-id=\"aef8b02\" data-element_type=\"column\" data-e-type=\"column\">\n\t\t\t<div class=\"elementor-widget-wrap elementor-element-populated\">\n\t\t\t\t\t\t<div class=\"elementor-element elementor-element-445d7bd6 elementor-widget elementor-widget-text-editor\" data-id=\"445d7bd6\" data-element_type=\"widget\" data-e-type=\"widget\" data-widget_type=\"text-editor.default\">\n\t\t\t\t<div class=\"elementor-widget-container\">\n\t\t\t\t\t\t\t\t\t<p>La protecci\u00f3n de datos personales es de importancia fundamental para cualquier empresa que opere dentro de la Uni\u00f3n Europea. Comprender en profundidad las normativas sobre principios de privacidad es clave para garantizar unas operaciones comerciales fluidas y de alta calidad. Cumplir con los requisitos legales ya no es solo una cuesti\u00f3n de conformidad jur\u00eddica, en el mundo actual los empleados, clientes y usuarios exigen que las empresas traten sus datos de forma legal y transparente.\u00a0<\/p><p>Nuestro bufete est\u00e1 perfectamente capacitado para asesorarle en este \u00e1mbito. Sabemos que, en materia de cumplimiento de la normativa sobre datos personales, no existe una soluci\u00f3n \u00fanica para todos. Su modelo de negocio y sus operaciones pr\u00e1cticas son los que determinan sus necesidades legales. Gracias a nuestra amplia experiencia, identificamos f\u00e1cilmente las preguntas adecuadas para poder ofrecerle la mejor soluci\u00f3n.\u00a0 Estos son algunos de los principales servicios jur\u00eddicos que ofrecemos en este \u00e1mbito:<\/p><ul><li><strong>Asesoramiento sobre todos los aspectos de la normativa b\u00falgara y de la UE en materia de protecci\u00f3n de datos<\/strong><\/li><li><strong>Asesoramiento y redacci\u00f3n de pol\u00edticas y documentaci\u00f3n internas sobre privacidad de datos<\/strong><\/li><li><strong>Acuerdos de transferencia y tratamiento de datos<\/strong><\/li><li><strong>Diligencia debida en materia de protecci\u00f3n de datos<\/strong><\/li><li><strong>Asistencia continua en materia de cumplimiento de la normativa de protecci\u00f3n de datos<\/strong><\/li><li><strong>Asesoramiento sobre protecci\u00f3n de datos en el contexto laboral, incluyendo cuestiones relacionadas con la supervisi\u00f3n y vigilancia de los empleados<\/strong><\/li><li><strong>Asesoramiento en casos relacionados con violaciones de la privacidad de los datos y la conservaci\u00f3n de datos<\/strong><\/li><li><strong>Representaci\u00f3n ante las autoridades de protecci\u00f3n de datos y en investigaciones sobre protecci\u00f3n de datos<\/strong><\/li><li><strong>Litigios relacionados con la protecci\u00f3n de datos<\/strong><\/li><\/ul><p>Nuestro equipo se compromete a proporcionar servicios especializados en materia de legislaci\u00f3n sobre privacidad y protecci\u00f3n de datos. Esperamos poder colaborar con usted mientras navegamos por las complejidades de esta \u00e1rea de pr\u00e1ctica.<\/p>\t\t\t\t\t\t\t\t<\/div>\n\t\t\t\t<\/div>\n\t\t\t\t<div class=\"elementor-element elementor-element-3fed193 elementor-widget elementor-widget-button\" data-id=\"3fed193\" data-element_type=\"widget\" data-e-type=\"widget\" data-widget_type=\"button.default\">\n\t\t\t\t<div class=\"elementor-widget-container\">\n\t\t\t\t\t\t\t\t\t<div class=\"elementor-button-wrapper\">\n\t\t\t\t\t<a class=\"elementor-button elementor-button-link elementor-size-sm\" href=\"https:\/\/kdp-law.com\/es\/especialidades\/\">\n\t\t\t\t\t\t<span class=\"elementor-button-content-wrapper\">\n\t\t\t\t\t\t<span class=\"elementor-button-icon\">\n\t\t\t\t<i aria-hidden=\"true\" class=\"fas fa-long-arrow-alt-left\"><\/i>\t\t\t<\/span>\n\t\t\t\t\t\t\t\t\t<span class=\"elementor-button-text\">ESPECIALIDADES<\/span>\n\t\t\t\t\t<\/span>\n\t\t\t\t\t<\/a>\n\t\t\t\t<\/div>\n\t\t\t\t\t\t\t\t<\/div>\n\t\t\t\t<\/div>\n\t\t\t\t\t<\/div>\n\t\t<\/div>\n\t\t\t\t\t<\/div>\n\t\t<\/section>\n\t\t\t\t<\/div>\n\t\t","protected":false},"excerpt":{"rendered":"<p>\u00c1REAS DEL DERECHO La protecci\u00f3n de datos personales es de importancia fundamental para cualquier empresa que opere dentro de la Uni\u00f3n Europea. Comprender en profundidad las normativas sobre principios de privacidad es clave para garantizar unas operaciones comerciales fluidas y de alta calidad. Cumplir con los requisitos legales ya no es solo una cuesti\u00f3n de [&hellip;]<\/p>\n","protected":false},"author":7,"featured_media":0,"parent":0,"menu_order":0,"comment_status":"closed","ping_status":"closed","template":"","meta":{"site-sidebar-layout":"no-sidebar","site-content-layout":"page-builder","ast-site-content-layout":"full-width-container","site-content-style":"default","site-sidebar-style":"default","ast-global-header-display":"","ast-banner-title-visibility":"","ast-main-header-display":"","ast-hfb-above-header-display":"","ast-hfb-below-header-display":"","ast-hfb-mobile-header-display":"","site-post-title":"disabled","ast-breadcrumbs-content":"","ast-featured-img":"disabled","footer-sml-layout":"","ast-disable-related-posts":"","theme-transparent-header-meta":"","adv-header-id-meta":"","stick-header-meta":"","header-above-stick-meta":"","header-main-stick-meta":"","header-below-stick-meta":"","astra-migrate-meta-layouts":"set","ast-page-background-enabled":"default","ast-page-background-meta":{"desktop":{"background-color":"","background-image":"","background-repeat":"repeat","background-position":"center center","background-size":"auto","background-attachment":"scroll","background-type":"","background-media":"","overlay-type":"","overlay-color":"","overlay-opacity":"","overlay-gradient":""},"tablet":{"background-color":"","background-image":"","background-repeat":"repeat","background-position":"center center","background-size":"auto","background-attachment":"scroll","background-type":"","background-media":"","overlay-type":"","overlay-color":"","overlay-opacity":"","overlay-gradient":""},"mobile":{"background-color":"","background-image":"","background-repeat":"repeat","background-position":"center center","background-size":"auto","background-attachment":"scroll","background-type":"","background-media":"","overlay-type":"","overlay-color":"","overlay-opacity":"","overlay-gradient":""}},"ast-content-background-meta":{"desktop":{"background-color":"var(--ast-global-color-5)","background-image":"","background-repeat":"repeat","background-position":"center center","background-size":"auto","background-attachment":"scroll","background-type":"","background-media":"","overlay-type":"","overlay-color":"","overlay-opacity":"","overlay-gradient":""},"tablet":{"background-color":"var(--ast-global-color-5)","background-image":"","background-repeat":"repeat","background-position":"center center","background-size":"auto","background-attachment":"scroll","background-type":"","background-media":"","overlay-type":"","overlay-color":"","overlay-opacity":"","overlay-gradient":""},"mobile":{"background-color":"var(--ast-global-color-5)","background-image":"","background-repeat":"repeat","background-position":"center center","background-size":"auto","background-attachment":"scroll","background-type":"","background-media":"","overlay-type":"","overlay-color":"","overlay-opacity":"","overlay-gradient":""}},"footnotes":""},"class_list":["post-5354","page","type-page","status-publish","hentry"],"_links":{"self":[{"href":"https:\/\/kdp-law.com\/es\/wp-json\/wp\/v2\/pages\/5354","targetHints":{"allow":["GET"]}}],"collection":[{"href":"https:\/\/kdp-law.com\/es\/wp-json\/wp\/v2\/pages"}],"about":[{"href":"https:\/\/kdp-law.com\/es\/wp-json\/wp\/v2\/types\/page"}],"author":[{"embeddable":true,"href":"https:\/\/kdp-law.com\/es\/wp-json\/wp\/v2\/users\/7"}],"replies":[{"embeddable":true,"href":"https:\/\/kdp-law.com\/es\/wp-json\/wp\/v2\/comments?post=5354"}],"version-history":[{"count":7,"href":"https:\/\/kdp-law.com\/es\/wp-json\/wp\/v2\/pages\/5354\/revisions"}],"predecessor-version":[{"id":5481,"href":"https:\/\/kdp-law.com\/es\/wp-json\/wp\/v2\/pages\/5354\/revisions\/5481"}],"wp:attachment":[{"href":"https:\/\/kdp-law.com\/es\/wp-json\/wp\/v2\/media?parent=5354"}],"curies":[{"name":"wp","href":"https:\/\/api.w.org\/{rel}","templated":true}]}}