{"id":5359,"date":"2024-02-06T15:31:56","date_gmt":"2024-02-06T13:31:56","guid":{"rendered":"https:\/\/kdp-law.com\/public-procurement\/"},"modified":"2026-01-10T16:46:05","modified_gmt":"2026-01-10T14:46:05","slug":"contratacion-publica","status":"publish","type":"page","link":"https:\/\/kdp-law.com\/es\/contratacion-publica\/","title":{"rendered":"Contrataci\u00f3n p\u00fablica"},"content":{"rendered":"\t\t<div data-elementor-type=\"wp-page\" data-elementor-id=\"5359\" class=\"elementor elementor-5359 elementor-4052\" data-elementor-post-type=\"page\">\n\t\t\t\t\t\t<section class=\"elementor-section elementor-top-section elementor-element elementor-element-57dddcc4 elementor-section-boxed elementor-section-height-default elementor-section-height-default\" data-id=\"57dddcc4\" data-element_type=\"section\" data-e-type=\"section\" data-settings=\"{&quot;background_background&quot;:&quot;classic&quot;}\">\n\t\t\t\t\t\t\t<div class=\"elementor-background-overlay\"><\/div>\n\t\t\t\t\t\t\t<div class=\"elementor-container elementor-column-gap-wide\">\n\t\t\t\t\t<div class=\"elementor-column elementor-col-100 elementor-top-column elementor-element elementor-element-1adb4c3b\" data-id=\"1adb4c3b\" data-element_type=\"column\" data-e-type=\"column\">\n\t\t\t<div class=\"elementor-widget-wrap elementor-element-populated\">\n\t\t\t\t\t\t<div class=\"elementor-element elementor-element-5eef2452 elementor-widget elementor-widget-heading\" data-id=\"5eef2452\" data-element_type=\"widget\" data-e-type=\"widget\" data-widget_type=\"heading.default\">\n\t\t\t\t<div class=\"elementor-widget-container\">\n\t\t\t\t\t<h5 class=\"elementor-heading-title elementor-size-default\">\u00c1REAS DEL DERECHO<\/h5>\t\t\t\t<\/div>\n\t\t\t\t<\/div>\n\t\t\t\t\t<\/div>\n\t\t<\/div>\n\t\t\t\t\t<\/div>\n\t\t<\/section>\n\t\t\t\t<section class=\"elementor-section elementor-top-section elementor-element elementor-element-36f9a6d6 elementor-section-boxed elementor-section-height-default elementor-section-height-default\" data-id=\"36f9a6d6\" data-element_type=\"section\" data-e-type=\"section\">\n\t\t\t\t\t\t<div class=\"elementor-container elementor-column-gap-wide\">\n\t\t\t\t\t<div class=\"elementor-column elementor-col-100 elementor-top-column elementor-element elementor-element-eb0a664\" data-id=\"eb0a664\" data-element_type=\"column\" data-e-type=\"column\">\n\t\t\t<div class=\"elementor-widget-wrap elementor-element-populated\">\n\t\t\t\t\t\t<div class=\"elementor-element elementor-element-1e0f0608 elementor-widget elementor-widget-text-editor\" data-id=\"1e0f0608\" data-element_type=\"widget\" data-e-type=\"widget\" data-widget_type=\"text-editor.default\">\n\t\t\t\t<div class=\"elementor-widget-container\">\n\t\t\t\t\t\t\t\t\t<p>Los contratos p\u00fablicos representan una parte importante de la econom\u00eda mundial, ya que permiten a las autoridades p\u00fablicas y a los compradores sectoriales obtener la mejor relaci\u00f3n calidad-precio, bienes o servicios de las empresas privadas.<\/p><p>Este \u00e1mbito requiere un profundo conocimiento de la legislaci\u00f3n en materia de contrataci\u00f3n p\u00fablica y de la gesti\u00f3n de proyectos. Tanto si es usted un comprador sectorial como un licitador, nuestro bufete cuenta con la experiencia y los recursos necesarios para ayudarle en este \u00e1mbito.<\/p><p>A continuaci\u00f3n, le ofrecemos un resumen de los servicios jur\u00eddicos que prestamos a los compradores sectoriales:<\/p><ul><li><strong>Asesoramiento y estructuraci\u00f3n de procedimientos de contrataci\u00f3n p\u00fablica<\/strong><\/li><li><strong>Redacci\u00f3n de documentaci\u00f3n de contrataci\u00f3n p\u00fablica<\/strong><\/li><li><strong>Asesoramiento sobre criterios de selecci\u00f3n y modelos de evaluaci\u00f3n<\/strong><\/li><li><strong>Redacci\u00f3n de contratos espec\u00edficos para cada sector<\/strong><\/li><li><strong>Gesti\u00f3n de consultas y reclamaciones de los licitadores<\/strong><\/li><li><strong>Representaci\u00f3n de los compradores sectoriales en procedimientos de apelaci\u00f3n ante la Comisi\u00f3n de Protecci\u00f3n de la Competencia (CPC) y los tribunales<\/strong><\/li><li><strong>Asesoramiento sobre modificaciones e incumplimientos de los acuerdos de contrataci\u00f3n p\u00fablica<\/strong><\/li><li><strong>Asesoramiento sobre transacciones \u201cinternas\u201d que no requieren procedimientos de contrataci\u00f3n p\u00fablica<\/strong><\/li><li><strong>Asesoramiento y asistencia jur\u00eddica continuados a lo largo de los procedimientos de contrataci\u00f3n p\u00fablica<\/strong><\/li><\/ul><p>A continuaci\u00f3n se presenta un resumen de los servicios jur\u00eddicos que prestamos a los licitadores:<\/p><ul><li><strong>Asesoramiento sobre la estructura corporativa del licitador (por ejemplo, consorcio, empresa conjunta, entidad, etc.) para que la solicitud sea aceptada<\/strong><\/li><li><strong>Asesoramiento y asistencia jur\u00eddica en la preparaci\u00f3n de la documentaci\u00f3n del licitador<\/strong><\/li><li><strong>Redacci\u00f3n de consultas y cartas de reclamaci\u00f3n de los licitadores<\/strong><\/li><li><strong>Impugnaci\u00f3n de las decisiones de la autoridad contratante<\/strong><\/li><li><strong>Representaci\u00f3n en procedimientos de apelaci\u00f3n ante la CPC y los tribunales<\/strong><\/li><li><strong>Asesoramiento sobre modificaciones del contrato de contrataci\u00f3n p\u00fablica<\/strong><\/li><li><strong>Asesoramiento sobre la reestructuraci\u00f3n corporativa del licitador tras la adjudicaci\u00f3n del contrato de contrataci\u00f3n p\u00fablica<\/strong><\/li><li><strong>Otros servicios de asistencia jur\u00eddica continua durante la vigencia de los contratos de contrataci\u00f3n p\u00fablica<\/strong><\/li><\/ul><p>Estamos ansiosos por ofrecerle nuestros conocimientos mientras le guiamos a trav\u00e9s de las complejidades de la normativa sobre contrataci\u00f3n p\u00fablica.<\/p>\t\t\t\t\t\t\t\t<\/div>\n\t\t\t\t<\/div>\n\t\t\t\t<div class=\"elementor-element elementor-element-cc3360b elementor-widget elementor-widget-button\" data-id=\"cc3360b\" data-element_type=\"widget\" data-e-type=\"widget\" data-widget_type=\"button.default\">\n\t\t\t\t<div class=\"elementor-widget-container\">\n\t\t\t\t\t\t\t\t\t<div class=\"elementor-button-wrapper\">\n\t\t\t\t\t<a class=\"elementor-button elementor-button-link elementor-size-sm\" href=\"https:\/\/kdp-law.com\/es\/especialidades\/\">\n\t\t\t\t\t\t<span class=\"elementor-button-content-wrapper\">\n\t\t\t\t\t\t<span class=\"elementor-button-icon\">\n\t\t\t\t<i aria-hidden=\"true\" class=\"fas fa-long-arrow-alt-left\"><\/i>\t\t\t<\/span>\n\t\t\t\t\t\t\t\t\t<span class=\"elementor-button-text\">ESPECIALIDADES<\/span>\n\t\t\t\t\t<\/span>\n\t\t\t\t\t<\/a>\n\t\t\t\t<\/div>\n\t\t\t\t\t\t\t\t<\/div>\n\t\t\t\t<\/div>\n\t\t\t\t\t<\/div>\n\t\t<\/div>\n\t\t\t\t\t<\/div>\n\t\t<\/section>\n\t\t\t\t<\/div>\n\t\t","protected":false},"excerpt":{"rendered":"<p>\u00c1REAS DEL DERECHO Los contratos p\u00fablicos representan una parte importante de la econom\u00eda mundial, ya que permiten a las autoridades p\u00fablicas y a los compradores sectoriales obtener la mejor relaci\u00f3n calidad-precio, bienes o servicios de las empresas privadas. Este \u00e1mbito requiere un profundo conocimiento de la legislaci\u00f3n en materia de contrataci\u00f3n p\u00fablica y de la [&hellip;]<\/p>\n","protected":false},"author":7,"featured_media":0,"parent":0,"menu_order":0,"comment_status":"closed","ping_status":"closed","template":"","meta":{"site-sidebar-layout":"no-sidebar","site-content-layout":"page-builder","ast-site-content-layout":"full-width-container","site-content-style":"default","site-sidebar-style":"default","ast-global-header-display":"","ast-banner-title-visibility":"","ast-main-header-display":"","ast-hfb-above-header-display":"","ast-hfb-below-header-display":"","ast-hfb-mobile-header-display":"","site-post-title":"disabled","ast-breadcrumbs-content":"","ast-featured-img":"disabled","footer-sml-layout":"","ast-disable-related-posts":"","theme-transparent-header-meta":"","adv-header-id-meta":"","stick-header-meta":"","header-above-stick-meta":"","header-main-stick-meta":"","header-below-stick-meta":"","astra-migrate-meta-layouts":"set","ast-page-background-enabled":"default","ast-page-background-meta":{"desktop":{"background-color":"","background-image":"","background-repeat":"repeat","background-position":"center center","background-size":"auto","background-attachment":"scroll","background-type":"","background-media":"","overlay-type":"","overlay-color":"","overlay-opacity":"","overlay-gradient":""},"tablet":{"background-color":"","background-image":"","background-repeat":"repeat","background-position":"center center","background-size":"auto","background-attachment":"scroll","background-type":"","background-media":"","overlay-type":"","overlay-color":"","overlay-opacity":"","overlay-gradient":""},"mobile":{"background-color":"","background-image":"","background-repeat":"repeat","background-position":"center center","background-size":"auto","background-attachment":"scroll","background-type":"","background-media":"","overlay-type":"","overlay-color":"","overlay-opacity":"","overlay-gradient":""}},"ast-content-background-meta":{"desktop":{"background-color":"var(--ast-global-color-5)","background-image":"","background-repeat":"repeat","background-position":"center center","background-size":"auto","background-attachment":"scroll","background-type":"","background-media":"","overlay-type":"","overlay-color":"","overlay-opacity":"","overlay-gradient":""},"tablet":{"background-color":"var(--ast-global-color-5)","background-image":"","background-repeat":"repeat","background-position":"center center","background-size":"auto","background-attachment":"scroll","background-type":"","background-media":"","overlay-type":"","overlay-color":"","overlay-opacity":"","overlay-gradient":""},"mobile":{"background-color":"var(--ast-global-color-5)","background-image":"","background-repeat":"repeat","background-position":"center center","background-size":"auto","background-attachment":"scroll","background-type":"","background-media":"","overlay-type":"","overlay-color":"","overlay-opacity":"","overlay-gradient":""}},"footnotes":""},"class_list":["post-5359","page","type-page","status-publish","hentry"],"_links":{"self":[{"href":"https:\/\/kdp-law.com\/es\/wp-json\/wp\/v2\/pages\/5359","targetHints":{"allow":["GET"]}}],"collection":[{"href":"https:\/\/kdp-law.com\/es\/wp-json\/wp\/v2\/pages"}],"about":[{"href":"https:\/\/kdp-law.com\/es\/wp-json\/wp\/v2\/types\/page"}],"author":[{"embeddable":true,"href":"https:\/\/kdp-law.com\/es\/wp-json\/wp\/v2\/users\/7"}],"replies":[{"embeddable":true,"href":"https:\/\/kdp-law.com\/es\/wp-json\/wp\/v2\/comments?post=5359"}],"version-history":[{"count":7,"href":"https:\/\/kdp-law.com\/es\/wp-json\/wp\/v2\/pages\/5359\/revisions"}],"predecessor-version":[{"id":5484,"href":"https:\/\/kdp-law.com\/es\/wp-json\/wp\/v2\/pages\/5359\/revisions\/5484"}],"wp:attachment":[{"href":"https:\/\/kdp-law.com\/es\/wp-json\/wp\/v2\/media?parent=5359"}],"curies":[{"name":"wp","href":"https:\/\/api.w.org\/{rel}","templated":true}]}}