{"id":5364,"date":"2024-02-06T15:33:28","date_gmt":"2024-02-06T13:33:28","guid":{"rendered":"https:\/\/kdp-law.com\/real-estate-zoning\/"},"modified":"2026-01-10T16:46:10","modified_gmt":"2026-01-10T14:46:10","slug":"inmobiliaria-y-zonificacion","status":"publish","type":"page","link":"https:\/\/kdp-law.com\/es\/inmobiliaria-y-zonificacion\/","title":{"rendered":"Inmobiliaria y zonificaci\u00f3n"},"content":{"rendered":"\t\t<div data-elementor-type=\"wp-page\" data-elementor-id=\"5364\" class=\"elementor elementor-5364 elementor-4059\" data-elementor-post-type=\"page\">\n\t\t\t\t\t\t<section class=\"elementor-section elementor-top-section elementor-element elementor-element-711ba96b elementor-section-boxed elementor-section-height-default elementor-section-height-default\" data-id=\"711ba96b\" data-element_type=\"section\" data-e-type=\"section\" data-settings=\"{&quot;background_background&quot;:&quot;classic&quot;}\">\n\t\t\t\t\t\t\t<div class=\"elementor-background-overlay\"><\/div>\n\t\t\t\t\t\t\t<div class=\"elementor-container elementor-column-gap-wide\">\n\t\t\t\t\t<div class=\"elementor-column elementor-col-100 elementor-top-column elementor-element elementor-element-1f41beb2\" data-id=\"1f41beb2\" data-element_type=\"column\" data-e-type=\"column\">\n\t\t\t<div class=\"elementor-widget-wrap elementor-element-populated\">\n\t\t\t\t\t\t<div class=\"elementor-element elementor-element-5de92b99 elementor-widget elementor-widget-heading\" data-id=\"5de92b99\" data-element_type=\"widget\" data-e-type=\"widget\" data-widget_type=\"heading.default\">\n\t\t\t\t<div class=\"elementor-widget-container\">\n\t\t\t\t\t<h5 class=\"elementor-heading-title elementor-size-default\">\u00c1REAS DEL DERECHO<\/h5>\t\t\t\t<\/div>\n\t\t\t\t<\/div>\n\t\t\t\t\t<\/div>\n\t\t<\/div>\n\t\t\t\t\t<\/div>\n\t\t<\/section>\n\t\t\t\t<section class=\"elementor-section elementor-top-section elementor-element elementor-element-2d22d40e elementor-section-boxed elementor-section-height-default elementor-section-height-default\" data-id=\"2d22d40e\" data-element_type=\"section\" data-e-type=\"section\">\n\t\t\t\t\t\t<div class=\"elementor-container elementor-column-gap-wide\">\n\t\t\t\t\t<div class=\"elementor-column elementor-col-100 elementor-top-column elementor-element elementor-element-f9d7f6e\" data-id=\"f9d7f6e\" data-element_type=\"column\" data-e-type=\"column\">\n\t\t\t<div class=\"elementor-widget-wrap elementor-element-populated\">\n\t\t\t\t\t\t<div class=\"elementor-element elementor-element-69b08ee8 elementor-widget elementor-widget-text-editor\" data-id=\"69b08ee8\" data-element_type=\"widget\" data-e-type=\"widget\" data-widget_type=\"text-editor.default\">\n\t\t\t\t<div class=\"elementor-widget-container\">\n\t\t\t\t\t\t\t\t\t<p>Cuando se trata de bienes ra\u00edces y zonificaci\u00f3n, siempre hay mucho en juego. Proporcionar servicios legales de calidad en el \u00e1mbito inmobiliario requiere habilidades anal\u00edticas impecables, atenci\u00f3n al detalle, un conocimiento profundo de la legislaci\u00f3n inmobiliaria y las normas de zonificaci\u00f3n, un conocimiento profundo de la pr\u00e1ctica judicial, notarial y de las autoridades locales, as\u00ed como s\u00f3lidas habilidades de negociaci\u00f3n y estrategias y t\u00e1cticas bien establecidas para la estructuraci\u00f3n de acuerdos.<\/p><p>Nuestro equipo inmobiliario, cualificado y con amplia experiencia, cuenta con todo lo necesario para prestar servicios jur\u00eddicos de alta calidad y asistencia en cualquier operaci\u00f3n inmobiliaria. Los servicios que ofrecemos en el \u00e1mbito inmobiliario y urban\u00edstico incluyen:<\/p><ul><li><strong>Diligencia debida legal inmobiliaria<\/strong><\/li><li><strong>Verificaci\u00f3n de grav\u00e1menes y derechos de terceros<\/strong><\/li><li><strong>Asistencia en adquisiciones y desinversiones inmobiliarias<\/strong><\/li><li><strong>Asistencia en el arrendamiento de \u00e1reas residenciales, comerciales y de oficinas.<\/strong><\/li><li><strong>Redacci\u00f3n de documentos de transacciones inmobiliarias<\/strong><\/li><li><strong>Asesoramiento sobre la financiaci\u00f3n de la adquisici\u00f3n de bienes ra\u00edces y asistencia en la creaci\u00f3n de hipotecas y otros derechos de garant\u00eda<\/strong><\/li><li><strong>Asistencia en procedimientos notariales, registro y perfeccionamiento de transacciones inmobiliarias<\/strong><\/li><li><strong>Asesoramiento sobre capital privado inmobiliario y empresas conjuntas<\/strong><\/li><li><strong>Asesoramiento en transacciones de carteras inmobiliarias<\/strong><\/li><li><strong>An\u00e1lisis jur\u00eddico de planes de zonificaci\u00f3n y asesoramiento sobre el cumplimiento de la normativa urban\u00edstica y catastral<\/strong><\/li><li><strong>Asistencia en procedimientos de conversi\u00f3n del uso del suelo y aprobaci\u00f3n de planes urban\u00edsticos y catastrales<\/strong><\/li><li><strong>Representaci\u00f3n en procedimientos de ejecuci\u00f3n privada y ventas forzadas de bienes inmuebles<\/strong><\/li><li><strong>Representaci\u00f3n en litigios inmobiliarios y urban\u00edsticos<\/strong><\/li><\/ul><p>Nuestro equipo se compromete a proporcionar servicios personalizados en el \u00e1mbito inmobiliario y urban\u00edstico. Esperamos tener la oportunidad de colaborar con usted.<\/p>\t\t\t\t\t\t\t\t<\/div>\n\t\t\t\t<\/div>\n\t\t\t\t<div class=\"elementor-element elementor-element-2a37517 elementor-widget elementor-widget-button\" data-id=\"2a37517\" data-element_type=\"widget\" data-e-type=\"widget\" data-widget_type=\"button.default\">\n\t\t\t\t<div class=\"elementor-widget-container\">\n\t\t\t\t\t\t\t\t\t<div class=\"elementor-button-wrapper\">\n\t\t\t\t\t<a class=\"elementor-button elementor-button-link elementor-size-sm\" href=\"https:\/\/kdp-law.com\/es\/especialidades\/\">\n\t\t\t\t\t\t<span class=\"elementor-button-content-wrapper\">\n\t\t\t\t\t\t<span class=\"elementor-button-icon\">\n\t\t\t\t<i aria-hidden=\"true\" class=\"fas fa-long-arrow-alt-left\"><\/i>\t\t\t<\/span>\n\t\t\t\t\t\t\t\t\t<span class=\"elementor-button-text\">ESPECIALIDADES<\/span>\n\t\t\t\t\t<\/span>\n\t\t\t\t\t<\/a>\n\t\t\t\t<\/div>\n\t\t\t\t\t\t\t\t<\/div>\n\t\t\t\t<\/div>\n\t\t\t\t\t<\/div>\n\t\t<\/div>\n\t\t\t\t\t<\/div>\n\t\t<\/section>\n\t\t\t\t<\/div>\n\t\t","protected":false},"excerpt":{"rendered":"<p>\u00c1REAS DEL DERECHO Cuando se trata de bienes ra\u00edces y zonificaci\u00f3n, siempre hay mucho en juego. Proporcionar servicios legales de calidad en el \u00e1mbito inmobiliario requiere habilidades anal\u00edticas impecables, atenci\u00f3n al detalle, un conocimiento profundo de la legislaci\u00f3n inmobiliaria y las normas de zonificaci\u00f3n, un conocimiento profundo de la pr\u00e1ctica judicial, notarial y de las [&hellip;]<\/p>\n","protected":false},"author":7,"featured_media":0,"parent":0,"menu_order":0,"comment_status":"closed","ping_status":"closed","template":"","meta":{"site-sidebar-layout":"no-sidebar","site-content-layout":"page-builder","ast-site-content-layout":"full-width-container","site-content-style":"default","site-sidebar-style":"default","ast-global-header-display":"","ast-banner-title-visibility":"","ast-main-header-display":"","ast-hfb-above-header-display":"","ast-hfb-below-header-display":"","ast-hfb-mobile-header-display":"","site-post-title":"disabled","ast-breadcrumbs-content":"","ast-featured-img":"disabled","footer-sml-layout":"","ast-disable-related-posts":"","theme-transparent-header-meta":"","adv-header-id-meta":"","stick-header-meta":"","header-above-stick-meta":"","header-main-stick-meta":"","header-below-stick-meta":"","astra-migrate-meta-layouts":"set","ast-page-background-enabled":"default","ast-page-background-meta":{"desktop":{"background-color":"","background-image":"","background-repeat":"repeat","background-position":"center center","background-size":"auto","background-attachment":"scroll","background-type":"","background-media":"","overlay-type":"","overlay-color":"","overlay-opacity":"","overlay-gradient":""},"tablet":{"background-color":"","background-image":"","background-repeat":"repeat","background-position":"center center","background-size":"auto","background-attachment":"scroll","background-type":"","background-media":"","overlay-type":"","overlay-color":"","overlay-opacity":"","overlay-gradient":""},"mobile":{"background-color":"","background-image":"","background-repeat":"repeat","background-position":"center center","background-size":"auto","background-attachment":"scroll","background-type":"","background-media":"","overlay-type":"","overlay-color":"","overlay-opacity":"","overlay-gradient":""}},"ast-content-background-meta":{"desktop":{"background-color":"var(--ast-global-color-5)","background-image":"","background-repeat":"repeat","background-position":"center center","background-size":"auto","background-attachment":"scroll","background-type":"","background-media":"","overlay-type":"","overlay-color":"","overlay-opacity":"","overlay-gradient":""},"tablet":{"background-color":"var(--ast-global-color-5)","background-image":"","background-repeat":"repeat","background-position":"center center","background-size":"auto","background-attachment":"scroll","background-type":"","background-media":"","overlay-type":"","overlay-color":"","overlay-opacity":"","overlay-gradient":""},"mobile":{"background-color":"var(--ast-global-color-5)","background-image":"","background-repeat":"repeat","background-position":"center center","background-size":"auto","background-attachment":"scroll","background-type":"","background-media":"","overlay-type":"","overlay-color":"","overlay-opacity":"","overlay-gradient":""}},"footnotes":""},"class_list":["post-5364","page","type-page","status-publish","hentry"],"_links":{"self":[{"href":"https:\/\/kdp-law.com\/es\/wp-json\/wp\/v2\/pages\/5364","targetHints":{"allow":["GET"]}}],"collection":[{"href":"https:\/\/kdp-law.com\/es\/wp-json\/wp\/v2\/pages"}],"about":[{"href":"https:\/\/kdp-law.com\/es\/wp-json\/wp\/v2\/types\/page"}],"author":[{"embeddable":true,"href":"https:\/\/kdp-law.com\/es\/wp-json\/wp\/v2\/users\/7"}],"replies":[{"embeddable":true,"href":"https:\/\/kdp-law.com\/es\/wp-json\/wp\/v2\/comments?post=5364"}],"version-history":[{"count":4,"href":"https:\/\/kdp-law.com\/es\/wp-json\/wp\/v2\/pages\/5364\/revisions"}],"predecessor-version":[{"id":5487,"href":"https:\/\/kdp-law.com\/es\/wp-json\/wp\/v2\/pages\/5364\/revisions\/5487"}],"wp:attachment":[{"href":"https:\/\/kdp-law.com\/es\/wp-json\/wp\/v2\/media?parent=5364"}],"curies":[{"name":"wp","href":"https:\/\/api.w.org\/{rel}","templated":true}]}}