{"id":5367,"date":"2024-02-06T15:35:04","date_gmt":"2024-02-06T13:35:04","guid":{"rendered":"https:\/\/kdp-law.com\/restructuring-turnaround-insolvency\/"},"modified":"2026-01-10T16:46:15","modified_gmt":"2026-01-10T14:46:15","slug":"reestructuraciones-e-insolvencia","status":"publish","type":"page","link":"https:\/\/kdp-law.com\/es\/reestructuraciones-e-insolvencia\/","title":{"rendered":"Reestructuraciones e insolvencia"},"content":{"rendered":"\t\t<div data-elementor-type=\"wp-page\" data-elementor-id=\"5367\" class=\"elementor elementor-5367 elementor-4066\" data-elementor-post-type=\"page\">\n\t\t\t\t\t\t<section class=\"elementor-section elementor-top-section elementor-element elementor-element-1d608d21 elementor-section-boxed elementor-section-height-default elementor-section-height-default\" data-id=\"1d608d21\" data-element_type=\"section\" data-e-type=\"section\" data-settings=\"{&quot;background_background&quot;:&quot;classic&quot;}\">\n\t\t\t\t\t\t\t<div class=\"elementor-background-overlay\"><\/div>\n\t\t\t\t\t\t\t<div class=\"elementor-container elementor-column-gap-wide\">\n\t\t\t\t\t<div class=\"elementor-column elementor-col-100 elementor-top-column elementor-element elementor-element-389cf64f\" data-id=\"389cf64f\" data-element_type=\"column\" data-e-type=\"column\">\n\t\t\t<div class=\"elementor-widget-wrap elementor-element-populated\">\n\t\t\t\t\t\t<div class=\"elementor-element elementor-element-3eb6dd10 elementor-widget elementor-widget-heading\" data-id=\"3eb6dd10\" data-element_type=\"widget\" data-e-type=\"widget\" data-widget_type=\"heading.default\">\n\t\t\t\t<div class=\"elementor-widget-container\">\n\t\t\t\t\t<h5 class=\"elementor-heading-title elementor-size-default\">\u00c1REAS DEL DERECHO<\/h5>\t\t\t\t<\/div>\n\t\t\t\t<\/div>\n\t\t\t\t\t<\/div>\n\t\t<\/div>\n\t\t\t\t\t<\/div>\n\t\t<\/section>\n\t\t\t\t<section class=\"elementor-section elementor-top-section elementor-element elementor-element-5f2681da elementor-section-boxed elementor-section-height-default elementor-section-height-default\" data-id=\"5f2681da\" data-element_type=\"section\" data-e-type=\"section\">\n\t\t\t\t\t\t<div class=\"elementor-container elementor-column-gap-wide\">\n\t\t\t\t\t<div class=\"elementor-column elementor-col-100 elementor-top-column elementor-element elementor-element-453f7dd8\" data-id=\"453f7dd8\" data-element_type=\"column\" data-e-type=\"column\">\n\t\t\t<div class=\"elementor-widget-wrap elementor-element-populated\">\n\t\t\t\t\t\t<div class=\"elementor-element elementor-element-2a0f3e4c elementor-widget elementor-widget-text-editor\" data-id=\"2a0f3e4c\" data-element_type=\"widget\" data-e-type=\"widget\" data-widget_type=\"text-editor.default\">\n\t\t\t\t<div class=\"elementor-widget-container\">\n\t\t\t\t\t\t\t\t\t<p>La recuperaci\u00f3n financiera de empresas en dificultades siempre conlleva aspectos legales complejos que requieren un profundo conocimiento de las finanzas corporativas, el derecho mercantil y contractual, la normativa sobre insolvencia, experiencia en litigios y habilidades de negociaci\u00f3n.<\/p><p>Nuestro equipo est\u00e1 perfectamente preparado para guiarle a trav\u00e9s de este intrincado panorama. Ofrecemos servicios legales en los siguientes asuntos relacionados con la insolvencia:<\/p><ul><li><strong>Procedimientos de estabilizaci\u00f3n.<\/strong><\/li><li><strong>Planes de reestructuraci\u00f3n.<\/strong><\/li><li><strong>Inicio de procedimientos de insolvencia.<\/strong><\/li><li><strong>Asesoramiento sobre los derechos de los acreedores y deudores en procedimientos de insolvencia.<\/strong><\/li><li><strong>Reestructuraci\u00f3n de la deuda.<\/strong><\/li><li><strong>Transacciones realizadas en el per\u00edodo sospechoso.<\/strong><\/li><li><strong>Representaci\u00f3n del comit\u00e9 de acreedores.<\/strong><\/li><li><strong>Localizaci\u00f3n de activos.<\/strong><\/li><li><strong>Litigios por insolvencia.<\/strong><\/li><li><strong>Admisi\u00f3n de nuevos acreedores en procedimientos de insolvencia pendientes.<\/strong><\/li><li><strong>Venta de activos en dificultades o de toda la empresa insolvente.<\/strong><\/li><li><strong>Obligaciones de los administradores en caso de insolvencia.<\/strong><\/li><\/ul><p>Nuestro equipo se compromete a proporcionar servicios especializados en reestructuraci\u00f3n e insolvencia. Si podemos ayudarle, no dude en ponerse en contacto con nosotros.<\/p>\t\t\t\t\t\t\t\t<\/div>\n\t\t\t\t<\/div>\n\t\t\t\t<div class=\"elementor-element elementor-element-513b0a7 elementor-widget elementor-widget-button\" data-id=\"513b0a7\" data-element_type=\"widget\" data-e-type=\"widget\" data-widget_type=\"button.default\">\n\t\t\t\t<div class=\"elementor-widget-container\">\n\t\t\t\t\t\t\t\t\t<div class=\"elementor-button-wrapper\">\n\t\t\t\t\t<a class=\"elementor-button elementor-button-link elementor-size-sm\" href=\"https:\/\/kdp-law.com\/es\/especialidades\/\">\n\t\t\t\t\t\t<span class=\"elementor-button-content-wrapper\">\n\t\t\t\t\t\t<span class=\"elementor-button-icon\">\n\t\t\t\t<i aria-hidden=\"true\" class=\"fas fa-long-arrow-alt-left\"><\/i>\t\t\t<\/span>\n\t\t\t\t\t\t\t\t\t<span class=\"elementor-button-text\">ESPECIALIDADES<\/span>\n\t\t\t\t\t<\/span>\n\t\t\t\t\t<\/a>\n\t\t\t\t<\/div>\n\t\t\t\t\t\t\t\t<\/div>\n\t\t\t\t<\/div>\n\t\t\t\t\t<\/div>\n\t\t<\/div>\n\t\t\t\t\t<\/div>\n\t\t<\/section>\n\t\t\t\t<\/div>\n\t\t","protected":false},"excerpt":{"rendered":"<p>\u00c1REAS DEL DERECHO La recuperaci\u00f3n financiera de empresas en dificultades siempre conlleva aspectos legales complejos que requieren un profundo conocimiento de las finanzas corporativas, el derecho mercantil y contractual, la normativa sobre insolvencia, experiencia en litigios y habilidades de negociaci\u00f3n. Nuestro equipo est\u00e1 perfectamente preparado para guiarle a trav\u00e9s de este intrincado panorama. Ofrecemos servicios [&hellip;]<\/p>\n","protected":false},"author":7,"featured_media":0,"parent":0,"menu_order":0,"comment_status":"closed","ping_status":"closed","template":"","meta":{"site-sidebar-layout":"no-sidebar","site-content-layout":"page-builder","ast-site-content-layout":"full-width-container","site-content-style":"default","site-sidebar-style":"default","ast-global-header-display":"","ast-banner-title-visibility":"","ast-main-header-display":"","ast-hfb-above-header-display":"","ast-hfb-below-header-display":"","ast-hfb-mobile-header-display":"","site-post-title":"disabled","ast-breadcrumbs-content":"","ast-featured-img":"disabled","footer-sml-layout":"","ast-disable-related-posts":"","theme-transparent-header-meta":"","adv-header-id-meta":"","stick-header-meta":"","header-above-stick-meta":"","header-main-stick-meta":"","header-below-stick-meta":"","astra-migrate-meta-layouts":"set","ast-page-background-enabled":"default","ast-page-background-meta":{"desktop":{"background-color":"","background-image":"","background-repeat":"repeat","background-position":"center center","background-size":"auto","background-attachment":"scroll","background-type":"","background-media":"","overlay-type":"","overlay-color":"","overlay-opacity":"","overlay-gradient":""},"tablet":{"background-color":"","background-image":"","background-repeat":"repeat","background-position":"center center","background-size":"auto","background-attachment":"scroll","background-type":"","background-media":"","overlay-type":"","overlay-color":"","overlay-opacity":"","overlay-gradient":""},"mobile":{"background-color":"","background-image":"","background-repeat":"repeat","background-position":"center center","background-size":"auto","background-attachment":"scroll","background-type":"","background-media":"","overlay-type":"","overlay-color":"","overlay-opacity":"","overlay-gradient":""}},"ast-content-background-meta":{"desktop":{"background-color":"var(--ast-global-color-5)","background-image":"","background-repeat":"repeat","background-position":"center center","background-size":"auto","background-attachment":"scroll","background-type":"","background-media":"","overlay-type":"","overlay-color":"","overlay-opacity":"","overlay-gradient":""},"tablet":{"background-color":"var(--ast-global-color-5)","background-image":"","background-repeat":"repeat","background-position":"center center","background-size":"auto","background-attachment":"scroll","background-type":"","background-media":"","overlay-type":"","overlay-color":"","overlay-opacity":"","overlay-gradient":""},"mobile":{"background-color":"var(--ast-global-color-5)","background-image":"","background-repeat":"repeat","background-position":"center center","background-size":"auto","background-attachment":"scroll","background-type":"","background-media":"","overlay-type":"","overlay-color":"","overlay-opacity":"","overlay-gradient":""}},"footnotes":""},"class_list":["post-5367","page","type-page","status-publish","hentry"],"_links":{"self":[{"href":"https:\/\/kdp-law.com\/es\/wp-json\/wp\/v2\/pages\/5367","targetHints":{"allow":["GET"]}}],"collection":[{"href":"https:\/\/kdp-law.com\/es\/wp-json\/wp\/v2\/pages"}],"about":[{"href":"https:\/\/kdp-law.com\/es\/wp-json\/wp\/v2\/types\/page"}],"author":[{"embeddable":true,"href":"https:\/\/kdp-law.com\/es\/wp-json\/wp\/v2\/users\/7"}],"replies":[{"embeddable":true,"href":"https:\/\/kdp-law.com\/es\/wp-json\/wp\/v2\/comments?post=5367"}],"version-history":[{"count":10,"href":"https:\/\/kdp-law.com\/es\/wp-json\/wp\/v2\/pages\/5367\/revisions"}],"predecessor-version":[{"id":5490,"href":"https:\/\/kdp-law.com\/es\/wp-json\/wp\/v2\/pages\/5367\/revisions\/5490"}],"wp:attachment":[{"href":"https:\/\/kdp-law.com\/es\/wp-json\/wp\/v2\/media?parent=5367"}],"curies":[{"name":"wp","href":"https:\/\/api.w.org\/{rel}","templated":true}]}}