{"id":5376,"date":"2024-02-06T15:36:45","date_gmt":"2024-02-06T13:36:45","guid":{"rendered":"https:\/\/kdp-law.com\/automotive\/"},"modified":"2026-01-10T13:01:14","modified_gmt":"2026-01-10T11:01:14","slug":"automotriz","status":"publish","type":"page","link":"https:\/\/kdp-law.com\/es\/automotriz\/","title":{"rendered":"Automotriz"},"content":{"rendered":"\t\t<div data-elementor-type=\"wp-page\" data-elementor-id=\"5376\" class=\"elementor elementor-5376 elementor-4073\" data-elementor-post-type=\"page\">\n\t\t\t\t\t\t<section class=\"elementor-section elementor-top-section elementor-element elementor-element-3d7fcd3 elementor-section-boxed elementor-section-height-default elementor-section-height-default\" data-id=\"3d7fcd3\" data-element_type=\"section\" data-e-type=\"section\" data-settings=\"{&quot;background_background&quot;:&quot;classic&quot;}\">\n\t\t\t\t\t\t\t<div class=\"elementor-background-overlay\"><\/div>\n\t\t\t\t\t\t\t<div class=\"elementor-container elementor-column-gap-wide\">\n\t\t\t\t\t<div class=\"elementor-column elementor-col-100 elementor-top-column elementor-element elementor-element-7263975c\" data-id=\"7263975c\" data-element_type=\"column\" data-e-type=\"column\">\n\t\t\t<div class=\"elementor-widget-wrap elementor-element-populated\">\n\t\t\t\t\t\t<div class=\"elementor-element elementor-element-42adf05e elementor-widget elementor-widget-heading\" data-id=\"42adf05e\" data-element_type=\"widget\" data-e-type=\"widget\" data-widget_type=\"heading.default\">\n\t\t\t\t<div class=\"elementor-widget-container\">\n\t\t\t\t\t<h5 class=\"elementor-heading-title elementor-size-default\">SECTORES<\/h5>\t\t\t\t<\/div>\n\t\t\t\t<\/div>\n\t\t\t\t\t<\/div>\n\t\t<\/div>\n\t\t\t\t\t<\/div>\n\t\t<\/section>\n\t\t\t\t<section class=\"elementor-section elementor-top-section elementor-element elementor-element-39181883 elementor-section-boxed elementor-section-height-default elementor-section-height-default\" data-id=\"39181883\" data-element_type=\"section\" data-e-type=\"section\">\n\t\t\t\t\t\t<div class=\"elementor-container elementor-column-gap-wide\">\n\t\t\t\t\t<div class=\"elementor-column elementor-col-100 elementor-top-column elementor-element elementor-element-7d6f2bb9\" data-id=\"7d6f2bb9\" data-element_type=\"column\" data-e-type=\"column\">\n\t\t\t<div class=\"elementor-widget-wrap elementor-element-populated\">\n\t\t\t\t\t\t<div class=\"elementor-element elementor-element-19dea3e3 elementor-widget elementor-widget-text-editor\" data-id=\"19dea3e3\" data-element_type=\"widget\" data-e-type=\"widget\" data-widget_type=\"text-editor.default\">\n\t\t\t\t<div class=\"elementor-widget-container\">\n\t\t\t\t\t\t\t\t\t<p>El sector automotriz est\u00e1 experimentando una gran transformaci\u00f3n, impulsada por la innovaci\u00f3n tecnol\u00f3gica, las normativas de cumplimiento extremadamente din\u00e1micas, la demanda de los consumidores y la competencia global. El sector se enfrenta a numerosos retos y oportunidades, como la electrificaci\u00f3n, los veh\u00edculos aut\u00f3nomos, los servicios de movilidad, la digitalizaci\u00f3n y la sostenibilidad. Para tener \u00e9xito en este mercado en r\u00e1pida evoluci\u00f3n, los clientes del sector automotriz necesitan un bufete de abogados que comprenda su negocio y pueda proporcionarles soluciones jur\u00eddicas pr\u00e1cticas y eficaces.<\/p><p>Como equipo con experiencia en el sector automotriz, podemos ayudarle a alcanzar sus objetivos y superar sus retos. A continuaci\u00f3n, se incluye una lista no exhaustiva de \u00e1reas relacionadas con el sector automotriz en las que podemos prestar servicios jur\u00eddicos:<\/p><ul><li><strong>Redacci\u00f3n y negociaci\u00f3n de contratos comerciales, tales como contratos de suministro, log\u00edstica, almacenamiento, servicios, etc.<\/strong><\/li><li><strong>Asesoramiento y negociaci\u00f3n en materia de adquisici\u00f3n, construcci\u00f3n y arrendamiento de propiedades<\/strong><\/li><li><strong>Acuerdos de distribuci\u00f3n, agencia, franquicia y concesi\u00f3n<\/strong><\/li><li><strong>Empresas conjuntas<\/strong><\/li><li><strong>Cumplimiento de la normativa en materia de competencia y antimonopolio<\/strong><\/li><li><strong>Cuestiones relacionadas con la seguridad y la responsabilidad de los productos, incluidas las garant\u00edas y las retiradas del mercado<\/strong><\/li><li><strong>Desarrollo, adquisici\u00f3n, protecci\u00f3n y concesi\u00f3n de licencias de propiedad intelectual<\/strong><\/li><li><strong>Financiaci\u00f3n, inversiones y alianzas estrat\u00e9gicas<\/strong><\/li><li><strong>Asuntos laborales<\/strong><\/li><li><strong>Adquisici\u00f3n y desinversi\u00f3n de tecnolog\u00eda y\/o negocios<\/strong><\/li><li><strong>Cumplimiento normativo y ESG<\/strong><\/li><li><strong>Asuntos medioambientales y de gesti\u00f3n de residuos<\/strong><\/li><li><strong>Conectividad y privacidad de datos<\/strong><\/li><li><strong>Disputas administrativas, comerciales y laborales<\/strong><\/li><\/ul><p>D\u00e9jenos ser su socio legal y ocuparnos de sus asuntos legales.<\/p>\t\t\t\t\t\t\t\t<\/div>\n\t\t\t\t<\/div>\n\t\t\t\t<div class=\"elementor-element elementor-element-dce320a elementor-widget elementor-widget-button\" data-id=\"dce320a\" data-element_type=\"widget\" data-e-type=\"widget\" data-widget_type=\"button.default\">\n\t\t\t\t<div class=\"elementor-widget-container\">\n\t\t\t\t\t\t\t\t\t<div class=\"elementor-button-wrapper\">\n\t\t\t\t\t<a class=\"elementor-button elementor-button-link elementor-size-sm\" href=\"https:\/\/kdp-law.com\/es\/especialidades\/\">\n\t\t\t\t\t\t<span class=\"elementor-button-content-wrapper\">\n\t\t\t\t\t\t<span class=\"elementor-button-icon\">\n\t\t\t\t<i aria-hidden=\"true\" class=\"fas fa-long-arrow-alt-left\"><\/i>\t\t\t<\/span>\n\t\t\t\t\t\t\t\t\t<span class=\"elementor-button-text\">SECTORES<\/span>\n\t\t\t\t\t<\/span>\n\t\t\t\t\t<\/a>\n\t\t\t\t<\/div>\n\t\t\t\t\t\t\t\t<\/div>\n\t\t\t\t<\/div>\n\t\t\t\t\t<\/div>\n\t\t<\/div>\n\t\t\t\t\t<\/div>\n\t\t<\/section>\n\t\t\t\t<\/div>\n\t\t","protected":false},"excerpt":{"rendered":"<p>SECTORES El sector automotriz est\u00e1 experimentando una gran transformaci\u00f3n, impulsada por la innovaci\u00f3n tecnol\u00f3gica, las normativas de cumplimiento extremadamente din\u00e1micas, la demanda de los consumidores y la competencia global. El sector se enfrenta a numerosos retos y oportunidades, como la electrificaci\u00f3n, los veh\u00edculos aut\u00f3nomos, los servicios de movilidad, la digitalizaci\u00f3n y la sostenibilidad. Para tener [&hellip;]<\/p>\n","protected":false},"author":7,"featured_media":0,"parent":0,"menu_order":0,"comment_status":"closed","ping_status":"closed","template":"","meta":{"site-sidebar-layout":"no-sidebar","site-content-layout":"page-builder","ast-site-content-layout":"full-width-container","site-content-style":"default","site-sidebar-style":"default","ast-global-header-display":"","ast-banner-title-visibility":"","ast-main-header-display":"","ast-hfb-above-header-display":"","ast-hfb-below-header-display":"","ast-hfb-mobile-header-display":"","site-post-title":"disabled","ast-breadcrumbs-content":"","ast-featured-img":"disabled","footer-sml-layout":"","ast-disable-related-posts":"","theme-transparent-header-meta":"","adv-header-id-meta":"","stick-header-meta":"","header-above-stick-meta":"","header-main-stick-meta":"","header-below-stick-meta":"","astra-migrate-meta-layouts":"set","ast-page-background-enabled":"default","ast-page-background-meta":{"desktop":{"background-color":"","background-image":"","background-repeat":"repeat","background-position":"center center","background-size":"auto","background-attachment":"scroll","background-type":"","background-media":"","overlay-type":"","overlay-color":"","overlay-opacity":"","overlay-gradient":""},"tablet":{"background-color":"","background-image":"","background-repeat":"repeat","background-position":"center center","background-size":"auto","background-attachment":"scroll","background-type":"","background-media":"","overlay-type":"","overlay-color":"","overlay-opacity":"","overlay-gradient":""},"mobile":{"background-color":"","background-image":"","background-repeat":"repeat","background-position":"center center","background-size":"auto","background-attachment":"scroll","background-type":"","background-media":"","overlay-type":"","overlay-color":"","overlay-opacity":"","overlay-gradient":""}},"ast-content-background-meta":{"desktop":{"background-color":"var(--ast-global-color-5)","background-image":"","background-repeat":"repeat","background-position":"center center","background-size":"auto","background-attachment":"scroll","background-type":"","background-media":"","overlay-type":"","overlay-color":"","overlay-opacity":"","overlay-gradient":""},"tablet":{"background-color":"var(--ast-global-color-5)","background-image":"","background-repeat":"repeat","background-position":"center center","background-size":"auto","background-attachment":"scroll","background-type":"","background-media":"","overlay-type":"","overlay-color":"","overlay-opacity":"","overlay-gradient":""},"mobile":{"background-color":"var(--ast-global-color-5)","background-image":"","background-repeat":"repeat","background-position":"center center","background-size":"auto","background-attachment":"scroll","background-type":"","background-media":"","overlay-type":"","overlay-color":"","overlay-opacity":"","overlay-gradient":""}},"footnotes":""},"class_list":["post-5376","page","type-page","status-publish","hentry"],"_links":{"self":[{"href":"https:\/\/kdp-law.com\/es\/wp-json\/wp\/v2\/pages\/5376","targetHints":{"allow":["GET"]}}],"collection":[{"href":"https:\/\/kdp-law.com\/es\/wp-json\/wp\/v2\/pages"}],"about":[{"href":"https:\/\/kdp-law.com\/es\/wp-json\/wp\/v2\/types\/page"}],"author":[{"embeddable":true,"href":"https:\/\/kdp-law.com\/es\/wp-json\/wp\/v2\/users\/7"}],"replies":[{"embeddable":true,"href":"https:\/\/kdp-law.com\/es\/wp-json\/wp\/v2\/comments?post=5376"}],"version-history":[{"count":7,"href":"https:\/\/kdp-law.com\/es\/wp-json\/wp\/v2\/pages\/5376\/revisions"}],"predecessor-version":[{"id":5384,"href":"https:\/\/kdp-law.com\/es\/wp-json\/wp\/v2\/pages\/5376\/revisions\/5384"}],"wp:attachment":[{"href":"https:\/\/kdp-law.com\/es\/wp-json\/wp\/v2\/media?parent=5376"}],"curies":[{"name":"wp","href":"https:\/\/api.w.org\/{rel}","templated":true}]}}