{"id":5385,"date":"2024-02-06T15:39:58","date_gmt":"2024-02-06T13:39:58","guid":{"rendered":"https:\/\/kdp-law.com\/construction\/"},"modified":"2026-01-10T13:04:02","modified_gmt":"2026-01-10T11:04:02","slug":"construccion","status":"publish","type":"page","link":"https:\/\/kdp-law.com\/es\/construccion\/","title":{"rendered":"Construcci\u00f3n"},"content":{"rendered":"\t\t<div data-elementor-type=\"wp-page\" data-elementor-id=\"5385\" class=\"elementor elementor-5385 elementor-4085\" data-elementor-post-type=\"page\">\n\t\t\t\t\t\t<section class=\"elementor-section elementor-top-section elementor-element elementor-element-88f612c elementor-section-boxed elementor-section-height-default elementor-section-height-default\" data-id=\"88f612c\" data-element_type=\"section\" data-e-type=\"section\" data-settings=\"{&quot;background_background&quot;:&quot;classic&quot;}\">\n\t\t\t\t\t\t\t<div class=\"elementor-background-overlay\"><\/div>\n\t\t\t\t\t\t\t<div class=\"elementor-container elementor-column-gap-wide\">\n\t\t\t\t\t<div class=\"elementor-column elementor-col-100 elementor-top-column elementor-element elementor-element-4ae23dcb\" data-id=\"4ae23dcb\" data-element_type=\"column\" data-e-type=\"column\">\n\t\t\t<div class=\"elementor-widget-wrap elementor-element-populated\">\n\t\t\t\t\t\t<div class=\"elementor-element elementor-element-5997ba58 elementor-widget elementor-widget-heading\" data-id=\"5997ba58\" data-element_type=\"widget\" data-e-type=\"widget\" data-widget_type=\"heading.default\">\n\t\t\t\t<div class=\"elementor-widget-container\">\n\t\t\t\t\t<h5 class=\"elementor-heading-title elementor-size-default\">SECTORES<\/h5>\t\t\t\t<\/div>\n\t\t\t\t<\/div>\n\t\t\t\t\t<\/div>\n\t\t<\/div>\n\t\t\t\t\t<\/div>\n\t\t<\/section>\n\t\t\t\t<section class=\"elementor-section elementor-top-section elementor-element elementor-element-3978ea23 elementor-section-boxed elementor-section-height-default elementor-section-height-default\" data-id=\"3978ea23\" data-element_type=\"section\" data-e-type=\"section\">\n\t\t\t\t\t\t<div class=\"elementor-container elementor-column-gap-wide\">\n\t\t\t\t\t<div class=\"elementor-column elementor-col-100 elementor-top-column elementor-element elementor-element-258399a9\" data-id=\"258399a9\" data-element_type=\"column\" data-e-type=\"column\">\n\t\t\t<div class=\"elementor-widget-wrap elementor-element-populated\">\n\t\t\t\t\t\t<div class=\"elementor-element elementor-element-3cc3f081 elementor-widget elementor-widget-text-editor\" data-id=\"3cc3f081\" data-element_type=\"widget\" data-e-type=\"widget\" data-widget_type=\"text-editor.default\">\n\t\t\t\t<div class=\"elementor-widget-container\">\n\t\t\t\t\t\t\t\t\t<p>Como uno de los sectores m\u00e1s importantes y diversos de la econom\u00eda, el sector de la construcci\u00f3n contribuye al desarrollo de infraestructuras, la urbanizaci\u00f3n, la vivienda social, el uso de fuentes de energ\u00eda renovables y mucho m\u00e1s. El sector se enfrenta a una serie de retos, como los tradicionales relacionados con las condiciones econ\u00f3micas din\u00e1micas, las dificultades de financiaci\u00f3n y suministro de proyectos, las disputas contractuales, la gesti\u00f3n de la salud y la seguridad, la mitigaci\u00f3n del impacto medioambiental, las regulaciones sobre el uso del suelo y las limitaciones de zonificaci\u00f3n, pero al mismo tiempo se enfrenta a muchas oportunidades, como las innovaciones tecnol\u00f3gicas, el aumento del tipo y la calidad de los materiales, la digitalizaci\u00f3n de los procesos y la sostenibilidad. Para tener \u00e9xito en este mercado competitivo y complejo, los clientes del sector de la construcci\u00f3n necesitan un equipo jur\u00eddico que conozca y comprenda suficientemente no solo la legislaci\u00f3n, sino tambi\u00e9n las particularidades del negocio, a fin de proporcionar soluciones jur\u00eddicas estrat\u00e9gicas y eficaces.<\/p><p>Los miembros de nuestro equipo tienen amplia experiencia en asesorar a clientes sobre la implementaci\u00f3n de diversas iniciativas de construcci\u00f3n a cualquier escala, desde grandes y complejas infraestructuras, pasando por instalaciones de producci\u00f3n, hasta propiedades comerciales y residenciales. Ayudamos a nuestros clientes a alcanzar sus objetivos y superar los retos a los que se enfrentan, proporcion\u00e1ndoles asesoramiento jur\u00eddico pragm\u00e1tico y soluciones adecuadas para el negocio y adaptadas a sus necesidades.<\/p><p>A continuaci\u00f3n, se incluye una lista no exhaustiva de nuestros servicios jur\u00eddicos en el sector de la construcci\u00f3n:<\/p><ul><li><strong>Diligencia debida legal de bienes ra\u00edces con vistas a su desarrollo.<\/strong><\/li><li><strong>An\u00e1lisis legal de las disposiciones generales y detalladas del plan de desarrollo.<\/strong><\/li><li><strong>Asesoramiento sobre la normativa de construcci\u00f3n y asistencia en la obtenci\u00f3n de la documentaci\u00f3n de construcci\u00f3n necesaria.<\/strong><\/li><li><strong>Redacci\u00f3n de acuerdos para la creaci\u00f3n de derechos de construcci\u00f3n de propiedades.<\/strong><\/li><li><strong>Asistencia legal en los procedimientos de conversi\u00f3n del uso del suelo y aprobaci\u00f3n de planes de zonificaci\u00f3n y desarrollo.<\/strong><\/li><li><strong>Asesoramiento legal sobre el desarrollo de bienes ra\u00edces comerciales, industriales, log\u00edsticos y residenciales.<\/strong><\/li><li><strong>Asistencia legal en la puesta en servicio de la construcci\u00f3n terminada.<\/strong><\/li><li><strong>Asesoramiento sobre el cumplimiento legal de las construcciones terminadas con las disposiciones de los planes de zonificaci\u00f3n y catastrales.<\/strong><\/li><li><strong>Asesoramiento sobre la financiaci\u00f3n de proyectos (deuda y capital).<\/strong><\/li><li><strong>Estructuraci\u00f3n, redacci\u00f3n y negociaci\u00f3n de contratos relacionados con la construcci\u00f3n, como EPC, EPCM, FEED, O&amp;M, etc.<\/strong><\/li><li><strong>Asesoramiento y redacci\u00f3n de la documentaci\u00f3n pertinente para las estructuras de contrataci\u00f3n.<\/strong><\/li><li><strong>Asesoramiento sobre requisitos de salud y seguridad.<\/strong><\/li><li><strong>Asistencia jur\u00eddica en transacciones de activos inmobiliarios y carteras.<\/strong><\/li><li><strong>Asistencia jur\u00eddica en la gesti\u00f3n de propiedades.<\/strong><\/li><li><strong>Asesoramiento sobre cuestiones medioambientales y de sostenibilidad.<\/strong><\/li><li><strong>Representaci\u00f3n en litigios relacionados con la zonificaci\u00f3n y la construcci\u00f3n.<\/strong><\/li><\/ul><p>Cont\u00e1ctenos y d\u00e9jenos ocuparnos de los retos legales a los que se enfrenta en sus proyectos de construcci\u00f3n.<\/p>\t\t\t\t\t\t\t\t<\/div>\n\t\t\t\t<\/div>\n\t\t\t\t<div class=\"elementor-element elementor-element-6f6c829 elementor-widget elementor-widget-button\" data-id=\"6f6c829\" data-element_type=\"widget\" data-e-type=\"widget\" data-widget_type=\"button.default\">\n\t\t\t\t<div class=\"elementor-widget-container\">\n\t\t\t\t\t\t\t\t\t<div class=\"elementor-button-wrapper\">\n\t\t\t\t\t<a class=\"elementor-button elementor-button-link elementor-size-sm\" href=\"https:\/\/kdp-law.com\/es\/especialidades\/\">\n\t\t\t\t\t\t<span class=\"elementor-button-content-wrapper\">\n\t\t\t\t\t\t<span class=\"elementor-button-icon\">\n\t\t\t\t<i aria-hidden=\"true\" class=\"fas fa-long-arrow-alt-left\"><\/i>\t\t\t<\/span>\n\t\t\t\t\t\t\t\t\t<span class=\"elementor-button-text\">SECTORES<\/span>\n\t\t\t\t\t<\/span>\n\t\t\t\t\t<\/a>\n\t\t\t\t<\/div>\n\t\t\t\t\t\t\t\t<\/div>\n\t\t\t\t<\/div>\n\t\t\t\t\t<\/div>\n\t\t<\/div>\n\t\t\t\t\t<\/div>\n\t\t<\/section>\n\t\t\t\t<\/div>\n\t\t","protected":false},"excerpt":{"rendered":"<p>SECTORES Como uno de los sectores m\u00e1s importantes y diversos de la econom\u00eda, el sector de la construcci\u00f3n contribuye al desarrollo de infraestructuras, la urbanizaci\u00f3n, la vivienda social, el uso de fuentes de energ\u00eda renovables y mucho m\u00e1s. El sector se enfrenta a una serie de retos, como los tradicionales relacionados con las condiciones econ\u00f3micas [&hellip;]<\/p>\n","protected":false},"author":7,"featured_media":0,"parent":0,"menu_order":0,"comment_status":"closed","ping_status":"closed","template":"","meta":{"site-sidebar-layout":"no-sidebar","site-content-layout":"page-builder","ast-site-content-layout":"full-width-container","site-content-style":"default","site-sidebar-style":"default","ast-global-header-display":"","ast-banner-title-visibility":"","ast-main-header-display":"","ast-hfb-above-header-display":"","ast-hfb-below-header-display":"","ast-hfb-mobile-header-display":"","site-post-title":"disabled","ast-breadcrumbs-content":"","ast-featured-img":"disabled","footer-sml-layout":"","ast-disable-related-posts":"","theme-transparent-header-meta":"","adv-header-id-meta":"","stick-header-meta":"","header-above-stick-meta":"","header-main-stick-meta":"","header-below-stick-meta":"","astra-migrate-meta-layouts":"set","ast-page-background-enabled":"default","ast-page-background-meta":{"desktop":{"background-color":"","background-image":"","background-repeat":"repeat","background-position":"center center","background-size":"auto","background-attachment":"scroll","background-type":"","background-media":"","overlay-type":"","overlay-color":"","overlay-opacity":"","overlay-gradient":""},"tablet":{"background-color":"","background-image":"","background-repeat":"repeat","background-position":"center center","background-size":"auto","background-attachment":"scroll","background-type":"","background-media":"","overlay-type":"","overlay-color":"","overlay-opacity":"","overlay-gradient":""},"mobile":{"background-color":"","background-image":"","background-repeat":"repeat","background-position":"center center","background-size":"auto","background-attachment":"scroll","background-type":"","background-media":"","overlay-type":"","overlay-color":"","overlay-opacity":"","overlay-gradient":""}},"ast-content-background-meta":{"desktop":{"background-color":"var(--ast-global-color-5)","background-image":"","background-repeat":"repeat","background-position":"center center","background-size":"auto","background-attachment":"scroll","background-type":"","background-media":"","overlay-type":"","overlay-color":"","overlay-opacity":"","overlay-gradient":""},"tablet":{"background-color":"var(--ast-global-color-5)","background-image":"","background-repeat":"repeat","background-position":"center center","background-size":"auto","background-attachment":"scroll","background-type":"","background-media":"","overlay-type":"","overlay-color":"","overlay-opacity":"","overlay-gradient":""},"mobile":{"background-color":"var(--ast-global-color-5)","background-image":"","background-repeat":"repeat","background-position":"center center","background-size":"auto","background-attachment":"scroll","background-type":"","background-media":"","overlay-type":"","overlay-color":"","overlay-opacity":"","overlay-gradient":""}},"footnotes":""},"class_list":["post-5385","page","type-page","status-publish","hentry"],"_links":{"self":[{"href":"https:\/\/kdp-law.com\/es\/wp-json\/wp\/v2\/pages\/5385","targetHints":{"allow":["GET"]}}],"collection":[{"href":"https:\/\/kdp-law.com\/es\/wp-json\/wp\/v2\/pages"}],"about":[{"href":"https:\/\/kdp-law.com\/es\/wp-json\/wp\/v2\/types\/page"}],"author":[{"embeddable":true,"href":"https:\/\/kdp-law.com\/es\/wp-json\/wp\/v2\/users\/7"}],"replies":[{"embeddable":true,"href":"https:\/\/kdp-law.com\/es\/wp-json\/wp\/v2\/comments?post=5385"}],"version-history":[{"count":4,"href":"https:\/\/kdp-law.com\/es\/wp-json\/wp\/v2\/pages\/5385\/revisions"}],"predecessor-version":[{"id":5389,"href":"https:\/\/kdp-law.com\/es\/wp-json\/wp\/v2\/pages\/5385\/revisions\/5389"}],"wp:attachment":[{"href":"https:\/\/kdp-law.com\/es\/wp-json\/wp\/v2\/media?parent=5385"}],"curies":[{"name":"wp","href":"https:\/\/api.w.org\/{rel}","templated":true}]}}