{"id":5390,"date":"2024-02-06T15:43:46","date_gmt":"2024-02-06T13:43:46","guid":{"rendered":"https:\/\/kdp-law.com\/energy\/"},"modified":"2026-01-10T14:40:32","modified_gmt":"2026-01-10T12:40:32","slug":"energia","status":"publish","type":"page","link":"https:\/\/kdp-law.com\/es\/energia\/","title":{"rendered":"Energ\u00eda"},"content":{"rendered":"\t\t<div data-elementor-type=\"wp-page\" data-elementor-id=\"5390\" class=\"elementor elementor-5390 elementor-4091\" data-elementor-post-type=\"page\">\n\t\t\t\t\t\t<section class=\"elementor-section elementor-top-section elementor-element elementor-element-23c92ff3 elementor-section-boxed elementor-section-height-default elementor-section-height-default\" data-id=\"23c92ff3\" data-element_type=\"section\" data-e-type=\"section\" data-settings=\"{&quot;background_background&quot;:&quot;classic&quot;}\">\n\t\t\t\t\t\t\t<div class=\"elementor-background-overlay\"><\/div>\n\t\t\t\t\t\t\t<div class=\"elementor-container elementor-column-gap-wide\">\n\t\t\t\t\t<div class=\"elementor-column elementor-col-100 elementor-top-column elementor-element elementor-element-2de7587f\" data-id=\"2de7587f\" data-element_type=\"column\" data-e-type=\"column\">\n\t\t\t<div class=\"elementor-widget-wrap elementor-element-populated\">\n\t\t\t\t\t\t<div class=\"elementor-element elementor-element-49ff5718 elementor-widget elementor-widget-heading\" data-id=\"49ff5718\" data-element_type=\"widget\" data-e-type=\"widget\" data-widget_type=\"heading.default\">\n\t\t\t\t<div class=\"elementor-widget-container\">\n\t\t\t\t\t<h5 class=\"elementor-heading-title elementor-size-default\">SECTORES<\/h5>\t\t\t\t<\/div>\n\t\t\t\t<\/div>\n\t\t\t\t\t<\/div>\n\t\t<\/div>\n\t\t\t\t\t<\/div>\n\t\t<\/section>\n\t\t\t\t<section class=\"elementor-section elementor-top-section elementor-element elementor-element-16e4eeef elementor-section-boxed elementor-section-height-default elementor-section-height-default\" data-id=\"16e4eeef\" data-element_type=\"section\" data-e-type=\"section\">\n\t\t\t\t\t\t<div class=\"elementor-container elementor-column-gap-wide\">\n\t\t\t\t\t<div class=\"elementor-column elementor-col-100 elementor-top-column elementor-element elementor-element-77c87f5a\" data-id=\"77c87f5a\" data-element_type=\"column\" data-e-type=\"column\">\n\t\t\t<div class=\"elementor-widget-wrap elementor-element-populated\">\n\t\t\t\t\t\t<div class=\"elementor-element elementor-element-1db3e36c elementor-widget elementor-widget-text-editor\" data-id=\"1db3e36c\" data-element_type=\"widget\" data-e-type=\"widget\" data-widget_type=\"text-editor.default\">\n\t\t\t\t<div class=\"elementor-widget-container\">\n\t\t\t\t\t\t\t\t\t<p>El sector energ\u00e9tico es uno de los m\u00e1s din\u00e1micos, candentes y complejos. Se enfrenta a retos, pero tambi\u00e9n a oportunidades, como el cambio clim\u00e1tico, la transici\u00f3n energ\u00e9tica, la sostenibilidad, la regulaci\u00f3n y las pol\u00edticas, la satisfacci\u00f3n del cliente, la seguridad y la resiliencia, y la innovaci\u00f3n y la digitalizaci\u00f3n.<\/p><p>Para tener \u00e9xito en este sector en r\u00e1pida evoluci\u00f3n, los clientes del sector energ\u00e9tico necesitan un bufete de abogados con experiencia y un profundo conocimiento de la normativa energ\u00e9tica y las pr\u00e1cticas del mercado, pero tambi\u00e9n de los retos asociados y sus tendencias. Contamos con lo necesario para ofrecer soluciones jur\u00eddicas integrales y eficaces.<\/p><p>Prestamos servicios jur\u00eddicos a nuestros clientes en toda la gama de asuntos relacionados con la energ\u00eda:<\/p><ul><li><strong>Diligencia debida legal de proyectos greenfield y activos y negocios brownfield.<\/strong><\/li><li><strong>Financiaci\u00f3n de proyectos greenfield y activos brownfield o adquisici\u00f3n de negocios.<\/strong><\/li><li><strong>Desarrollo de proyectos greenfield y mejora de activos brownfield.<\/strong><\/li><li><strong>Obtenci\u00f3n de permisos y financiaci\u00f3n de proyectos de infraestructura energ\u00e9tica a gran y peque\u00f1a escala.<\/strong><\/li><li><strong>Asesoramiento normativo.<\/strong><\/li><li><strong>Contratos relacionados con la energ\u00eda, por ejemplo, contratos de suministro y venta de energ\u00eda, EPC, O&amp;M, acuerdos de compra, PPA, CFD, etc.<\/strong><\/li><li><strong>Licencias para centrales el\u00e9ctricas.<\/strong><\/li><li><strong>Licencias para actividades comerciales y de otro tipo en el sector de la electricidad y el gas.<\/strong><\/li><li><strong>Operaciones de fusiones y adquisiciones relacionadas con proyectos greenfield y activos o negocios brownfield.<\/strong><\/li><li><strong>Cumplimiento de la normativa medioambiental.<\/strong><\/li><li><strong>Asesoramiento sobre el cumplimiento de la normativa antimonopolio.<\/strong><\/li><li><strong>Litigios administrativos o comerciales relacionados con la energ\u00eda.<\/strong><\/li><\/ul><p>Los sectores clave en los que operamos incluyen:<\/p><ul><li><strong>Energ\u00edas renovables y generaci\u00f3n de energ\u00eda no convencional y almacenamiento de energ\u00eda<\/strong><\/li><li><strong>Generaci\u00f3n de energ\u00eda convencional<\/strong><\/li><li><strong>Transmisi\u00f3n y distribuci\u00f3n de electricidad y gas natural<\/strong><\/li><li><strong>Mercado downstream del petr\u00f3leo y el gas<\/strong><\/li><li><strong>Comercio de energ\u00eda<\/strong><\/li><li><strong>Captura de carbono<\/strong><\/li><li><strong>Producci\u00f3n y transporte de hidr\u00f3geno<\/strong><\/li><li><strong>Comercio de emisiones<\/strong><\/li><li><strong>Infraestructura energ\u00e9tica<\/strong><\/li><li><strong>Propiedad intelectual relacionada con la energ\u00eda y nuevas tecnolog\u00edas<\/strong><\/li><\/ul><p>Con nuestros conocimientos jur\u00eddicos y nuestra experiencia, podemos ayudarle a superar sus retos y aprovechar sus oportunidades. No dude en ponerse en contacto con nosotros.<\/p>\t\t\t\t\t\t\t\t<\/div>\n\t\t\t\t<\/div>\n\t\t\t\t<div class=\"elementor-element elementor-element-9cf5dd2 elementor-widget elementor-widget-button\" data-id=\"9cf5dd2\" data-element_type=\"widget\" data-e-type=\"widget\" data-widget_type=\"button.default\">\n\t\t\t\t<div class=\"elementor-widget-container\">\n\t\t\t\t\t\t\t\t\t<div class=\"elementor-button-wrapper\">\n\t\t\t\t\t<a class=\"elementor-button elementor-button-link elementor-size-sm\" href=\"https:\/\/kdp-law.com\/es\/especialidades\/\">\n\t\t\t\t\t\t<span class=\"elementor-button-content-wrapper\">\n\t\t\t\t\t\t<span class=\"elementor-button-icon\">\n\t\t\t\t<i aria-hidden=\"true\" class=\"fas fa-long-arrow-alt-left\"><\/i>\t\t\t<\/span>\n\t\t\t\t\t\t\t\t\t<span class=\"elementor-button-text\">SECTORES<\/span>\n\t\t\t\t\t<\/span>\n\t\t\t\t\t<\/a>\n\t\t\t\t<\/div>\n\t\t\t\t\t\t\t\t<\/div>\n\t\t\t\t<\/div>\n\t\t\t\t\t<\/div>\n\t\t<\/div>\n\t\t\t\t\t<\/div>\n\t\t<\/section>\n\t\t\t\t<\/div>\n\t\t","protected":false},"excerpt":{"rendered":"<p>SECTORES El sector energ\u00e9tico es uno de los m\u00e1s din\u00e1micos, candentes y complejos. Se enfrenta a retos, pero tambi\u00e9n a oportunidades, como el cambio clim\u00e1tico, la transici\u00f3n energ\u00e9tica, la sostenibilidad, la regulaci\u00f3n y las pol\u00edticas, la satisfacci\u00f3n del cliente, la seguridad y la resiliencia, y la innovaci\u00f3n y la digitalizaci\u00f3n. Para tener \u00e9xito en este [&hellip;]<\/p>\n","protected":false},"author":7,"featured_media":0,"parent":0,"menu_order":0,"comment_status":"closed","ping_status":"closed","template":"","meta":{"site-sidebar-layout":"no-sidebar","site-content-layout":"page-builder","ast-site-content-layout":"full-width-container","site-content-style":"default","site-sidebar-style":"default","ast-global-header-display":"","ast-banner-title-visibility":"","ast-main-header-display":"","ast-hfb-above-header-display":"","ast-hfb-below-header-display":"","ast-hfb-mobile-header-display":"","site-post-title":"disabled","ast-breadcrumbs-content":"","ast-featured-img":"disabled","footer-sml-layout":"","ast-disable-related-posts":"","theme-transparent-header-meta":"","adv-header-id-meta":"","stick-header-meta":"","header-above-stick-meta":"","header-main-stick-meta":"","header-below-stick-meta":"","astra-migrate-meta-layouts":"set","ast-page-background-enabled":"default","ast-page-background-meta":{"desktop":{"background-color":"","background-image":"","background-repeat":"repeat","background-position":"center center","background-size":"auto","background-attachment":"scroll","background-type":"","background-media":"","overlay-type":"","overlay-color":"","overlay-opacity":"","overlay-gradient":""},"tablet":{"background-color":"","background-image":"","background-repeat":"repeat","background-position":"center center","background-size":"auto","background-attachment":"scroll","background-type":"","background-media":"","overlay-type":"","overlay-color":"","overlay-opacity":"","overlay-gradient":""},"mobile":{"background-color":"","background-image":"","background-repeat":"repeat","background-position":"center center","background-size":"auto","background-attachment":"scroll","background-type":"","background-media":"","overlay-type":"","overlay-color":"","overlay-opacity":"","overlay-gradient":""}},"ast-content-background-meta":{"desktop":{"background-color":"var(--ast-global-color-5)","background-image":"","background-repeat":"repeat","background-position":"center center","background-size":"auto","background-attachment":"scroll","background-type":"","background-media":"","overlay-type":"","overlay-color":"","overlay-opacity":"","overlay-gradient":""},"tablet":{"background-color":"var(--ast-global-color-5)","background-image":"","background-repeat":"repeat","background-position":"center center","background-size":"auto","background-attachment":"scroll","background-type":"","background-media":"","overlay-type":"","overlay-color":"","overlay-opacity":"","overlay-gradient":""},"mobile":{"background-color":"var(--ast-global-color-5)","background-image":"","background-repeat":"repeat","background-position":"center center","background-size":"auto","background-attachment":"scroll","background-type":"","background-media":"","overlay-type":"","overlay-color":"","overlay-opacity":"","overlay-gradient":""}},"footnotes":""},"class_list":["post-5390","page","type-page","status-publish","hentry"],"_links":{"self":[{"href":"https:\/\/kdp-law.com\/es\/wp-json\/wp\/v2\/pages\/5390","targetHints":{"allow":["GET"]}}],"collection":[{"href":"https:\/\/kdp-law.com\/es\/wp-json\/wp\/v2\/pages"}],"about":[{"href":"https:\/\/kdp-law.com\/es\/wp-json\/wp\/v2\/types\/page"}],"author":[{"embeddable":true,"href":"https:\/\/kdp-law.com\/es\/wp-json\/wp\/v2\/users\/7"}],"replies":[{"embeddable":true,"href":"https:\/\/kdp-law.com\/es\/wp-json\/wp\/v2\/comments?post=5390"}],"version-history":[{"count":7,"href":"https:\/\/kdp-law.com\/es\/wp-json\/wp\/v2\/pages\/5390\/revisions"}],"predecessor-version":[{"id":5398,"href":"https:\/\/kdp-law.com\/es\/wp-json\/wp\/v2\/pages\/5390\/revisions\/5398"}],"wp:attachment":[{"href":"https:\/\/kdp-law.com\/es\/wp-json\/wp\/v2\/media?parent=5390"}],"curies":[{"name":"wp","href":"https:\/\/api.w.org\/{rel}","templated":true}]}}