{"id":5404,"date":"2024-02-06T15:49:53","date_gmt":"2024-02-06T13:49:53","guid":{"rendered":"https:\/\/kdp-law.com\/industry-manufacturing\/"},"modified":"2026-01-10T14:45:43","modified_gmt":"2026-01-10T12:45:43","slug":"industria-y-fabricacion","status":"publish","type":"page","link":"https:\/\/kdp-law.com\/es\/industria-y-fabricacion\/","title":{"rendered":"Industria y fabricaci\u00f3n"},"content":{"rendered":"\t\t<div data-elementor-type=\"wp-page\" data-elementor-id=\"5404\" class=\"elementor elementor-5404 elementor-4103\" data-elementor-post-type=\"page\">\n\t\t\t\t\t\t<section class=\"elementor-section elementor-top-section elementor-element elementor-element-23d786c7 elementor-section-boxed elementor-section-height-default elementor-section-height-default\" data-id=\"23d786c7\" data-element_type=\"section\" data-e-type=\"section\" data-settings=\"{&quot;background_background&quot;:&quot;classic&quot;}\">\n\t\t\t\t\t\t\t<div class=\"elementor-background-overlay\"><\/div>\n\t\t\t\t\t\t\t<div class=\"elementor-container elementor-column-gap-wide\">\n\t\t\t\t\t<div class=\"elementor-column elementor-col-100 elementor-top-column elementor-element elementor-element-274da409\" data-id=\"274da409\" data-element_type=\"column\" data-e-type=\"column\">\n\t\t\t<div class=\"elementor-widget-wrap elementor-element-populated\">\n\t\t\t\t\t\t<div class=\"elementor-element elementor-element-61f31ef6 elementor-widget elementor-widget-heading\" data-id=\"61f31ef6\" data-element_type=\"widget\" data-e-type=\"widget\" data-widget_type=\"heading.default\">\n\t\t\t\t<div class=\"elementor-widget-container\">\n\t\t\t\t\t<h5 class=\"elementor-heading-title elementor-size-default\">SECTORES<\/h5>\t\t\t\t<\/div>\n\t\t\t\t<\/div>\n\t\t\t\t\t<\/div>\n\t\t<\/div>\n\t\t\t\t\t<\/div>\n\t\t<\/section>\n\t\t\t\t<section class=\"elementor-section elementor-top-section elementor-element elementor-element-42608208 elementor-section-boxed elementor-section-height-default elementor-section-height-default\" data-id=\"42608208\" data-element_type=\"section\" data-e-type=\"section\">\n\t\t\t\t\t\t<div class=\"elementor-container elementor-column-gap-wide\">\n\t\t\t\t\t<div class=\"elementor-column elementor-col-100 elementor-top-column elementor-element elementor-element-2a333890\" data-id=\"2a333890\" data-element_type=\"column\" data-e-type=\"column\">\n\t\t\t<div class=\"elementor-widget-wrap elementor-element-populated\">\n\t\t\t\t\t\t<div class=\"elementor-element elementor-element-6530d142 elementor-widget elementor-widget-text-editor\" data-id=\"6530d142\" data-element_type=\"widget\" data-e-type=\"widget\" data-widget_type=\"text-editor.default\">\n\t\t\t\t<div class=\"elementor-widget-container\">\n\t\t\t\t\t\t\t\t\t<p>La industria y la fabricaci\u00f3n se enfrentan a una serie de retos \u201ctradicionales\u201d y \u201cmodernos\u201d para alcanzar el \u00e9xito. Desde los retos \u201cest\u00e1ndar\u201d relacionados con el desarrollo de productos y negocios, el suministro y la distribuci\u00f3n, el empleo y la responsabilidad por los productos, hasta los retos \u201cmodernos\u201d relacionados con la privacidad de los datos, la digitalizaci\u00f3n y el cambio hacia la sostenibilidad, nuestro equipo cuenta con la experiencia y las capacidades necesarias para proporcionar a nuestros clientes asesoramiento pr\u00e1ctico y soluciones con valor a\u00f1adido.<\/p><p>Tanto si se dedica al sector de la alimentaci\u00f3n y las bebidas, como al textil y la confecci\u00f3n, la madera y el papel, el qu\u00edmico y farmac\u00e9utico, el metal y la maquinaria, el el\u00e9ctrico y electr\u00f3nico, y el transporte, estamos perfectamente capacitados para ayudarle. A continuaci\u00f3n, le ofrecemos un resumen de las \u00e1reas de pr\u00e1ctica en las que podemos ayudarle:<\/p><ul><li><strong>Derecho corporativo y gesti\u00f3n empresarial<\/strong><\/li><li><strong>Financiaci\u00f3n mediante capital y deuda<\/strong><\/li><li><strong>Inmobiliario, urbanismo y construcci\u00f3n<\/strong><\/li><li><strong>Contratos y contrataci\u00f3n p\u00fablica<\/strong><\/li><li><strong>Empleo, salud y seguridad en el trabajo<\/strong><\/li><li><strong>Privacidad y protecci\u00f3n de datos<\/strong><\/li><li><strong>Cumplimiento de la normativa antimonopolio<\/strong><\/li><li><strong>Normativa de consumo<\/strong><\/li><li><strong>Desarrollo, adquisici\u00f3n, licencia y protecci\u00f3n de derechos de propiedad intelectual<\/strong><\/li><li><strong>Cumplimiento de criterios ESG<\/strong><\/li><li><strong>Otros cumplimientos normativos<\/strong><\/li><li><strong>Litigios administrativos, mercantiles, laborales, etc.<\/strong><\/li><li><strong>Operaciones de fusiones y adquisiciones (adquisiciones y desinversiones, transformaciones societarias)<\/strong><\/li><\/ul><p>Estamos preparados para ayudarle a maniobrar entre las complejidades y particularidades que pueden ocultar la industria y el sector manufacturero. P\u00f3ngase en contacto con nosotros hoy mismo y perm\u00edtanos ofrecerle nuestros servicios y soluciones legales.<\/p>\t\t\t\t\t\t\t\t<\/div>\n\t\t\t\t<\/div>\n\t\t\t\t<div class=\"elementor-element elementor-element-138c2a8 elementor-widget elementor-widget-button\" data-id=\"138c2a8\" data-element_type=\"widget\" data-e-type=\"widget\" data-widget_type=\"button.default\">\n\t\t\t\t<div class=\"elementor-widget-container\">\n\t\t\t\t\t\t\t\t\t<div class=\"elementor-button-wrapper\">\n\t\t\t\t\t<a class=\"elementor-button elementor-button-link elementor-size-sm\" href=\"https:\/\/kdp-law.com\/es\/especialidades\/\">\n\t\t\t\t\t\t<span class=\"elementor-button-content-wrapper\">\n\t\t\t\t\t\t<span class=\"elementor-button-icon\">\n\t\t\t\t<i aria-hidden=\"true\" class=\"fas fa-long-arrow-alt-left\"><\/i>\t\t\t<\/span>\n\t\t\t\t\t\t\t\t\t<span class=\"elementor-button-text\">SECTORES<\/span>\n\t\t\t\t\t<\/span>\n\t\t\t\t\t<\/a>\n\t\t\t\t<\/div>\n\t\t\t\t\t\t\t\t<\/div>\n\t\t\t\t<\/div>\n\t\t\t\t\t<\/div>\n\t\t<\/div>\n\t\t\t\t\t<\/div>\n\t\t<\/section>\n\t\t\t\t<\/div>\n\t\t","protected":false},"excerpt":{"rendered":"<p>SECTORES La industria y la fabricaci\u00f3n se enfrentan a una serie de retos \u201ctradicionales\u201d y \u201cmodernos\u201d para alcanzar el \u00e9xito. Desde los retos \u201cest\u00e1ndar\u201d relacionados con el desarrollo de productos y negocios, el suministro y la distribuci\u00f3n, el empleo y la responsabilidad por los productos, hasta los retos \u201cmodernos\u201d relacionados con la privacidad de los [&hellip;]<\/p>\n","protected":false},"author":7,"featured_media":0,"parent":0,"menu_order":0,"comment_status":"closed","ping_status":"closed","template":"","meta":{"site-sidebar-layout":"no-sidebar","site-content-layout":"page-builder","ast-site-content-layout":"full-width-container","site-content-style":"default","site-sidebar-style":"default","ast-global-header-display":"","ast-banner-title-visibility":"","ast-main-header-display":"","ast-hfb-above-header-display":"","ast-hfb-below-header-display":"","ast-hfb-mobile-header-display":"","site-post-title":"disabled","ast-breadcrumbs-content":"","ast-featured-img":"disabled","footer-sml-layout":"","ast-disable-related-posts":"","theme-transparent-header-meta":"","adv-header-id-meta":"","stick-header-meta":"","header-above-stick-meta":"","header-main-stick-meta":"","header-below-stick-meta":"","astra-migrate-meta-layouts":"set","ast-page-background-enabled":"default","ast-page-background-meta":{"desktop":{"background-color":"","background-image":"","background-repeat":"repeat","background-position":"center center","background-size":"auto","background-attachment":"scroll","background-type":"","background-media":"","overlay-type":"","overlay-color":"","overlay-opacity":"","overlay-gradient":""},"tablet":{"background-color":"","background-image":"","background-repeat":"repeat","background-position":"center center","background-size":"auto","background-attachment":"scroll","background-type":"","background-media":"","overlay-type":"","overlay-color":"","overlay-opacity":"","overlay-gradient":""},"mobile":{"background-color":"","background-image":"","background-repeat":"repeat","background-position":"center center","background-size":"auto","background-attachment":"scroll","background-type":"","background-media":"","overlay-type":"","overlay-color":"","overlay-opacity":"","overlay-gradient":""}},"ast-content-background-meta":{"desktop":{"background-color":"var(--ast-global-color-5)","background-image":"","background-repeat":"repeat","background-position":"center center","background-size":"auto","background-attachment":"scroll","background-type":"","background-media":"","overlay-type":"","overlay-color":"","overlay-opacity":"","overlay-gradient":""},"tablet":{"background-color":"var(--ast-global-color-5)","background-image":"","background-repeat":"repeat","background-position":"center center","background-size":"auto","background-attachment":"scroll","background-type":"","background-media":"","overlay-type":"","overlay-color":"","overlay-opacity":"","overlay-gradient":""},"mobile":{"background-color":"var(--ast-global-color-5)","background-image":"","background-repeat":"repeat","background-position":"center center","background-size":"auto","background-attachment":"scroll","background-type":"","background-media":"","overlay-type":"","overlay-color":"","overlay-opacity":"","overlay-gradient":""}},"footnotes":""},"class_list":["post-5404","page","type-page","status-publish","hentry"],"_links":{"self":[{"href":"https:\/\/kdp-law.com\/es\/wp-json\/wp\/v2\/pages\/5404","targetHints":{"allow":["GET"]}}],"collection":[{"href":"https:\/\/kdp-law.com\/es\/wp-json\/wp\/v2\/pages"}],"about":[{"href":"https:\/\/kdp-law.com\/es\/wp-json\/wp\/v2\/types\/page"}],"author":[{"embeddable":true,"href":"https:\/\/kdp-law.com\/es\/wp-json\/wp\/v2\/users\/7"}],"replies":[{"embeddable":true,"href":"https:\/\/kdp-law.com\/es\/wp-json\/wp\/v2\/comments?post=5404"}],"version-history":[{"count":4,"href":"https:\/\/kdp-law.com\/es\/wp-json\/wp\/v2\/pages\/5404\/revisions"}],"predecessor-version":[{"id":5408,"href":"https:\/\/kdp-law.com\/es\/wp-json\/wp\/v2\/pages\/5404\/revisions\/5408"}],"wp:attachment":[{"href":"https:\/\/kdp-law.com\/es\/wp-json\/wp\/v2\/media?parent=5404"}],"curies":[{"name":"wp","href":"https:\/\/api.w.org\/{rel}","templated":true}]}}