{"id":5409,"date":"2024-02-06T15:51:21","date_gmt":"2024-02-06T13:51:21","guid":{"rendered":"https:\/\/kdp-law.com\/natural-resources-concessions\/"},"modified":"2026-01-10T14:48:27","modified_gmt":"2026-01-10T12:48:27","slug":"recursos-naturales-y-concesiones","status":"publish","type":"page","link":"https:\/\/kdp-law.com\/es\/recursos-naturales-y-concesiones\/","title":{"rendered":"Recursos naturales y concesiones"},"content":{"rendered":"\t\t<div data-elementor-type=\"wp-page\" data-elementor-id=\"5409\" class=\"elementor elementor-5409 elementor-4109\" data-elementor-post-type=\"page\">\n\t\t\t\t\t\t<section class=\"elementor-section elementor-top-section elementor-element elementor-element-352f43e3 elementor-section-boxed elementor-section-height-default elementor-section-height-default\" data-id=\"352f43e3\" data-element_type=\"section\" data-e-type=\"section\" data-settings=\"{&quot;background_background&quot;:&quot;classic&quot;}\">\n\t\t\t\t\t\t\t<div class=\"elementor-background-overlay\"><\/div>\n\t\t\t\t\t\t\t<div class=\"elementor-container elementor-column-gap-wide\">\n\t\t\t\t\t<div class=\"elementor-column elementor-col-100 elementor-top-column elementor-element elementor-element-1d4c8519\" data-id=\"1d4c8519\" data-element_type=\"column\" data-e-type=\"column\">\n\t\t\t<div class=\"elementor-widget-wrap elementor-element-populated\">\n\t\t\t\t\t\t<div class=\"elementor-element elementor-element-2e98eb41 elementor-widget elementor-widget-heading\" data-id=\"2e98eb41\" data-element_type=\"widget\" data-e-type=\"widget\" data-widget_type=\"heading.default\">\n\t\t\t\t<div class=\"elementor-widget-container\">\n\t\t\t\t\t<h5 class=\"elementor-heading-title elementor-size-default\">SECTORES<\/h5>\t\t\t\t<\/div>\n\t\t\t\t<\/div>\n\t\t\t\t\t<\/div>\n\t\t<\/div>\n\t\t\t\t\t<\/div>\n\t\t<\/section>\n\t\t\t\t<section class=\"elementor-section elementor-top-section elementor-element elementor-element-24c466f6 elementor-section-boxed elementor-section-height-default elementor-section-height-default\" data-id=\"24c466f6\" data-element_type=\"section\" data-e-type=\"section\">\n\t\t\t\t\t\t<div class=\"elementor-container elementor-column-gap-wide\">\n\t\t\t\t\t<div class=\"elementor-column elementor-col-100 elementor-top-column elementor-element elementor-element-580980f7\" data-id=\"580980f7\" data-element_type=\"column\" data-e-type=\"column\">\n\t\t\t<div class=\"elementor-widget-wrap elementor-element-populated\">\n\t\t\t\t\t\t<div class=\"elementor-element elementor-element-19a91ad8 elementor-widget elementor-widget-text-editor\" data-id=\"19a91ad8\" data-element_type=\"widget\" data-e-type=\"widget\" data-widget_type=\"text-editor.default\">\n\t\t\t\t<div class=\"elementor-widget-container\">\n\t\t\t\t\t\t\t\t\t<p>El sector de los recursos naturales es un sector vital y en crecimiento dentro de la econom\u00eda global.<\/p><p>Contamos con amplia experiencia en el sector y conocemos la normativa. D\u00e9jenos ocuparnos de sus retos legales para que usted pueda dedicarse a su actividad empresarial.<\/p><p>Nos sentimos igualmente c\u00f3modos asesorando a clientes del sector del petr\u00f3leo, el gas natural, los minerales, los elementos de tierras raras, etc., recursos naturales. A continuaci\u00f3n, se incluye un resumen de los servicios legales que prestamos a los clientes de este sector:<\/p><ul><li><strong>Estructuraci\u00f3n corporativa para solicitantes (SPV, empresas conjuntas, sucursales, etc.)<\/strong><\/li><li><strong>Aspectos legales de la gesti\u00f3n de proyectos<\/strong><\/li><li><strong>Aspectos legales de la financiaci\u00f3n (deuda y capital)<\/strong><\/li><li><strong>Asesoramiento sobre solicitudes de licencias de exploraci\u00f3n, prospecci\u00f3n y explotaci\u00f3n minera<\/strong><\/li><li><strong>Redacci\u00f3n y negociaci\u00f3n de contratos: confidencialidad, concesi\u00f3n, consultor\u00eda, exploraci\u00f3n, farm-in, off-take, arrendamientos, joint venture, compra, opci\u00f3n y otros acuerdos<\/strong><\/li><li><strong>Permisos y cumplimiento medioambiental<\/strong><\/li><li><strong>Contratos de trabajo, normativa y cumplimiento<\/strong><\/li><li><strong>Concesiones de agua<\/strong><\/li><li><strong>Permisos de construcci\u00f3n (para la mina, edificios e infraestructuras)<\/strong><\/li><li><strong>Aceptaci\u00f3n social<\/strong><\/li><li><strong>Recuperaci\u00f3n del emplazamiento<\/strong><\/li><li><strong>Cumplimiento de ESG<\/strong><\/li><li><strong>Otros requisitos normativos y cumplimiento<\/strong><\/li><li><strong>Litigios administrativos, mercantiles, laborales, etc.<\/strong><\/li><\/ul><p>Podemos respaldar su negocio ante cualquier dificultad o disputa en el sector. P\u00f3ngase en contacto con nosotros ahora y colaboremos para generar valor para usted.<\/p>\t\t\t\t\t\t\t\t<\/div>\n\t\t\t\t<\/div>\n\t\t\t\t<div class=\"elementor-element elementor-element-7ed75b7 elementor-widget elementor-widget-button\" data-id=\"7ed75b7\" data-element_type=\"widget\" data-e-type=\"widget\" data-widget_type=\"button.default\">\n\t\t\t\t<div class=\"elementor-widget-container\">\n\t\t\t\t\t\t\t\t\t<div class=\"elementor-button-wrapper\">\n\t\t\t\t\t<a class=\"elementor-button elementor-button-link elementor-size-sm\" href=\"https:\/\/kdp-law.com\/es\/especialidades\/\">\n\t\t\t\t\t\t<span class=\"elementor-button-content-wrapper\">\n\t\t\t\t\t\t<span class=\"elementor-button-icon\">\n\t\t\t\t<i aria-hidden=\"true\" class=\"fas fa-long-arrow-alt-left\"><\/i>\t\t\t<\/span>\n\t\t\t\t\t\t\t\t\t<span class=\"elementor-button-text\">SECTORES<\/span>\n\t\t\t\t\t<\/span>\n\t\t\t\t\t<\/a>\n\t\t\t\t<\/div>\n\t\t\t\t\t\t\t\t<\/div>\n\t\t\t\t<\/div>\n\t\t\t\t\t<\/div>\n\t\t<\/div>\n\t\t\t\t\t<\/div>\n\t\t<\/section>\n\t\t\t\t<\/div>\n\t\t","protected":false},"excerpt":{"rendered":"<p>SECTORES El sector de los recursos naturales es un sector vital y en crecimiento dentro de la econom\u00eda global. Contamos con amplia experiencia en el sector y conocemos la normativa. D\u00e9jenos ocuparnos de sus retos legales para que usted pueda dedicarse a su actividad empresarial. Nos sentimos igualmente c\u00f3modos asesorando a clientes del sector del [&hellip;]<\/p>\n","protected":false},"author":7,"featured_media":0,"parent":0,"menu_order":0,"comment_status":"closed","ping_status":"closed","template":"","meta":{"site-sidebar-layout":"no-sidebar","site-content-layout":"page-builder","ast-site-content-layout":"full-width-container","site-content-style":"default","site-sidebar-style":"default","ast-global-header-display":"","ast-banner-title-visibility":"","ast-main-header-display":"","ast-hfb-above-header-display":"","ast-hfb-below-header-display":"","ast-hfb-mobile-header-display":"","site-post-title":"disabled","ast-breadcrumbs-content":"","ast-featured-img":"disabled","footer-sml-layout":"","ast-disable-related-posts":"","theme-transparent-header-meta":"","adv-header-id-meta":"","stick-header-meta":"","header-above-stick-meta":"","header-main-stick-meta":"","header-below-stick-meta":"","astra-migrate-meta-layouts":"set","ast-page-background-enabled":"default","ast-page-background-meta":{"desktop":{"background-color":"","background-image":"","background-repeat":"repeat","background-position":"center center","background-size":"auto","background-attachment":"scroll","background-type":"","background-media":"","overlay-type":"","overlay-color":"","overlay-opacity":"","overlay-gradient":""},"tablet":{"background-color":"","background-image":"","background-repeat":"repeat","background-position":"center center","background-size":"auto","background-attachment":"scroll","background-type":"","background-media":"","overlay-type":"","overlay-color":"","overlay-opacity":"","overlay-gradient":""},"mobile":{"background-color":"","background-image":"","background-repeat":"repeat","background-position":"center center","background-size":"auto","background-attachment":"scroll","background-type":"","background-media":"","overlay-type":"","overlay-color":"","overlay-opacity":"","overlay-gradient":""}},"ast-content-background-meta":{"desktop":{"background-color":"var(--ast-global-color-5)","background-image":"","background-repeat":"repeat","background-position":"center center","background-size":"auto","background-attachment":"scroll","background-type":"","background-media":"","overlay-type":"","overlay-color":"","overlay-opacity":"","overlay-gradient":""},"tablet":{"background-color":"var(--ast-global-color-5)","background-image":"","background-repeat":"repeat","background-position":"center center","background-size":"auto","background-attachment":"scroll","background-type":"","background-media":"","overlay-type":"","overlay-color":"","overlay-opacity":"","overlay-gradient":""},"mobile":{"background-color":"var(--ast-global-color-5)","background-image":"","background-repeat":"repeat","background-position":"center center","background-size":"auto","background-attachment":"scroll","background-type":"","background-media":"","overlay-type":"","overlay-color":"","overlay-opacity":"","overlay-gradient":""}},"footnotes":""},"class_list":["post-5409","page","type-page","status-publish","hentry"],"_links":{"self":[{"href":"https:\/\/kdp-law.com\/es\/wp-json\/wp\/v2\/pages\/5409","targetHints":{"allow":["GET"]}}],"collection":[{"href":"https:\/\/kdp-law.com\/es\/wp-json\/wp\/v2\/pages"}],"about":[{"href":"https:\/\/kdp-law.com\/es\/wp-json\/wp\/v2\/types\/page"}],"author":[{"embeddable":true,"href":"https:\/\/kdp-law.com\/es\/wp-json\/wp\/v2\/users\/7"}],"replies":[{"embeddable":true,"href":"https:\/\/kdp-law.com\/es\/wp-json\/wp\/v2\/comments?post=5409"}],"version-history":[{"count":4,"href":"https:\/\/kdp-law.com\/es\/wp-json\/wp\/v2\/pages\/5409\/revisions"}],"predecessor-version":[{"id":5413,"href":"https:\/\/kdp-law.com\/es\/wp-json\/wp\/v2\/pages\/5409\/revisions\/5413"}],"wp:attachment":[{"href":"https:\/\/kdp-law.com\/es\/wp-json\/wp\/v2\/media?parent=5409"}],"curies":[{"name":"wp","href":"https:\/\/api.w.org\/{rel}","templated":true}]}}