{"id":5414,"date":"2024-02-06T15:52:32","date_gmt":"2024-02-06T13:52:32","guid":{"rendered":"https:\/\/kdp-law.com\/pharma-life-sciences\/"},"modified":"2026-01-10T14:51:12","modified_gmt":"2026-01-10T12:51:12","slug":"farmacia-y-salud","status":"publish","type":"page","link":"https:\/\/kdp-law.com\/es\/farmacia-y-salud\/","title":{"rendered":"Farmacia y salud"},"content":{"rendered":"\t\t<div data-elementor-type=\"wp-page\" data-elementor-id=\"5414\" class=\"elementor elementor-5414 elementor-4114\" data-elementor-post-type=\"page\">\n\t\t\t\t\t\t<section class=\"elementor-section elementor-top-section elementor-element elementor-element-7a91ba73 elementor-section-boxed elementor-section-height-default elementor-section-height-default\" data-id=\"7a91ba73\" data-element_type=\"section\" data-e-type=\"section\" data-settings=\"{&quot;background_background&quot;:&quot;classic&quot;}\">\n\t\t\t\t\t\t\t<div class=\"elementor-background-overlay\"><\/div>\n\t\t\t\t\t\t\t<div class=\"elementor-container elementor-column-gap-wide\">\n\t\t\t\t\t<div class=\"elementor-column elementor-col-100 elementor-top-column elementor-element elementor-element-5ae2eeb6\" data-id=\"5ae2eeb6\" data-element_type=\"column\" data-e-type=\"column\">\n\t\t\t<div class=\"elementor-widget-wrap elementor-element-populated\">\n\t\t\t\t\t\t<div class=\"elementor-element elementor-element-234ce98e elementor-widget elementor-widget-heading\" data-id=\"234ce98e\" data-element_type=\"widget\" data-e-type=\"widget\" data-widget_type=\"heading.default\">\n\t\t\t\t<div class=\"elementor-widget-container\">\n\t\t\t\t\t<h5 class=\"elementor-heading-title elementor-size-default\">SECTORES<\/h5>\t\t\t\t<\/div>\n\t\t\t\t<\/div>\n\t\t\t\t\t<\/div>\n\t\t<\/div>\n\t\t\t\t\t<\/div>\n\t\t<\/section>\n\t\t\t\t<section class=\"elementor-section elementor-top-section elementor-element elementor-element-5fe68ed6 elementor-section-boxed elementor-section-height-default elementor-section-height-default\" data-id=\"5fe68ed6\" data-element_type=\"section\" data-e-type=\"section\">\n\t\t\t\t\t\t<div class=\"elementor-container elementor-column-gap-wide\">\n\t\t\t\t\t<div class=\"elementor-column elementor-col-100 elementor-top-column elementor-element elementor-element-46e03420\" data-id=\"46e03420\" data-element_type=\"column\" data-e-type=\"column\">\n\t\t\t<div class=\"elementor-widget-wrap elementor-element-populated\">\n\t\t\t\t\t\t<div class=\"elementor-element elementor-element-258884f3 elementor-widget elementor-widget-text-editor\" data-id=\"258884f3\" data-element_type=\"widget\" data-e-type=\"widget\" data-widget_type=\"text-editor.default\">\n\t\t\t\t<div class=\"elementor-widget-container\">\n\t\t\t\t\t\t\t\t\t<p>Los sectores farmac\u00e9utico y de la salud son unos de los m\u00e1s innovadores y cambiantes de la econom\u00eda mundial, y proporcionan productos y servicios esenciales para mejorar la salud y el bienestar humanos. La industria se enfrenta a retos y oportunidades, como la investigaci\u00f3n y el desarrollo, la normativa y el cumplimiento, la propiedad intelectual y la innovaci\u00f3n, la fijaci\u00f3n de precios y el reembolso, y la sostenibilidad y el impacto social. Para tener \u00e9xito en este mercado altamente regulado y competitivo, los clientes del sector farmac\u00e9utico y de la salud necesitan un bufete de abogados que comprenda su negocio y pueda proporcionarles soluciones jur\u00eddicas personalizadas y pragm\u00e1ticas.<\/p><p>Gracias a nuestra experiencia y profundo conocimiento de la normativa farmac\u00e9utica y de la salud, podemos ayudarle a navegar por este mercado complejo y din\u00e1mico y a alcanzar sus objetivos estrat\u00e9gicos.<\/p><p>Ofrecemos una variedad de servicios que se adaptan a sus necesidades espec\u00edficas, tales como:<\/p><ul><li><strong>Contratos relacionados con el sector farmac\u00e9utico y de la salud<\/strong><\/li><li><strong>Cumplimiento de la normativa antimonopolio y pr\u00e1cticas comerciales desleales<\/strong><\/li><li><strong>Regulaci\u00f3n y cumplimiento normativo<\/strong><\/li><li><strong>Estructuraci\u00f3n y base contractual para modelos de distribuci\u00f3n y agencia<\/strong><\/li><li><strong>Propiedad intelectual e innovaciones<\/strong><\/li><li><strong>Autorizaciones de comercializaci\u00f3n<\/strong><\/li><li><strong>Ensayos cl\u00ednicos y estudios no intervencionistas<\/strong><\/li><li><strong>Etiquetado de medicamentos y productos sanitarios<\/strong><\/li><li><strong>Comercializaci\u00f3n y publicidad de medicamentos y productos sanitarios<\/strong><\/li><li><strong>C\u00f3digos de conducta profesionales y pr\u00e1cticas anticorrupci\u00f3n<\/strong><\/li><li><strong>Retirada del mercado<\/strong><\/li><li><strong>Fijaci\u00f3n de precios y reembolsos<\/strong><\/li><li><strong>Etiquetado, incluidas las declaraciones nutricionales y de propiedades saludables de los alimentos, los complementos alimenticios y los cosm\u00e9ticos<\/strong><\/li><li><strong>Notificaciones de productos para complementos alimenticios y cosm\u00e9ticos<\/strong><\/li><li><strong>Comercializaci\u00f3n y publicidad de complementos alimenticios y cosm\u00e9ticos<\/strong><\/li><li><strong>Cuestiones laborales relacionadas con el sector farmac\u00e9utico y las ciencias de la vida.<\/strong><\/li><li><strong>Privacidad y protecci\u00f3n de datos<\/strong><\/li><li><strong>Litigios relacionados con el sector farmac\u00e9utico y las ciencias de la vida<\/strong><\/li><li><strong>Fusiones y adquisiciones, transacciones de propiedad intelectual, tecnolog\u00eda, carteras y negocios completos<\/strong><\/li><li><strong>ESG<\/strong><\/li><\/ul><p>P\u00f3ngase en contacto con nosotros hoy mismo y d\u00e9jenos ayudarle con sus retos y oportunidades legales. Nos comprometemos a a\u00f1adir valor y ofrecer soluciones pragm\u00e1ticas.<\/p>\t\t\t\t\t\t\t\t<\/div>\n\t\t\t\t<\/div>\n\t\t\t\t<div class=\"elementor-element elementor-element-df748e4 elementor-widget elementor-widget-button\" data-id=\"df748e4\" data-element_type=\"widget\" data-e-type=\"widget\" data-widget_type=\"button.default\">\n\t\t\t\t<div class=\"elementor-widget-container\">\n\t\t\t\t\t\t\t\t\t<div class=\"elementor-button-wrapper\">\n\t\t\t\t\t<a class=\"elementor-button elementor-button-link elementor-size-sm\" href=\"https:\/\/kdp-law.com\/es\/especialidades\/\">\n\t\t\t\t\t\t<span class=\"elementor-button-content-wrapper\">\n\t\t\t\t\t\t<span class=\"elementor-button-icon\">\n\t\t\t\t<i aria-hidden=\"true\" class=\"fas fa-long-arrow-alt-left\"><\/i>\t\t\t<\/span>\n\t\t\t\t\t\t\t\t\t<span class=\"elementor-button-text\">SECTORES<\/span>\n\t\t\t\t\t<\/span>\n\t\t\t\t\t<\/a>\n\t\t\t\t<\/div>\n\t\t\t\t\t\t\t\t<\/div>\n\t\t\t\t<\/div>\n\t\t\t\t\t<\/div>\n\t\t<\/div>\n\t\t\t\t\t<\/div>\n\t\t<\/section>\n\t\t\t\t<\/div>\n\t\t","protected":false},"excerpt":{"rendered":"<p>SECTORES Los sectores farmac\u00e9utico y de la salud son unos de los m\u00e1s innovadores y cambiantes de la econom\u00eda mundial, y proporcionan productos y servicios esenciales para mejorar la salud y el bienestar humanos. La industria se enfrenta a retos y oportunidades, como la investigaci\u00f3n y el desarrollo, la normativa y el cumplimiento, la propiedad [&hellip;]<\/p>\n","protected":false},"author":7,"featured_media":0,"parent":0,"menu_order":0,"comment_status":"closed","ping_status":"closed","template":"","meta":{"site-sidebar-layout":"no-sidebar","site-content-layout":"page-builder","ast-site-content-layout":"full-width-container","site-content-style":"default","site-sidebar-style":"default","ast-global-header-display":"","ast-banner-title-visibility":"","ast-main-header-display":"","ast-hfb-above-header-display":"","ast-hfb-below-header-display":"","ast-hfb-mobile-header-display":"","site-post-title":"disabled","ast-breadcrumbs-content":"","ast-featured-img":"disabled","footer-sml-layout":"","ast-disable-related-posts":"","theme-transparent-header-meta":"","adv-header-id-meta":"","stick-header-meta":"","header-above-stick-meta":"","header-main-stick-meta":"","header-below-stick-meta":"","astra-migrate-meta-layouts":"set","ast-page-background-enabled":"default","ast-page-background-meta":{"desktop":{"background-color":"","background-image":"","background-repeat":"repeat","background-position":"center center","background-size":"auto","background-attachment":"scroll","background-type":"","background-media":"","overlay-type":"","overlay-color":"","overlay-opacity":"","overlay-gradient":""},"tablet":{"background-color":"","background-image":"","background-repeat":"repeat","background-position":"center center","background-size":"auto","background-attachment":"scroll","background-type":"","background-media":"","overlay-type":"","overlay-color":"","overlay-opacity":"","overlay-gradient":""},"mobile":{"background-color":"","background-image":"","background-repeat":"repeat","background-position":"center center","background-size":"auto","background-attachment":"scroll","background-type":"","background-media":"","overlay-type":"","overlay-color":"","overlay-opacity":"","overlay-gradient":""}},"ast-content-background-meta":{"desktop":{"background-color":"var(--ast-global-color-5)","background-image":"","background-repeat":"repeat","background-position":"center center","background-size":"auto","background-attachment":"scroll","background-type":"","background-media":"","overlay-type":"","overlay-color":"","overlay-opacity":"","overlay-gradient":""},"tablet":{"background-color":"var(--ast-global-color-5)","background-image":"","background-repeat":"repeat","background-position":"center center","background-size":"auto","background-attachment":"scroll","background-type":"","background-media":"","overlay-type":"","overlay-color":"","overlay-opacity":"","overlay-gradient":""},"mobile":{"background-color":"var(--ast-global-color-5)","background-image":"","background-repeat":"repeat","background-position":"center center","background-size":"auto","background-attachment":"scroll","background-type":"","background-media":"","overlay-type":"","overlay-color":"","overlay-opacity":"","overlay-gradient":""}},"footnotes":""},"class_list":["post-5414","page","type-page","status-publish","hentry"],"_links":{"self":[{"href":"https:\/\/kdp-law.com\/es\/wp-json\/wp\/v2\/pages\/5414","targetHints":{"allow":["GET"]}}],"collection":[{"href":"https:\/\/kdp-law.com\/es\/wp-json\/wp\/v2\/pages"}],"about":[{"href":"https:\/\/kdp-law.com\/es\/wp-json\/wp\/v2\/types\/page"}],"author":[{"embeddable":true,"href":"https:\/\/kdp-law.com\/es\/wp-json\/wp\/v2\/users\/7"}],"replies":[{"embeddable":true,"href":"https:\/\/kdp-law.com\/es\/wp-json\/wp\/v2\/comments?post=5414"}],"version-history":[{"count":4,"href":"https:\/\/kdp-law.com\/es\/wp-json\/wp\/v2\/pages\/5414\/revisions"}],"predecessor-version":[{"id":5419,"href":"https:\/\/kdp-law.com\/es\/wp-json\/wp\/v2\/pages\/5414\/revisions\/5419"}],"wp:attachment":[{"href":"https:\/\/kdp-law.com\/es\/wp-json\/wp\/v2\/media?parent=5414"}],"curies":[{"name":"wp","href":"https:\/\/api.w.org\/{rel}","templated":true}]}}