{"id":5420,"date":"2024-02-06T15:54:17","date_gmt":"2024-02-06T13:54:17","guid":{"rendered":"https:\/\/kdp-law.com\/private-equity-venture-capital\/"},"modified":"2026-01-10T14:53:56","modified_gmt":"2026-01-10T12:53:56","slug":"capital-privado-y-capital-riesgo","status":"publish","type":"page","link":"https:\/\/kdp-law.com\/es\/capital-privado-y-capital-riesgo\/","title":{"rendered":"Capital privado y capital riesgo"},"content":{"rendered":"\t\t<div data-elementor-type=\"wp-page\" data-elementor-id=\"5420\" class=\"elementor elementor-5420 elementor-4124\" data-elementor-post-type=\"page\">\n\t\t\t\t\t\t<section class=\"elementor-section elementor-top-section elementor-element elementor-element-27dbce34 elementor-section-boxed elementor-section-height-default elementor-section-height-default\" data-id=\"27dbce34\" data-element_type=\"section\" data-e-type=\"section\" data-settings=\"{&quot;background_background&quot;:&quot;classic&quot;}\">\n\t\t\t\t\t\t\t<div class=\"elementor-background-overlay\"><\/div>\n\t\t\t\t\t\t\t<div class=\"elementor-container elementor-column-gap-wide\">\n\t\t\t\t\t<div class=\"elementor-column elementor-col-100 elementor-top-column elementor-element elementor-element-f3c572b\" data-id=\"f3c572b\" data-element_type=\"column\" data-e-type=\"column\">\n\t\t\t<div class=\"elementor-widget-wrap elementor-element-populated\">\n\t\t\t\t\t\t<div class=\"elementor-element elementor-element-a17b051 elementor-widget elementor-widget-heading\" data-id=\"a17b051\" data-element_type=\"widget\" data-e-type=\"widget\" data-widget_type=\"heading.default\">\n\t\t\t\t<div class=\"elementor-widget-container\">\n\t\t\t\t\t<h5 class=\"elementor-heading-title elementor-size-default\">SECTORES<\/h5>\t\t\t\t<\/div>\n\t\t\t\t<\/div>\n\t\t\t\t\t<\/div>\n\t\t<\/div>\n\t\t\t\t\t<\/div>\n\t\t<\/section>\n\t\t\t\t<section class=\"elementor-section elementor-top-section elementor-element elementor-element-20189f08 elementor-section-boxed elementor-section-height-default elementor-section-height-default\" data-id=\"20189f08\" data-element_type=\"section\" data-e-type=\"section\">\n\t\t\t\t\t\t<div class=\"elementor-container elementor-column-gap-wide\">\n\t\t\t\t\t<div class=\"elementor-column elementor-col-100 elementor-top-column elementor-element elementor-element-5a9f31d8\" data-id=\"5a9f31d8\" data-element_type=\"column\" data-e-type=\"column\">\n\t\t\t<div class=\"elementor-widget-wrap elementor-element-populated\">\n\t\t\t\t\t\t<div class=\"elementor-element elementor-element-76048c35 elementor-widget elementor-widget-text-editor\" data-id=\"76048c35\" data-element_type=\"widget\" data-e-type=\"widget\" data-widget_type=\"text-editor.default\">\n\t\t\t\t<div class=\"elementor-widget-container\">\n\t\t\t\t\t\t\t\t\t<p>Conocemos el din\u00e1mico mundo del capital privado y el capital riesgo. Sus actores necesitan asesores jur\u00eddicos con experiencia multidisciplinar y un amplio conocimiento de las finanzas corporativas y la gesti\u00f3n estrat\u00e9gica.<\/p><p>Contamos con lo necesario y estamos deseosos de ayudar en todos los aspectos jur\u00eddicos empresariales de diversos sectores econ\u00f3micos. Nuestro equipo est\u00e1 altamente motivado y cuenta con una amplia experiencia, lo que le permite ofrecer soluciones pragm\u00e1ticas y personalizadas. Asesoramos en:<\/p><ul><li><strong>Creaci\u00f3n y constituci\u00f3n de fondos de inversi\u00f3n de capital riesgo<\/strong><\/li><li><strong>Inversiones de capital riesgo<\/strong><\/li><li><strong>Operaciones de fusiones y adquisiciones de capital riesgo<\/strong><\/li><li><strong>Estrategias de consolidaci\u00f3n<\/strong><\/li><li><strong>Gobierno corporativo<\/strong><\/li><li><strong>Reestructuraciones y transformaciones<\/strong><\/li><li><strong>Deuda senior, subordinada y mezzanine<\/strong><\/li><li><strong>Pr\u00e9stamos convertibles<\/strong><\/li><li><strong>Compras por parte del equipo directivo<\/strong><\/li><li><strong>Adquisiciones complementarias<\/strong><\/li><li><strong>Gesti\u00f3n de paquetes accionariales<\/strong><\/li><li><strong>Incentivos para empleados y planes de opciones sobre acciones<\/strong><\/li><li><strong>Salida parcial y total de la inversi\u00f3n<\/strong><\/li><li><strong>Adquisiciones, reestructuraciones y desinversiones de carteras<\/strong><\/li><li><strong>Conflictos entre accionistas<\/strong><\/li><\/ul><p>Para nuestros clientes de capital privado y capital riesgo, contamos con expertos en las \u00e1reas de fusiones y adquisiciones, derecho mercantil, propiedad intelectual, derecho laboral, derecho inmobiliario y urbanismo, energ\u00eda, derecho tributario, etc., con el fin de proporcionar un apoyo jur\u00eddico integral y satisfacer sus necesidades. No dude en ponerse en contacto con nosotros.<\/p>\t\t\t\t\t\t\t\t<\/div>\n\t\t\t\t<\/div>\n\t\t\t\t<div class=\"elementor-element elementor-element-e87fa8a elementor-widget elementor-widget-button\" data-id=\"e87fa8a\" data-element_type=\"widget\" data-e-type=\"widget\" data-widget_type=\"button.default\">\n\t\t\t\t<div class=\"elementor-widget-container\">\n\t\t\t\t\t\t\t\t\t<div class=\"elementor-button-wrapper\">\n\t\t\t\t\t<a class=\"elementor-button elementor-button-link elementor-size-sm\" href=\"https:\/\/kdp-law.com\/es\/especialidades\/\">\n\t\t\t\t\t\t<span class=\"elementor-button-content-wrapper\">\n\t\t\t\t\t\t<span class=\"elementor-button-icon\">\n\t\t\t\t<i aria-hidden=\"true\" class=\"fas fa-long-arrow-alt-left\"><\/i>\t\t\t<\/span>\n\t\t\t\t\t\t\t\t\t<span class=\"elementor-button-text\">SECTORES<\/span>\n\t\t\t\t\t<\/span>\n\t\t\t\t\t<\/a>\n\t\t\t\t<\/div>\n\t\t\t\t\t\t\t\t<\/div>\n\t\t\t\t<\/div>\n\t\t\t\t\t<\/div>\n\t\t<\/div>\n\t\t\t\t\t<\/div>\n\t\t<\/section>\n\t\t\t\t<\/div>\n\t\t","protected":false},"excerpt":{"rendered":"<p>SECTORES Conocemos el din\u00e1mico mundo del capital privado y el capital riesgo. Sus actores necesitan asesores jur\u00eddicos con experiencia multidisciplinar y un amplio conocimiento de las finanzas corporativas y la gesti\u00f3n estrat\u00e9gica. Contamos con lo necesario y estamos deseosos de ayudar en todos los aspectos jur\u00eddicos empresariales de diversos sectores econ\u00f3micos. Nuestro equipo est\u00e1 altamente [&hellip;]<\/p>\n","protected":false},"author":7,"featured_media":0,"parent":0,"menu_order":0,"comment_status":"closed","ping_status":"closed","template":"","meta":{"site-sidebar-layout":"no-sidebar","site-content-layout":"page-builder","ast-site-content-layout":"full-width-container","site-content-style":"default","site-sidebar-style":"default","ast-global-header-display":"","ast-banner-title-visibility":"","ast-main-header-display":"","ast-hfb-above-header-display":"","ast-hfb-below-header-display":"","ast-hfb-mobile-header-display":"","site-post-title":"disabled","ast-breadcrumbs-content":"","ast-featured-img":"disabled","footer-sml-layout":"","ast-disable-related-posts":"","theme-transparent-header-meta":"","adv-header-id-meta":"","stick-header-meta":"","header-above-stick-meta":"","header-main-stick-meta":"","header-below-stick-meta":"","astra-migrate-meta-layouts":"set","ast-page-background-enabled":"default","ast-page-background-meta":{"desktop":{"background-color":"","background-image":"","background-repeat":"repeat","background-position":"center center","background-size":"auto","background-attachment":"scroll","background-type":"","background-media":"","overlay-type":"","overlay-color":"","overlay-opacity":"","overlay-gradient":""},"tablet":{"background-color":"","background-image":"","background-repeat":"repeat","background-position":"center center","background-size":"auto","background-attachment":"scroll","background-type":"","background-media":"","overlay-type":"","overlay-color":"","overlay-opacity":"","overlay-gradient":""},"mobile":{"background-color":"","background-image":"","background-repeat":"repeat","background-position":"center center","background-size":"auto","background-attachment":"scroll","background-type":"","background-media":"","overlay-type":"","overlay-color":"","overlay-opacity":"","overlay-gradient":""}},"ast-content-background-meta":{"desktop":{"background-color":"var(--ast-global-color-5)","background-image":"","background-repeat":"repeat","background-position":"center center","background-size":"auto","background-attachment":"scroll","background-type":"","background-media":"","overlay-type":"","overlay-color":"","overlay-opacity":"","overlay-gradient":""},"tablet":{"background-color":"var(--ast-global-color-5)","background-image":"","background-repeat":"repeat","background-position":"center center","background-size":"auto","background-attachment":"scroll","background-type":"","background-media":"","overlay-type":"","overlay-color":"","overlay-opacity":"","overlay-gradient":""},"mobile":{"background-color":"var(--ast-global-color-5)","background-image":"","background-repeat":"repeat","background-position":"center center","background-size":"auto","background-attachment":"scroll","background-type":"","background-media":"","overlay-type":"","overlay-color":"","overlay-opacity":"","overlay-gradient":""}},"footnotes":""},"class_list":["post-5420","page","type-page","status-publish","hentry"],"_links":{"self":[{"href":"https:\/\/kdp-law.com\/es\/wp-json\/wp\/v2\/pages\/5420","targetHints":{"allow":["GET"]}}],"collection":[{"href":"https:\/\/kdp-law.com\/es\/wp-json\/wp\/v2\/pages"}],"about":[{"href":"https:\/\/kdp-law.com\/es\/wp-json\/wp\/v2\/types\/page"}],"author":[{"embeddable":true,"href":"https:\/\/kdp-law.com\/es\/wp-json\/wp\/v2\/users\/7"}],"replies":[{"embeddable":true,"href":"https:\/\/kdp-law.com\/es\/wp-json\/wp\/v2\/comments?post=5420"}],"version-history":[{"count":4,"href":"https:\/\/kdp-law.com\/es\/wp-json\/wp\/v2\/pages\/5420\/revisions"}],"predecessor-version":[{"id":5425,"href":"https:\/\/kdp-law.com\/es\/wp-json\/wp\/v2\/pages\/5420\/revisions\/5425"}],"wp:attachment":[{"href":"https:\/\/kdp-law.com\/es\/wp-json\/wp\/v2\/media?parent=5420"}],"curies":[{"name":"wp","href":"https:\/\/api.w.org\/{rel}","templated":true}]}}