{"id":5426,"date":"2024-02-06T15:56:03","date_gmt":"2024-02-06T13:56:03","guid":{"rendered":"https:\/\/kdp-law.com\/renewable-energy\/"},"modified":"2026-01-10T16:18:04","modified_gmt":"2026-01-10T14:18:04","slug":"energia-renovable","status":"publish","type":"page","link":"https:\/\/kdp-law.com\/es\/energia-renovable\/","title":{"rendered":"Energ\u00eda renovable"},"content":{"rendered":"\t\t<div data-elementor-type=\"wp-page\" data-elementor-id=\"5426\" class=\"elementor elementor-5426 elementor-4127\" data-elementor-post-type=\"page\">\n\t\t\t\t\t\t<section class=\"elementor-section elementor-top-section elementor-element elementor-element-28101226 elementor-section-boxed elementor-section-height-default elementor-section-height-default\" data-id=\"28101226\" data-element_type=\"section\" data-e-type=\"section\" data-settings=\"{&quot;background_background&quot;:&quot;classic&quot;}\">\n\t\t\t\t\t\t\t<div class=\"elementor-background-overlay\"><\/div>\n\t\t\t\t\t\t\t<div class=\"elementor-container elementor-column-gap-wide\">\n\t\t\t\t\t<div class=\"elementor-column elementor-col-100 elementor-top-column elementor-element elementor-element-4c161ea6\" data-id=\"4c161ea6\" data-element_type=\"column\" data-e-type=\"column\">\n\t\t\t<div class=\"elementor-widget-wrap elementor-element-populated\">\n\t\t\t\t\t\t<div class=\"elementor-element elementor-element-63ef858e elementor-widget elementor-widget-heading\" data-id=\"63ef858e\" data-element_type=\"widget\" data-e-type=\"widget\" data-widget_type=\"heading.default\">\n\t\t\t\t<div class=\"elementor-widget-container\">\n\t\t\t\t\t<h5 class=\"elementor-heading-title elementor-size-default\">SECTORES<\/h5>\t\t\t\t<\/div>\n\t\t\t\t<\/div>\n\t\t\t\t\t<\/div>\n\t\t<\/div>\n\t\t\t\t\t<\/div>\n\t\t<\/section>\n\t\t\t\t<section class=\"elementor-section elementor-top-section elementor-element elementor-element-78286ed4 elementor-section-boxed elementor-section-height-default elementor-section-height-default\" data-id=\"78286ed4\" data-element_type=\"section\" data-e-type=\"section\">\n\t\t\t\t\t\t<div class=\"elementor-container elementor-column-gap-wide\">\n\t\t\t\t\t<div class=\"elementor-column elementor-col-100 elementor-top-column elementor-element elementor-element-4a433363\" data-id=\"4a433363\" data-element_type=\"column\" data-e-type=\"column\">\n\t\t\t<div class=\"elementor-widget-wrap elementor-element-populated\">\n\t\t\t\t\t\t<div class=\"elementor-element elementor-element-7381026f elementor-widget elementor-widget-text-editor\" data-id=\"7381026f\" data-element_type=\"widget\" data-e-type=\"widget\" data-widget_type=\"text-editor.default\">\n\t\t\t\t<div class=\"elementor-widget-container\">\n\t\t\t\t\t\t\t\t\t<p>La generaci\u00f3n de energ\u00eda renovable es necesaria para alcanzar los objetivos de reducci\u00f3n de gases de efecto invernadero relacionados con el cambio clim\u00e1tico. Los actores implicados en este sector necesitan asesores jur\u00eddicos con experiencia, un profundo conocimiento del mercado y sus tendencias y, sobre todo, de su compleja y din\u00e1mica normativa. Los miembros de nuestro equipo cuentan con todo ello, pero lo que nos distingue es nuestra pasi\u00f3n y nuestra convicci\u00f3n del impacto positivo de las energ\u00edas renovables.<\/p><p>Asesoramos a clientes que trabajan en:<\/p><ul><li><strong>E\u00f3lica<\/strong><\/li><li><strong>Solar<\/strong><\/li><li><strong>Biomasa<\/strong><\/li><li><strong>H\u00eddrica<\/strong><\/li><li><strong>Geot\u00e9rmica<\/strong><\/li><li><strong>Almacenamiento en bater\u00edas<\/strong><\/li><li><strong>Captura, almacenamiento y comercio de carbono<\/strong><\/li><\/ul><p>Nuestros clientes son:<\/p><ul><li><strong>Patrocinadores (fondos de capital privado e instituciones financieras).<\/strong><\/li><li><strong>Contratistas EPC.<\/strong><\/li><li><strong>Ingenieros de los propietarios.<\/strong><\/li><li><strong>Compradores corporativos.<\/strong><\/li><li><strong>Operadores de bonos verdes.<\/strong><\/li><\/ul><p>Ofrecemos servicios de asesoramiento jur\u00eddico integral en materia de energ\u00edas renovables relacionados con:<\/p><ul><li><strong>Evaluaci\u00f3n y an\u00e1lisis preliminares<\/strong><\/li><li><strong>Diligencia debida legal de proyectos greenfield y activos brownfield<\/strong><\/li><li><strong>Evaluaci\u00f3n del impacto ambiental y cumplimiento normativo<\/strong><\/li><li><strong>Desarrollo y construcci\u00f3n de proyectos<\/strong><\/li><li><strong>Financiaci\u00f3n del desarrollo de proyectos greenfield y adquisici\u00f3n de activos brownfield<\/strong><\/li><li><strong>Obtenci\u00f3n de permisos y licencias para proyectos<\/strong><\/li><li><strong>Redacci\u00f3n y negociaci\u00f3n de contratos, por ejemplo, adquisici\u00f3n o arrendamiento de terrenos, acuerdos de compra, EPC, EPCM, O&amp;M, PPA, ingenier\u00eda del propietario, etc.<\/strong><\/li><li><strong>Operaciones de fusiones y adquisiciones relacionadas con proyectos greenfield y activos brownfield (incluidas carteras)<\/strong><\/li><li><strong>Negociaci\u00f3n de bonos energ\u00e9ticos y bonos verdes<\/strong><\/li><li><strong>Asesoramiento normativo y general<\/strong><\/li><li><strong>Asuntos relacionados con seguros de energ\u00edas renovables<\/strong><\/li><li><strong>Resoluci\u00f3n de disputas relacionadas con energ\u00edas renovables<\/strong><\/li><\/ul>\t\t\t\t\t\t\t\t<\/div>\n\t\t\t\t<\/div>\n\t\t\t\t<div class=\"elementor-element elementor-element-7d15a7a elementor-widget elementor-widget-button\" data-id=\"7d15a7a\" data-element_type=\"widget\" data-e-type=\"widget\" data-widget_type=\"button.default\">\n\t\t\t\t<div class=\"elementor-widget-container\">\n\t\t\t\t\t\t\t\t\t<div class=\"elementor-button-wrapper\">\n\t\t\t\t\t<a class=\"elementor-button elementor-button-link elementor-size-sm\" href=\"https:\/\/kdp-law.com\/capabilities\/\">\n\t\t\t\t\t\t<span class=\"elementor-button-content-wrapper\">\n\t\t\t\t\t\t<span class=\"elementor-button-icon\">\n\t\t\t\t<i aria-hidden=\"true\" class=\"fas fa-long-arrow-alt-left\"><\/i>\t\t\t<\/span>\n\t\t\t\t\t\t\t\t\t<span class=\"elementor-button-text\">CAPABILITIES<\/span>\n\t\t\t\t\t<\/span>\n\t\t\t\t\t<\/a>\n\t\t\t\t<\/div>\n\t\t\t\t\t\t\t\t<\/div>\n\t\t\t\t<\/div>\n\t\t\t\t\t<\/div>\n\t\t<\/div>\n\t\t\t\t\t<\/div>\n\t\t<\/section>\n\t\t\t\t<\/div>\n\t\t","protected":false},"excerpt":{"rendered":"<p>SECTORES La generaci\u00f3n de energ\u00eda renovable es necesaria para alcanzar los objetivos de reducci\u00f3n de gases de efecto invernadero relacionados con el cambio clim\u00e1tico. Los actores implicados en este sector necesitan asesores jur\u00eddicos con experiencia, un profundo conocimiento del mercado y sus tendencias y, sobre todo, de su compleja y din\u00e1mica normativa. Los miembros de [&hellip;]<\/p>\n","protected":false},"author":7,"featured_media":0,"parent":0,"menu_order":0,"comment_status":"closed","ping_status":"closed","template":"","meta":{"site-sidebar-layout":"no-sidebar","site-content-layout":"page-builder","ast-site-content-layout":"full-width-container","site-content-style":"default","site-sidebar-style":"default","ast-global-header-display":"","ast-banner-title-visibility":"","ast-main-header-display":"","ast-hfb-above-header-display":"","ast-hfb-below-header-display":"","ast-hfb-mobile-header-display":"","site-post-title":"disabled","ast-breadcrumbs-content":"","ast-featured-img":"disabled","footer-sml-layout":"","ast-disable-related-posts":"","theme-transparent-header-meta":"","adv-header-id-meta":"","stick-header-meta":"","header-above-stick-meta":"","header-main-stick-meta":"","header-below-stick-meta":"","astra-migrate-meta-layouts":"set","ast-page-background-enabled":"default","ast-page-background-meta":{"desktop":{"background-color":"","background-image":"","background-repeat":"repeat","background-position":"center center","background-size":"auto","background-attachment":"scroll","background-type":"","background-media":"","overlay-type":"","overlay-color":"","overlay-opacity":"","overlay-gradient":""},"tablet":{"background-color":"","background-image":"","background-repeat":"repeat","background-position":"center center","background-size":"auto","background-attachment":"scroll","background-type":"","background-media":"","overlay-type":"","overlay-color":"","overlay-opacity":"","overlay-gradient":""},"mobile":{"background-color":"","background-image":"","background-repeat":"repeat","background-position":"center center","background-size":"auto","background-attachment":"scroll","background-type":"","background-media":"","overlay-type":"","overlay-color":"","overlay-opacity":"","overlay-gradient":""}},"ast-content-background-meta":{"desktop":{"background-color":"var(--ast-global-color-5)","background-image":"","background-repeat":"repeat","background-position":"center center","background-size":"auto","background-attachment":"scroll","background-type":"","background-media":"","overlay-type":"","overlay-color":"","overlay-opacity":"","overlay-gradient":""},"tablet":{"background-color":"var(--ast-global-color-5)","background-image":"","background-repeat":"repeat","background-position":"center center","background-size":"auto","background-attachment":"scroll","background-type":"","background-media":"","overlay-type":"","overlay-color":"","overlay-opacity":"","overlay-gradient":""},"mobile":{"background-color":"var(--ast-global-color-5)","background-image":"","background-repeat":"repeat","background-position":"center center","background-size":"auto","background-attachment":"scroll","background-type":"","background-media":"","overlay-type":"","overlay-color":"","overlay-opacity":"","overlay-gradient":""}},"footnotes":""},"class_list":["post-5426","page","type-page","status-publish","hentry"],"_links":{"self":[{"href":"https:\/\/kdp-law.com\/es\/wp-json\/wp\/v2\/pages\/5426","targetHints":{"allow":["GET"]}}],"collection":[{"href":"https:\/\/kdp-law.com\/es\/wp-json\/wp\/v2\/pages"}],"about":[{"href":"https:\/\/kdp-law.com\/es\/wp-json\/wp\/v2\/types\/page"}],"author":[{"embeddable":true,"href":"https:\/\/kdp-law.com\/es\/wp-json\/wp\/v2\/users\/7"}],"replies":[{"embeddable":true,"href":"https:\/\/kdp-law.com\/es\/wp-json\/wp\/v2\/comments?post=5426"}],"version-history":[{"count":4,"href":"https:\/\/kdp-law.com\/es\/wp-json\/wp\/v2\/pages\/5426\/revisions"}],"predecessor-version":[{"id":5431,"href":"https:\/\/kdp-law.com\/es\/wp-json\/wp\/v2\/pages\/5426\/revisions\/5431"}],"wp:attachment":[{"href":"https:\/\/kdp-law.com\/es\/wp-json\/wp\/v2\/media?parent=5426"}],"curies":[{"name":"wp","href":"https:\/\/api.w.org\/{rel}","templated":true}]}}