{"id":5432,"date":"2024-02-06T15:58:15","date_gmt":"2024-02-06T13:58:15","guid":{"rendered":"https:\/\/kdp-law.com\/retail-consumer-goods\/"},"modified":"2026-01-10T16:23:38","modified_gmt":"2026-01-10T14:23:38","slug":"comercio-minorista-y-bienes-de-consumo","status":"publish","type":"page","link":"https:\/\/kdp-law.com\/es\/comercio-minorista-y-bienes-de-consumo\/","title":{"rendered":"Comercio minorista y bienes de consumo"},"content":{"rendered":"\t\t<div data-elementor-type=\"wp-page\" data-elementor-id=\"5432\" class=\"elementor elementor-5432 elementor-4133\" data-elementor-post-type=\"page\">\n\t\t\t\t\t\t<section class=\"elementor-section elementor-top-section elementor-element elementor-element-1b283551 elementor-section-boxed elementor-section-height-default elementor-section-height-default\" data-id=\"1b283551\" data-element_type=\"section\" data-e-type=\"section\" data-settings=\"{&quot;background_background&quot;:&quot;classic&quot;}\">\n\t\t\t\t\t\t\t<div class=\"elementor-background-overlay\"><\/div>\n\t\t\t\t\t\t\t<div class=\"elementor-container elementor-column-gap-wide\">\n\t\t\t\t\t<div class=\"elementor-column elementor-col-100 elementor-top-column elementor-element elementor-element-351ffe91\" data-id=\"351ffe91\" data-element_type=\"column\" data-e-type=\"column\">\n\t\t\t<div class=\"elementor-widget-wrap elementor-element-populated\">\n\t\t\t\t\t\t<div class=\"elementor-element elementor-element-695e0b4e elementor-widget elementor-widget-heading\" data-id=\"695e0b4e\" data-element_type=\"widget\" data-e-type=\"widget\" data-widget_type=\"heading.default\">\n\t\t\t\t<div class=\"elementor-widget-container\">\n\t\t\t\t\t<h5 class=\"elementor-heading-title elementor-size-default\">SECTORES<\/h5>\t\t\t\t<\/div>\n\t\t\t\t<\/div>\n\t\t\t\t\t<\/div>\n\t\t<\/div>\n\t\t\t\t\t<\/div>\n\t\t<\/section>\n\t\t\t\t<section class=\"elementor-section elementor-top-section elementor-element elementor-element-1becff20 elementor-section-boxed elementor-section-height-default elementor-section-height-default\" data-id=\"1becff20\" data-element_type=\"section\" data-e-type=\"section\">\n\t\t\t\t\t\t<div class=\"elementor-container elementor-column-gap-wide\">\n\t\t\t\t\t<div class=\"elementor-column elementor-col-100 elementor-top-column elementor-element elementor-element-328c39d9\" data-id=\"328c39d9\" data-element_type=\"column\" data-e-type=\"column\">\n\t\t\t<div class=\"elementor-widget-wrap elementor-element-populated\">\n\t\t\t\t\t\t<div class=\"elementor-element elementor-element-1c18f748 elementor-widget elementor-widget-text-editor\" data-id=\"1c18f748\" data-element_type=\"widget\" data-e-type=\"widget\" data-widget_type=\"text-editor.default\">\n\t\t\t\t<div class=\"elementor-widget-container\">\n\t\t\t\t\t\t\t\t\t<p>Las regulaciones sobre consumo a\u00f1aden una capa adicional de complejidad al ya complejo, din\u00e1mico y altamente competitivo sector minorista. La globalizaci\u00f3n, la digitalizaci\u00f3n y el cambio hacia la sostenibilidad se suman a los retos cotidianos.<\/p><p>Nuestro equipo sigue de cerca las regulaciones pertinentes y las tendencias del mercado para proporcionar a nuestros clientes minoristas los mejores servicios jur\u00eddicos para satisfacer sus necesidades comerciales. Nuestros expertos est\u00e1n a su disposici\u00f3n para ayudarle en todos los aspectos jur\u00eddicos relacionados con:<\/p><ul><li><strong>Desarrollo e introducci\u00f3n de condiciones generales para ventas tradicionales y en l\u00ednea<\/strong><\/li><li><strong>Entrada en el mercado y lanzamiento de nuevos productos<\/strong><\/li><li><strong>Asuntos relacionados con la propiedad intelectual de marcas y productos<\/strong><\/li><li><strong>Normativa sobre etiquetado, precios y protecci\u00f3n del consumidor<\/strong><\/li><li><strong>Campa\u00f1as y programas de fidelizaci\u00f3n de consumidores<\/strong><\/li><li><strong>Actividades publicitarias y promocionales<\/strong><\/li><li><strong>Pr\u00e1cticas comerciales desleales de competidores y clientes<\/strong><\/li><li><strong>Acuerdos de distribuci\u00f3n, agencia, franquicia y licencia<\/strong><\/li><li><strong>Normativa sobre financiaci\u00f3n al consumo<\/strong><\/li><li><strong>Normativa sobre comercio electr\u00f3nico<\/strong><\/li><li><strong>Privacidad de los datos en el proceso de venta online y tradicional<\/strong><\/li><li><strong>Gesti\u00f3n de crisis y redadas sorpresa<\/strong><\/li><li><strong>Normativa y litigios sobre responsabilidad por productos defectuosos<\/strong><\/li><li><strong>Retirada y recuperaci\u00f3n de productos<\/strong><\/li><li><strong>Cumplimiento normativo general y espec\u00edfico del sector<\/strong><\/li><\/ul>\t\t\t\t\t\t\t\t<\/div>\n\t\t\t\t<\/div>\n\t\t\t\t<div class=\"elementor-element elementor-element-b1fe864 elementor-widget elementor-widget-button\" data-id=\"b1fe864\" data-element_type=\"widget\" data-e-type=\"widget\" data-widget_type=\"button.default\">\n\t\t\t\t<div class=\"elementor-widget-container\">\n\t\t\t\t\t\t\t\t\t<div class=\"elementor-button-wrapper\">\n\t\t\t\t\t<a class=\"elementor-button elementor-button-link elementor-size-sm\" href=\"https:\/\/kdp-law.com\/es\/especialidades\/\">\n\t\t\t\t\t\t<span class=\"elementor-button-content-wrapper\">\n\t\t\t\t\t\t<span class=\"elementor-button-icon\">\n\t\t\t\t<i aria-hidden=\"true\" class=\"fas fa-long-arrow-alt-left\"><\/i>\t\t\t<\/span>\n\t\t\t\t\t\t\t\t\t<span class=\"elementor-button-text\">SECTORES<\/span>\n\t\t\t\t\t<\/span>\n\t\t\t\t\t<\/a>\n\t\t\t\t<\/div>\n\t\t\t\t\t\t\t\t<\/div>\n\t\t\t\t<\/div>\n\t\t\t\t\t<\/div>\n\t\t<\/div>\n\t\t\t\t\t<\/div>\n\t\t<\/section>\n\t\t\t\t<\/div>\n\t\t","protected":false},"excerpt":{"rendered":"<p>SECTORES Las regulaciones sobre consumo a\u00f1aden una capa adicional de complejidad al ya complejo, din\u00e1mico y altamente competitivo sector minorista. La globalizaci\u00f3n, la digitalizaci\u00f3n y el cambio hacia la sostenibilidad se suman a los retos cotidianos. Nuestro equipo sigue de cerca las regulaciones pertinentes y las tendencias del mercado para proporcionar a nuestros clientes minoristas [&hellip;]<\/p>\n","protected":false},"author":7,"featured_media":0,"parent":0,"menu_order":0,"comment_status":"closed","ping_status":"closed","template":"","meta":{"site-sidebar-layout":"no-sidebar","site-content-layout":"page-builder","ast-site-content-layout":"full-width-container","site-content-style":"default","site-sidebar-style":"default","ast-global-header-display":"","ast-banner-title-visibility":"","ast-main-header-display":"","ast-hfb-above-header-display":"","ast-hfb-below-header-display":"","ast-hfb-mobile-header-display":"","site-post-title":"disabled","ast-breadcrumbs-content":"","ast-featured-img":"disabled","footer-sml-layout":"","ast-disable-related-posts":"","theme-transparent-header-meta":"","adv-header-id-meta":"","stick-header-meta":"","header-above-stick-meta":"","header-main-stick-meta":"","header-below-stick-meta":"","astra-migrate-meta-layouts":"set","ast-page-background-enabled":"default","ast-page-background-meta":{"desktop":{"background-color":"","background-image":"","background-repeat":"repeat","background-position":"center center","background-size":"auto","background-attachment":"scroll","background-type":"","background-media":"","overlay-type":"","overlay-color":"","overlay-opacity":"","overlay-gradient":""},"tablet":{"background-color":"","background-image":"","background-repeat":"repeat","background-position":"center center","background-size":"auto","background-attachment":"scroll","background-type":"","background-media":"","overlay-type":"","overlay-color":"","overlay-opacity":"","overlay-gradient":""},"mobile":{"background-color":"","background-image":"","background-repeat":"repeat","background-position":"center center","background-size":"auto","background-attachment":"scroll","background-type":"","background-media":"","overlay-type":"","overlay-color":"","overlay-opacity":"","overlay-gradient":""}},"ast-content-background-meta":{"desktop":{"background-color":"var(--ast-global-color-5)","background-image":"","background-repeat":"repeat","background-position":"center center","background-size":"auto","background-attachment":"scroll","background-type":"","background-media":"","overlay-type":"","overlay-color":"","overlay-opacity":"","overlay-gradient":""},"tablet":{"background-color":"var(--ast-global-color-5)","background-image":"","background-repeat":"repeat","background-position":"center center","background-size":"auto","background-attachment":"scroll","background-type":"","background-media":"","overlay-type":"","overlay-color":"","overlay-opacity":"","overlay-gradient":""},"mobile":{"background-color":"var(--ast-global-color-5)","background-image":"","background-repeat":"repeat","background-position":"center center","background-size":"auto","background-attachment":"scroll","background-type":"","background-media":"","overlay-type":"","overlay-color":"","overlay-opacity":"","overlay-gradient":""}},"footnotes":""},"class_list":["post-5432","page","type-page","status-publish","hentry"],"_links":{"self":[{"href":"https:\/\/kdp-law.com\/es\/wp-json\/wp\/v2\/pages\/5432","targetHints":{"allow":["GET"]}}],"collection":[{"href":"https:\/\/kdp-law.com\/es\/wp-json\/wp\/v2\/pages"}],"about":[{"href":"https:\/\/kdp-law.com\/es\/wp-json\/wp\/v2\/types\/page"}],"author":[{"embeddable":true,"href":"https:\/\/kdp-law.com\/es\/wp-json\/wp\/v2\/users\/7"}],"replies":[{"embeddable":true,"href":"https:\/\/kdp-law.com\/es\/wp-json\/wp\/v2\/comments?post=5432"}],"version-history":[{"count":7,"href":"https:\/\/kdp-law.com\/es\/wp-json\/wp\/v2\/pages\/5432\/revisions"}],"predecessor-version":[{"id":5440,"href":"https:\/\/kdp-law.com\/es\/wp-json\/wp\/v2\/pages\/5432\/revisions\/5440"}],"wp:attachment":[{"href":"https:\/\/kdp-law.com\/es\/wp-json\/wp\/v2\/media?parent=5432"}],"curies":[{"name":"wp","href":"https:\/\/api.w.org\/{rel}","templated":true}]}}