{"id":5441,"date":"2024-02-06T15:59:58","date_gmt":"2024-02-06T13:59:58","guid":{"rendered":"https:\/\/kdp-law.com\/technology-media-telecommunications\/"},"modified":"2026-01-10T16:28:59","modified_gmt":"2026-01-10T14:28:59","slug":"tecnologia-medios-de-comunicacion-y-telecomunicaciones","status":"publish","type":"page","link":"https:\/\/kdp-law.com\/es\/tecnologia-medios-de-comunicacion-y-telecomunicaciones\/","title":{"rendered":"Tecnolog\u00eda, medios de comunicaci\u00f3n y telecomunicaciones"},"content":{"rendered":"\t\t<div data-elementor-type=\"wp-page\" data-elementor-id=\"5441\" class=\"elementor elementor-5441 elementor-4139\" data-elementor-post-type=\"page\">\n\t\t\t\t\t\t<section class=\"elementor-section elementor-top-section elementor-element elementor-element-45aaa372 elementor-section-boxed elementor-section-height-default elementor-section-height-default\" data-id=\"45aaa372\" data-element_type=\"section\" data-e-type=\"section\" data-settings=\"{&quot;background_background&quot;:&quot;classic&quot;}\">\n\t\t\t\t\t\t\t<div class=\"elementor-background-overlay\"><\/div>\n\t\t\t\t\t\t\t<div class=\"elementor-container elementor-column-gap-wide\">\n\t\t\t\t\t<div class=\"elementor-column elementor-col-100 elementor-top-column elementor-element elementor-element-58b05d00\" data-id=\"58b05d00\" data-element_type=\"column\" data-e-type=\"column\">\n\t\t\t<div class=\"elementor-widget-wrap elementor-element-populated\">\n\t\t\t\t\t\t<div class=\"elementor-element elementor-element-82c09ab elementor-widget elementor-widget-heading\" data-id=\"82c09ab\" data-element_type=\"widget\" data-e-type=\"widget\" data-widget_type=\"heading.default\">\n\t\t\t\t<div class=\"elementor-widget-container\">\n\t\t\t\t\t<h5 class=\"elementor-heading-title elementor-size-default\">SECTORES<\/h5>\t\t\t\t<\/div>\n\t\t\t\t<\/div>\n\t\t\t\t\t<\/div>\n\t\t<\/div>\n\t\t\t\t\t<\/div>\n\t\t<\/section>\n\t\t\t\t<section class=\"elementor-section elementor-top-section elementor-element elementor-element-2bb2e7a9 elementor-section-boxed elementor-section-height-default elementor-section-height-default\" data-id=\"2bb2e7a9\" data-element_type=\"section\" data-e-type=\"section\">\n\t\t\t\t\t\t<div class=\"elementor-container elementor-column-gap-wide\">\n\t\t\t\t\t<div class=\"elementor-column elementor-col-100 elementor-top-column elementor-element elementor-element-19d1bebd\" data-id=\"19d1bebd\" data-element_type=\"column\" data-e-type=\"column\">\n\t\t\t<div class=\"elementor-widget-wrap elementor-element-populated\">\n\t\t\t\t\t\t<div class=\"elementor-element elementor-element-19605a52 elementor-widget elementor-widget-text-editor\" data-id=\"19605a52\" data-element_type=\"widget\" data-e-type=\"widget\" data-widget_type=\"text-editor.default\">\n\t\t\t\t<div class=\"elementor-widget-container\">\n\t\t\t\t\t\t\t\t\t<p>La tecnolog\u00eda, los medios de comunicaci\u00f3n y las telecomunicaciones est\u00e1n a la vanguardia de la aceleraci\u00f3n de la vida empresarial y social. Se trata de sectores extremadamente complejos que se enfrentan a retos adicionales, como la globalizaci\u00f3n, la transformaci\u00f3n digital, la experiencia del cliente, el impacto social y el cambio hacia la sostenibilidad. Todos estos retos tambi\u00e9n afectan al marco jur\u00eddico y normativo, lo sabemos.<\/p><p>Deje que nuestro experimentado equipo se ocupe de los cambios en el marco jur\u00eddico y usted oc\u00fapese de otros retos, convirti\u00e9ndolos en oportunidades.<\/p><p>A nuestros clientes del sector de la tecnolog\u00eda, los medios de comunicaci\u00f3n y las telecomunicaciones les asesoramos en cuestiones jur\u00eddicas relacionadas con:<\/p><ul><li><strong>Organizaci\u00f3n y gesti\u00f3n empresarial<\/strong><\/li><li><strong>Bienes ra\u00edces, uso del suelo, zonificaci\u00f3n e infraestructura<\/strong><\/li><li><strong>Financiaci\u00f3n de deuda, mezzanine y capital<\/strong><\/li><li><strong>Asuntos laborales<\/strong><\/li><li><strong>Propiedad intelectual\/creaci\u00f3n de contenidos, adquisici\u00f3n, comercializaci\u00f3n y concesi\u00f3n de licencias<\/strong><\/li><li><strong>Privacidad de datos y secretos comerciales<\/strong><\/li><li><strong>Contratos comerciales y negociaciones<\/strong><\/li><li><strong>Normativa de protecci\u00f3n al consumidor<\/strong><\/li><li><strong>Contrataci\u00f3n p\u00fablica<\/strong><\/li><li><strong>Operaciones de fusiones y adquisiciones (adquisiciones, desinversiones, transformaciones empresariales)<\/strong><\/li><li><strong>Cumplimiento normativo<\/strong><\/li><li><strong>Servicios digitales, IaaS, SaaS, comercio electr\u00f3nico<\/strong><\/li><li><strong>Antimonopolio y competencia<\/strong><\/li><li><strong>Cumplimiento de ESG<\/strong><\/li><li><strong>Normativa y cumplimiento en materia de telecomunicaciones<\/strong><\/li><li><strong>Litigios administrativos, comerciales, de propiedad intelectual y laborales<\/strong><\/li><\/ul><p>Una empresa de \u00e9xito necesita un bufete de abogados de confianza con experiencia y conocimientos en el sector. Nosotros contamos con todo lo necesario y queremos ser su socio. P\u00f3ngase en contacto con nosotros y d\u00e9jenos ocuparnos de sus asuntos legales de forma pr\u00e1ctica.<\/p>\t\t\t\t\t\t\t\t<\/div>\n\t\t\t\t<\/div>\n\t\t\t\t<div class=\"elementor-element elementor-element-f8f8a89 elementor-widget elementor-widget-button\" data-id=\"f8f8a89\" data-element_type=\"widget\" data-e-type=\"widget\" data-widget_type=\"button.default\">\n\t\t\t\t<div class=\"elementor-widget-container\">\n\t\t\t\t\t\t\t\t\t<div class=\"elementor-button-wrapper\">\n\t\t\t\t\t<a class=\"elementor-button elementor-button-link elementor-size-sm\" href=\"https:\/\/kdp-law.com\/es\/especialidades\/\">\n\t\t\t\t\t\t<span class=\"elementor-button-content-wrapper\">\n\t\t\t\t\t\t<span class=\"elementor-button-icon\">\n\t\t\t\t<i aria-hidden=\"true\" class=\"fas fa-long-arrow-alt-left\"><\/i>\t\t\t<\/span>\n\t\t\t\t\t\t\t\t\t<span class=\"elementor-button-text\">SECTORES<\/span>\n\t\t\t\t\t<\/span>\n\t\t\t\t\t<\/a>\n\t\t\t\t<\/div>\n\t\t\t\t\t\t\t\t<\/div>\n\t\t\t\t<\/div>\n\t\t\t\t\t<\/div>\n\t\t<\/div>\n\t\t\t\t\t<\/div>\n\t\t<\/section>\n\t\t\t\t<\/div>\n\t\t","protected":false},"excerpt":{"rendered":"<p>SECTORES La tecnolog\u00eda, los medios de comunicaci\u00f3n y las telecomunicaciones est\u00e1n a la vanguardia de la aceleraci\u00f3n de la vida empresarial y social. Se trata de sectores extremadamente complejos que se enfrentan a retos adicionales, como la globalizaci\u00f3n, la transformaci\u00f3n digital, la experiencia del cliente, el impacto social y el cambio hacia la sostenibilidad. Todos [&hellip;]<\/p>\n","protected":false},"author":7,"featured_media":0,"parent":0,"menu_order":0,"comment_status":"closed","ping_status":"closed","template":"","meta":{"site-sidebar-layout":"no-sidebar","site-content-layout":"page-builder","ast-site-content-layout":"full-width-container","site-content-style":"default","site-sidebar-style":"default","ast-global-header-display":"","ast-banner-title-visibility":"","ast-main-header-display":"","ast-hfb-above-header-display":"","ast-hfb-below-header-display":"","ast-hfb-mobile-header-display":"","site-post-title":"disabled","ast-breadcrumbs-content":"","ast-featured-img":"disabled","footer-sml-layout":"","ast-disable-related-posts":"","theme-transparent-header-meta":"","adv-header-id-meta":"","stick-header-meta":"","header-above-stick-meta":"","header-main-stick-meta":"","header-below-stick-meta":"","astra-migrate-meta-layouts":"set","ast-page-background-enabled":"default","ast-page-background-meta":{"desktop":{"background-color":"","background-image":"","background-repeat":"repeat","background-position":"center center","background-size":"auto","background-attachment":"scroll","background-type":"","background-media":"","overlay-type":"","overlay-color":"","overlay-opacity":"","overlay-gradient":""},"tablet":{"background-color":"","background-image":"","background-repeat":"repeat","background-position":"center center","background-size":"auto","background-attachment":"scroll","background-type":"","background-media":"","overlay-type":"","overlay-color":"","overlay-opacity":"","overlay-gradient":""},"mobile":{"background-color":"","background-image":"","background-repeat":"repeat","background-position":"center center","background-size":"auto","background-attachment":"scroll","background-type":"","background-media":"","overlay-type":"","overlay-color":"","overlay-opacity":"","overlay-gradient":""}},"ast-content-background-meta":{"desktop":{"background-color":"var(--ast-global-color-5)","background-image":"","background-repeat":"repeat","background-position":"center center","background-size":"auto","background-attachment":"scroll","background-type":"","background-media":"","overlay-type":"","overlay-color":"","overlay-opacity":"","overlay-gradient":""},"tablet":{"background-color":"var(--ast-global-color-5)","background-image":"","background-repeat":"repeat","background-position":"center center","background-size":"auto","background-attachment":"scroll","background-type":"","background-media":"","overlay-type":"","overlay-color":"","overlay-opacity":"","overlay-gradient":""},"mobile":{"background-color":"var(--ast-global-color-5)","background-image":"","background-repeat":"repeat","background-position":"center center","background-size":"auto","background-attachment":"scroll","background-type":"","background-media":"","overlay-type":"","overlay-color":"","overlay-opacity":"","overlay-gradient":""}},"footnotes":""},"class_list":["post-5441","page","type-page","status-publish","hentry"],"_links":{"self":[{"href":"https:\/\/kdp-law.com\/es\/wp-json\/wp\/v2\/pages\/5441","targetHints":{"allow":["GET"]}}],"collection":[{"href":"https:\/\/kdp-law.com\/es\/wp-json\/wp\/v2\/pages"}],"about":[{"href":"https:\/\/kdp-law.com\/es\/wp-json\/wp\/v2\/types\/page"}],"author":[{"embeddable":true,"href":"https:\/\/kdp-law.com\/es\/wp-json\/wp\/v2\/users\/7"}],"replies":[{"embeddable":true,"href":"https:\/\/kdp-law.com\/es\/wp-json\/wp\/v2\/comments?post=5441"}],"version-history":[{"count":4,"href":"https:\/\/kdp-law.com\/es\/wp-json\/wp\/v2\/pages\/5441\/revisions"}],"predecessor-version":[{"id":5446,"href":"https:\/\/kdp-law.com\/es\/wp-json\/wp\/v2\/pages\/5441\/revisions\/5446"}],"wp:attachment":[{"href":"https:\/\/kdp-law.com\/es\/wp-json\/wp\/v2\/media?parent=5441"}],"curies":[{"name":"wp","href":"https:\/\/api.w.org\/{rel}","templated":true}]}}