{"id":5522,"date":"2024-11-09T11:56:51","date_gmt":"2024-11-09T09:56:51","guid":{"rendered":"https:\/\/kdp-law.com\/venelin-dimitrov\/"},"modified":"2026-01-10T17:27:10","modified_gmt":"2026-01-10T15:27:10","slug":"venelin-dimitrov","status":"publish","type":"page","link":"https:\/\/kdp-law.com\/es\/venelin-dimitrov\/","title":{"rendered":"Venelin Dimitrov"},"content":{"rendered":"\t\t<div data-elementor-type=\"wp-page\" data-elementor-id=\"5522\" class=\"elementor elementor-5522 elementor-4507\" data-elementor-post-type=\"page\">\n\t\t\t\t\t\t<section class=\"elementor-section elementor-top-section elementor-element elementor-element-44e82cff elementor-section-boxed elementor-section-height-default elementor-section-height-default\" data-id=\"44e82cff\" data-element_type=\"section\" data-e-type=\"section\" data-settings=\"{&quot;background_background&quot;:&quot;classic&quot;}\">\n\t\t\t\t\t\t\t<div class=\"elementor-background-overlay\"><\/div>\n\t\t\t\t\t\t\t<div class=\"elementor-container elementor-column-gap-wide\">\n\t\t\t\t\t<div class=\"elementor-column elementor-col-100 elementor-top-column elementor-element elementor-element-37084382\" data-id=\"37084382\" data-element_type=\"column\" data-e-type=\"column\">\n\t\t\t<div class=\"elementor-widget-wrap elementor-element-populated\">\n\t\t\t\t\t\t\t<\/div>\n\t\t<\/div>\n\t\t\t\t\t<\/div>\n\t\t<\/section>\n\t\t<div class=\"elementor-element elementor-element-27982714 e-flex e-con-boxed e-con e-parent\" data-id=\"27982714\" data-element_type=\"container\" data-e-type=\"container\">\n\t\t\t\t\t<div class=\"e-con-inner\">\n\t\t<div class=\"elementor-element elementor-element-5a78af30 e-con-full e-flex e-con e-child\" data-id=\"5a78af30\" data-element_type=\"container\" data-e-type=\"container\">\n\t\t\t\t<div class=\"elementor-element elementor-element-46f6fbdd elementor-widget elementor-widget-image\" data-id=\"46f6fbdd\" data-element_type=\"widget\" data-e-type=\"widget\" data-widget_type=\"image.default\">\n\t\t\t\t<div class=\"elementor-widget-container\">\n\t\t\t\t\t\t\t\t\t\t\t\t\t\t\t<img fetchpriority=\"high\" decoding=\"async\" width=\"500\" height=\"500\" src=\"https:\/\/kdp-law.com\/wp-content\/uploads\/2021\/11\/venelin-dimitrov.jpg\" class=\"attachment-large size-large wp-image-5505\" alt=\"Venelin Dimitrov\" srcset=\"https:\/\/kdp-law.com\/wp-content\/uploads\/2021\/11\/venelin-dimitrov.jpg 500w, https:\/\/kdp-law.com\/wp-content\/uploads\/2021\/11\/venelin-dimitrov-300x300.jpg 300w, https:\/\/kdp-law.com\/wp-content\/uploads\/2021\/11\/venelin-dimitrov-150x150.jpg 150w\" sizes=\"(max-width: 500px) 100vw, 500px\" title=\"\">\t\t\t\t\t\t\t\t\t\t\t\t\t\t\t<\/div>\n\t\t\t\t<\/div>\n\t\t\t\t<div class=\"elementor-element elementor-element-4d9f6a68 elementor-widget elementor-widget-heading\" data-id=\"4d9f6a68\" data-element_type=\"widget\" data-e-type=\"widget\" data-widget_type=\"heading.default\">\n\t\t\t\t<div class=\"elementor-widget-container\">\n\t\t\t\t\t<h2 class=\"elementor-heading-title elementor-size-default\">Venelin Dimitrov<\/h2>\t\t\t\t<\/div>\n\t\t\t\t<\/div>\n\t\t\t\t<div class=\"elementor-element elementor-element-2ff51042 elementor-widget elementor-widget-heading\" data-id=\"2ff51042\" data-element_type=\"widget\" data-e-type=\"widget\" data-widget_type=\"heading.default\">\n\t\t\t\t<div class=\"elementor-widget-container\">\n\t\t\t\t\t<h5 class=\"elementor-heading-title elementor-size-default\">Socio gerente<\/h5>\t\t\t\t<\/div>\n\t\t\t\t<\/div>\n\t\t\t\t<div class=\"elementor-element elementor-element-3b4d0115 elementor-icon-list--layout-traditional elementor-list-item-link-full_width elementor-widget elementor-widget-icon-list\" data-id=\"3b4d0115\" data-element_type=\"widget\" data-e-type=\"widget\" data-widget_type=\"icon-list.default\">\n\t\t\t\t<div class=\"elementor-widget-container\">\n\t\t\t\t\t\t\t<ul class=\"elementor-icon-list-items\">\n\t\t\t\t\t\t\t<li class=\"elementor-icon-list-item\">\n\t\t\t\t\t\t\t\t\t\t\t<a href=\"mailto:venelin.dimitrov@kdp-law.com\">\n\n\t\t\t\t\t\t\t\t\t\t\t\t<span class=\"elementor-icon-list-icon\">\n\t\t\t\t\t\t\t<i aria-hidden=\"true\" class=\"far fa-envelope\"><\/i>\t\t\t\t\t\t<\/span>\n\t\t\t\t\t\t\t\t\t\t<span class=\"elementor-icon-list-text\">venelin.dimitrov@kdp-law.com<\/span>\n\t\t\t\t\t\t\t\t\t\t\t<\/a>\n\t\t\t\t\t\t\t\t\t<\/li>\n\t\t\t\t\t\t<\/ul>\n\t\t\t\t\t\t<\/div>\n\t\t\t\t<\/div>\n\t\t\t\t<div class=\"elementor-element elementor-element-31e7cc34 elementor-view-default elementor-widget elementor-widget-icon\" data-id=\"31e7cc34\" data-element_type=\"widget\" data-e-type=\"widget\" data-widget_type=\"icon.default\">\n\t\t\t\t<div class=\"elementor-widget-container\">\n\t\t\t\t\t\t\t<div class=\"elementor-icon-wrapper\">\n\t\t\t<a class=\"elementor-icon\" href=\"https:\/\/www.linkedin.com\/in\/venelin\/\" target=\"_blank\" rel=\"noopener\">\n\t\t\t<i aria-hidden=\"true\" class=\"fab fa-linkedin-in\"><\/i>\t\t\t<\/a>\n\t\t<\/div>\n\t\t\t\t\t\t<\/div>\n\t\t\t\t<\/div>\n\t\t\t\t<\/div>\n\t\t<div class=\"elementor-element elementor-element-1da5975e e-con-full e-flex e-con e-child\" data-id=\"1da5975e\" data-element_type=\"container\" data-e-type=\"container\" data-settings=\"{&quot;background_background&quot;:&quot;classic&quot;}\">\n\t\t\t\t<div class=\"elementor-element elementor-element-7161cc54 elementor-widget elementor-widget-text-editor\" data-id=\"7161cc54\" data-element_type=\"widget\" data-e-type=\"widget\" data-widget_type=\"text-editor.default\">\n\t\t\t\t<div class=\"elementor-widget-container\">\n\t\t\t\t\t\t\t\t\t<p>Venelin es socio fundador de KDP y cuenta con m\u00e1s de 20 a\u00f1os de experiencia asesorando a clientes en asuntos relacionados con fusiones y adquisiciones, competencia y derecho mercantil.<\/p><p>Es m\u00e1ster en Derecho por la Universidad de S\u00f3fia y miembro del Colegio de Abogados de S\u00f3fia.<\/p><p>La experiencia principal de Venelin en fusiones y adquisiciones abarca la diligencia debida legal, la estructuraci\u00f3n de transferencias de acciones o negocios por parte del comprador o del vendedor, o transacciones de activos; el asesoramiento y la asistencia jur\u00eddica continua en relaci\u00f3n con la estructuraci\u00f3n, reestructuraci\u00f3n y venta de proyectos de inversi\u00f3n y\/o empresas conjuntas; la redacci\u00f3n, negociaci\u00f3n y comentario de documentos de transacci\u00f3n. En el \u00e1mbito del derecho de la competencia, Venelin asesora a clientes en asuntos relacionados con el control de fusiones y el cumplimiento de las normas antimonopolio sobre acuerdos prohibidos. En derecho mercantil, Venelin ayuda regularmente a los clientes a estructurar transacciones comerciales complejas; redacta o comenta los t\u00e9rminos y condiciones generales de clientes de diversos sectores; prepara otros contratos multilaterales o especializados.<\/p><p>Venelin combina su formaci\u00f3n jur\u00eddica, sus conocimientos y su experiencia en fusiones y adquisiciones y derecho de la competencia con los conocimientos adquiridos en su m\u00e1ster en Finanzas Corporativas para ofrecer a sus clientes un apoyo jur\u00eddico profundo y desde m\u00faltiples perspectivas.<\/p><p>Venelin goza de un alto reconocimiento por parte de <a href=\"https:\/\/www.legal500.com\/firms\/237306-komarevski-dimitrov-partners-attorneys-at-law\/c-bulgaria\/lawyers\/4507876-venelin-dimitrov\" target=\"_blank\" rel=\"noopener\">Legal500<\/a>, <a href=\"https:\/\/chambers.com\/lawyer\/venelin-dimitrov-europe-7:760796\" target=\"_blank\" rel=\"noopener\">Chambers &amp; Partners<\/a> e <a href=\"https:\/\/www.iflr1000.com\/Lawyer\/Venelin-Dimitrov\/Profile\/6172#profile\" target=\"_blank\" rel=\"noopener\">IFLR1000<\/a>.<\/p><p>Venelin es un apasionado de las artes marciales y tiene el cintur\u00f3n negro en Karate-Do, Shotokan.<\/p>\t\t\t\t\t\t\t\t<\/div>\n\t\t\t\t<\/div>\n\t\t\t\t<\/div>\n\t\t\t\t\t<\/div>\n\t\t\t\t<\/div>\n\t\t\t\t<\/div>\n\t\t","protected":false},"excerpt":{"rendered":"<p>Venelin Dimitrov Socio gerente venelin.dimitrov@kdp-law.com Venelin es socio fundador de KDP y cuenta con m\u00e1s de 20 a\u00f1os de experiencia asesorando a clientes en asuntos relacionados con fusiones y adquisiciones, competencia y derecho mercantil. Es m\u00e1ster en Derecho por la Universidad de S\u00f3fia y miembro del Colegio de Abogados de S\u00f3fia. La experiencia principal de [&hellip;]<\/p>\n","protected":false},"author":7,"featured_media":5505,"parent":0,"menu_order":0,"comment_status":"closed","ping_status":"closed","template":"","meta":{"site-sidebar-layout":"no-sidebar","site-content-layout":"page-builder","ast-site-content-layout":"full-width-container","site-content-style":"default","site-sidebar-style":"default","ast-global-header-display":"","ast-banner-title-visibility":"","ast-main-header-display":"","ast-hfb-above-header-display":"","ast-hfb-below-header-display":"","ast-hfb-mobile-header-display":"","site-post-title":"disabled","ast-breadcrumbs-content":"","ast-featured-img":"disabled","footer-sml-layout":"","ast-disable-related-posts":"","theme-transparent-header-meta":"","adv-header-id-meta":"","stick-header-meta":"","header-above-stick-meta":"","header-main-stick-meta":"","header-below-stick-meta":"","astra-migrate-meta-layouts":"set","ast-page-background-enabled":"default","ast-page-background-meta":{"desktop":{"background-color":"","background-image":"","background-repeat":"repeat","background-position":"center center","background-size":"auto","background-attachment":"scroll","background-type":"","background-media":"","overlay-type":"","overlay-color":"","overlay-opacity":"","overlay-gradient":""},"tablet":{"background-color":"","background-image":"","background-repeat":"repeat","background-position":"center center","background-size":"auto","background-attachment":"scroll","background-type":"","background-media":"","overlay-type":"","overlay-color":"","overlay-opacity":"","overlay-gradient":""},"mobile":{"background-color":"","background-image":"","background-repeat":"repeat","background-position":"center center","background-size":"auto","background-attachment":"scroll","background-type":"","background-media":"","overlay-type":"","overlay-color":"","overlay-opacity":"","overlay-gradient":""}},"ast-content-background-meta":{"desktop":{"background-color":"var(--ast-global-color-5)","background-image":"","background-repeat":"repeat","background-position":"center center","background-size":"auto","background-attachment":"scroll","background-type":"","background-media":"","overlay-type":"","overlay-color":"","overlay-opacity":"","overlay-gradient":""},"tablet":{"background-color":"var(--ast-global-color-5)","background-image":"","background-repeat":"repeat","background-position":"center center","background-size":"auto","background-attachment":"scroll","background-type":"","background-media":"","overlay-type":"","overlay-color":"","overlay-opacity":"","overlay-gradient":""},"mobile":{"background-color":"var(--ast-global-color-5)","background-image":"","background-repeat":"repeat","background-position":"center center","background-size":"auto","background-attachment":"scroll","background-type":"","background-media":"","overlay-type":"","overlay-color":"","overlay-opacity":"","overlay-gradient":""}},"footnotes":""},"class_list":["post-5522","page","type-page","status-publish","has-post-thumbnail","hentry"],"_links":{"self":[{"href":"https:\/\/kdp-law.com\/es\/wp-json\/wp\/v2\/pages\/5522","targetHints":{"allow":["GET"]}}],"collection":[{"href":"https:\/\/kdp-law.com\/es\/wp-json\/wp\/v2\/pages"}],"about":[{"href":"https:\/\/kdp-law.com\/es\/wp-json\/wp\/v2\/types\/page"}],"author":[{"embeddable":true,"href":"https:\/\/kdp-law.com\/es\/wp-json\/wp\/v2\/users\/7"}],"replies":[{"embeddable":true,"href":"https:\/\/kdp-law.com\/es\/wp-json\/wp\/v2\/comments?post=5522"}],"version-history":[{"count":6,"href":"https:\/\/kdp-law.com\/es\/wp-json\/wp\/v2\/pages\/5522\/revisions"}],"predecessor-version":[{"id":5528,"href":"https:\/\/kdp-law.com\/es\/wp-json\/wp\/v2\/pages\/5522\/revisions\/5528"}],"wp:featuredmedia":[{"embeddable":true,"href":"https:\/\/kdp-law.com\/es\/wp-json\/wp\/v2\/media\/5505"}],"wp:attachment":[{"href":"https:\/\/kdp-law.com\/es\/wp-json\/wp\/v2\/media?parent=5522"}],"curies":[{"name":"wp","href":"https:\/\/api.w.org\/{rel}","templated":true}]}}