{"id":5529,"date":"2024-11-09T11:59:50","date_gmt":"2024-11-09T09:59:50","guid":{"rendered":"https:\/\/kdp-law.com\/iva-georgieva\/"},"modified":"2026-01-10T17:32:11","modified_gmt":"2026-01-10T15:32:11","slug":"iva-georgieva","status":"publish","type":"page","link":"https:\/\/kdp-law.com\/es\/iva-georgieva\/","title":{"rendered":"Iva Georgieva"},"content":{"rendered":"\t\t<div data-elementor-type=\"wp-page\" data-elementor-id=\"5529\" class=\"elementor elementor-5529 elementor-4512\" data-elementor-post-type=\"page\">\n\t\t\t\t\t\t<section class=\"elementor-section elementor-top-section elementor-element elementor-element-21d902d9 elementor-section-boxed elementor-section-height-default elementor-section-height-default\" data-id=\"21d902d9\" data-element_type=\"section\" data-e-type=\"section\" data-settings=\"{&quot;background_background&quot;:&quot;classic&quot;}\">\n\t\t\t\t\t\t\t<div class=\"elementor-background-overlay\"><\/div>\n\t\t\t\t\t\t\t<div class=\"elementor-container elementor-column-gap-wide\">\n\t\t\t\t\t<div class=\"elementor-column elementor-col-100 elementor-top-column elementor-element elementor-element-2ffb01bf\" data-id=\"2ffb01bf\" data-element_type=\"column\" data-e-type=\"column\">\n\t\t\t<div class=\"elementor-widget-wrap elementor-element-populated\">\n\t\t\t\t\t\t\t<\/div>\n\t\t<\/div>\n\t\t\t\t\t<\/div>\n\t\t<\/section>\n\t\t<div class=\"elementor-element elementor-element-4edb2568 e-flex e-con-boxed e-con e-parent\" data-id=\"4edb2568\" data-element_type=\"container\" data-e-type=\"container\">\n\t\t\t\t\t<div class=\"e-con-inner\">\n\t\t<div class=\"elementor-element elementor-element-742bbbd2 e-con-full e-flex e-con e-child\" data-id=\"742bbbd2\" data-element_type=\"container\" data-e-type=\"container\">\n\t\t\t\t<div class=\"elementor-element elementor-element-18d80179 elementor-widget elementor-widget-image\" data-id=\"18d80179\" data-element_type=\"widget\" data-e-type=\"widget\" data-widget_type=\"image.default\">\n\t\t\t\t<div class=\"elementor-widget-container\">\n\t\t\t\t\t\t\t\t\t\t\t\t\t\t\t<img fetchpriority=\"high\" decoding=\"async\" width=\"500\" height=\"500\" src=\"https:\/\/kdp-law.com\/wp-content\/uploads\/2023\/06\/Iva-Georgieva.jpg\" class=\"attachment-large size-large wp-image-5506\" alt=\"Iva Georgieva\" srcset=\"https:\/\/kdp-law.com\/wp-content\/uploads\/2023\/06\/Iva-Georgieva.jpg 500w, https:\/\/kdp-law.com\/wp-content\/uploads\/2023\/06\/Iva-Georgieva-300x300.jpg 300w, https:\/\/kdp-law.com\/wp-content\/uploads\/2023\/06\/Iva-Georgieva-150x150.jpg 150w\" sizes=\"(max-width: 500px) 100vw, 500px\" title=\"\">\t\t\t\t\t\t\t\t\t\t\t\t\t\t\t<\/div>\n\t\t\t\t<\/div>\n\t\t\t\t<div class=\"elementor-element elementor-element-7c10a492 elementor-widget elementor-widget-heading\" data-id=\"7c10a492\" data-element_type=\"widget\" data-e-type=\"widget\" data-widget_type=\"heading.default\">\n\t\t\t\t<div class=\"elementor-widget-container\">\n\t\t\t\t\t<h2 class=\"elementor-heading-title elementor-size-default\">Iva Georgieva<\/h2>\t\t\t\t<\/div>\n\t\t\t\t<\/div>\n\t\t\t\t<div class=\"elementor-element elementor-element-75497761 elementor-widget elementor-widget-heading\" data-id=\"75497761\" data-element_type=\"widget\" data-e-type=\"widget\" data-widget_type=\"heading.default\">\n\t\t\t\t<div class=\"elementor-widget-container\">\n\t\t\t\t\t<h5 class=\"elementor-heading-title elementor-size-default\">Asociada gerente<\/h5>\t\t\t\t<\/div>\n\t\t\t\t<\/div>\n\t\t\t\t<div class=\"elementor-element elementor-element-2a9d0028 elementor-icon-list--layout-traditional elementor-list-item-link-full_width elementor-widget elementor-widget-icon-list\" data-id=\"2a9d0028\" data-element_type=\"widget\" data-e-type=\"widget\" data-widget_type=\"icon-list.default\">\n\t\t\t\t<div class=\"elementor-widget-container\">\n\t\t\t\t\t\t\t<ul class=\"elementor-icon-list-items\">\n\t\t\t\t\t\t\t<li class=\"elementor-icon-list-item\">\n\t\t\t\t\t\t\t\t\t\t\t<a href=\"mailto:iva.georgieva@kdp-law.com\">\n\n\t\t\t\t\t\t\t\t\t\t\t\t<span class=\"elementor-icon-list-icon\">\n\t\t\t\t\t\t\t<i aria-hidden=\"true\" class=\"far fa-envelope\"><\/i>\t\t\t\t\t\t<\/span>\n\t\t\t\t\t\t\t\t\t\t<span class=\"elementor-icon-list-text\">iva.georgieva@kdp-law.com<\/span>\n\t\t\t\t\t\t\t\t\t\t\t<\/a>\n\t\t\t\t\t\t\t\t\t<\/li>\n\t\t\t\t\t\t<\/ul>\n\t\t\t\t\t\t<\/div>\n\t\t\t\t<\/div>\n\t\t\t\t<div class=\"elementor-element elementor-element-24d23aab elementor-view-default elementor-widget elementor-widget-icon\" data-id=\"24d23aab\" data-element_type=\"widget\" data-e-type=\"widget\" data-widget_type=\"icon.default\">\n\t\t\t\t<div class=\"elementor-widget-container\">\n\t\t\t\t\t\t\t<div class=\"elementor-icon-wrapper\">\n\t\t\t<a class=\"elementor-icon\" href=\"https:\/\/www.linkedin.com\/in\/iva-parashkevova-30156146\/\" target=\"_blank\" rel=\"noopener\">\n\t\t\t<i aria-hidden=\"true\" class=\"fab fa-linkedin-in\"><\/i>\t\t\t<\/a>\n\t\t<\/div>\n\t\t\t\t\t\t<\/div>\n\t\t\t\t<\/div>\n\t\t\t\t<\/div>\n\t\t<div class=\"elementor-element elementor-element-4515f050 e-con-full e-flex e-con e-child\" data-id=\"4515f050\" data-element_type=\"container\" data-e-type=\"container\" data-settings=\"{&quot;background_background&quot;:&quot;classic&quot;}\">\n\t\t\t\t<div class=\"elementor-element elementor-element-149f5546 elementor-widget elementor-widget-text-editor\" data-id=\"149f5546\" data-element_type=\"widget\" data-e-type=\"widget\" data-widget_type=\"text-editor.default\">\n\t\t\t\t<div class=\"elementor-widget-container\">\n\t\t\t\t\t\t\t\t\t<p>Iva es un miembro clave del equipo de fusiones y adquisiciones y derecho de la UE de KDP.<\/p><p>Es licenciada en Derecho por la Facultad de Derecho de la Universidad de S\u00f3fia y miembro del Colegio de Abogados de S\u00f3fia.<\/p><p>En los \u00faltimos 10 a\u00f1os, Iva se ha especializado principalmente como abogada en derecho corporativo, mercantil y de la competencia. Durante este tiempo, Iva ha adquirido experiencia en el asesoramiento a empresas del sector tecnol\u00f3gico en una amplia gama de temas jur\u00eddicos, incluyendo la estructuraci\u00f3n y constituci\u00f3n inicial de la empresa, el desarrollo de productos y servicios innovadores de conformidad con la normativa de la UE y local, la estructuraci\u00f3n del marco jur\u00eddico para las relaciones con clientes y socios, la obtenci\u00f3n de fondos mediante inversiones de capital y pr\u00e9stamos (convertibles), la implementaci\u00f3n de planes de opciones sobre acciones para empleados, las salidas mediante fusiones, adquisiciones, escisiones de empresas conjuntas o la liquidaci\u00f3n de la empresa. Como abogada especializada en derecho corporativo y fusiones y adquisiciones, Iva tambi\u00e9n ha asesorado a fondos de capital, inversores y fundadores en la estructuraci\u00f3n y ejecuci\u00f3n de inversiones, adquisiciones, empresas conjuntas y salidas con la participaci\u00f3n de empresas b\u00falgaras.<\/p><p>La experiencia de Iva en derecho de la competencia incluye diversos temas relacionados con la distribuci\u00f3n, como los programas de descuentos, el establecimiento y la terminaci\u00f3n de relaciones con distribuidores, el cumplimiento de las normas de protecci\u00f3n del consumidor y de competencia desleal en las campa\u00f1as de marketing y promoci\u00f3n, as\u00ed como la revisi\u00f3n general del cumplimiento de las pr\u00e1cticas comerciales y las relaciones con clientes y proveedores.<\/p>\t\t\t\t\t\t\t\t<\/div>\n\t\t\t\t<\/div>\n\t\t\t\t<\/div>\n\t\t\t\t\t<\/div>\n\t\t\t\t<\/div>\n\t\t\t\t<\/div>\n\t\t","protected":false},"excerpt":{"rendered":"<p>Iva Georgieva Asociada gerente iva.georgieva@kdp-law.com Iva es un miembro clave del equipo de fusiones y adquisiciones y derecho de la UE de KDP. Es licenciada en Derecho por la Facultad de Derecho de la Universidad de S\u00f3fia y miembro del Colegio de Abogados de S\u00f3fia. En los \u00faltimos 10 a\u00f1os, Iva se ha especializado principalmente [&hellip;]<\/p>\n","protected":false},"author":7,"featured_media":5506,"parent":0,"menu_order":0,"comment_status":"closed","ping_status":"closed","template":"","meta":{"site-sidebar-layout":"no-sidebar","site-content-layout":"page-builder","ast-site-content-layout":"full-width-container","site-content-style":"default","site-sidebar-style":"default","ast-global-header-display":"","ast-banner-title-visibility":"","ast-main-header-display":"","ast-hfb-above-header-display":"","ast-hfb-below-header-display":"","ast-hfb-mobile-header-display":"","site-post-title":"disabled","ast-breadcrumbs-content":"","ast-featured-img":"disabled","footer-sml-layout":"","ast-disable-related-posts":"","theme-transparent-header-meta":"","adv-header-id-meta":"","stick-header-meta":"","header-above-stick-meta":"","header-main-stick-meta":"","header-below-stick-meta":"","astra-migrate-meta-layouts":"set","ast-page-background-enabled":"default","ast-page-background-meta":{"desktop":{"background-color":"","background-image":"","background-repeat":"repeat","background-position":"center center","background-size":"auto","background-attachment":"scroll","background-type":"","background-media":"","overlay-type":"","overlay-color":"","overlay-opacity":"","overlay-gradient":""},"tablet":{"background-color":"","background-image":"","background-repeat":"repeat","background-position":"center center","background-size":"auto","background-attachment":"scroll","background-type":"","background-media":"","overlay-type":"","overlay-color":"","overlay-opacity":"","overlay-gradient":""},"mobile":{"background-color":"","background-image":"","background-repeat":"repeat","background-position":"center center","background-size":"auto","background-attachment":"scroll","background-type":"","background-media":"","overlay-type":"","overlay-color":"","overlay-opacity":"","overlay-gradient":""}},"ast-content-background-meta":{"desktop":{"background-color":"var(--ast-global-color-5)","background-image":"","background-repeat":"repeat","background-position":"center center","background-size":"auto","background-attachment":"scroll","background-type":"","background-media":"","overlay-type":"","overlay-color":"","overlay-opacity":"","overlay-gradient":""},"tablet":{"background-color":"var(--ast-global-color-5)","background-image":"","background-repeat":"repeat","background-position":"center center","background-size":"auto","background-attachment":"scroll","background-type":"","background-media":"","overlay-type":"","overlay-color":"","overlay-opacity":"","overlay-gradient":""},"mobile":{"background-color":"var(--ast-global-color-5)","background-image":"","background-repeat":"repeat","background-position":"center center","background-size":"auto","background-attachment":"scroll","background-type":"","background-media":"","overlay-type":"","overlay-color":"","overlay-opacity":"","overlay-gradient":""}},"footnotes":""},"class_list":["post-5529","page","type-page","status-publish","has-post-thumbnail","hentry"],"_links":{"self":[{"href":"https:\/\/kdp-law.com\/es\/wp-json\/wp\/v2\/pages\/5529","targetHints":{"allow":["GET"]}}],"collection":[{"href":"https:\/\/kdp-law.com\/es\/wp-json\/wp\/v2\/pages"}],"about":[{"href":"https:\/\/kdp-law.com\/es\/wp-json\/wp\/v2\/types\/page"}],"author":[{"embeddable":true,"href":"https:\/\/kdp-law.com\/es\/wp-json\/wp\/v2\/users\/7"}],"replies":[{"embeddable":true,"href":"https:\/\/kdp-law.com\/es\/wp-json\/wp\/v2\/comments?post=5529"}],"version-history":[{"count":3,"href":"https:\/\/kdp-law.com\/es\/wp-json\/wp\/v2\/pages\/5529\/revisions"}],"predecessor-version":[{"id":5532,"href":"https:\/\/kdp-law.com\/es\/wp-json\/wp\/v2\/pages\/5529\/revisions\/5532"}],"wp:featuredmedia":[{"embeddable":true,"href":"https:\/\/kdp-law.com\/es\/wp-json\/wp\/v2\/media\/5506"}],"wp:attachment":[{"href":"https:\/\/kdp-law.com\/es\/wp-json\/wp\/v2\/media?parent=5529"}],"curies":[{"name":"wp","href":"https:\/\/api.w.org\/{rel}","templated":true}]}}