{"id":5538,"date":"2024-11-09T12:19:56","date_gmt":"2024-11-09T10:19:56","guid":{"rendered":"https:\/\/kdp-law.com\/irina-stanimirova\/"},"modified":"2026-01-10T17:38:31","modified_gmt":"2026-01-10T15:38:31","slug":"irina-stanimirova","status":"publish","type":"page","link":"https:\/\/kdp-law.com\/es\/irina-stanimirova\/","title":{"rendered":"Irina Stanimirova"},"content":{"rendered":"\t\t<div data-elementor-type=\"wp-page\" data-elementor-id=\"5538\" class=\"elementor elementor-5538 elementor-4543\" data-elementor-post-type=\"page\">\n\t\t\t\t\t\t<section class=\"elementor-section elementor-top-section elementor-element elementor-element-142262a9 elementor-section-boxed elementor-section-height-default elementor-section-height-default\" data-id=\"142262a9\" data-element_type=\"section\" data-e-type=\"section\" data-settings=\"{&quot;background_background&quot;:&quot;classic&quot;}\">\n\t\t\t\t\t\t\t<div class=\"elementor-background-overlay\"><\/div>\n\t\t\t\t\t\t\t<div class=\"elementor-container elementor-column-gap-wide\">\n\t\t\t\t\t<div class=\"elementor-column elementor-col-100 elementor-top-column elementor-element elementor-element-69f8264c\" data-id=\"69f8264c\" data-element_type=\"column\" data-e-type=\"column\">\n\t\t\t<div class=\"elementor-widget-wrap elementor-element-populated\">\n\t\t\t\t\t\t\t<\/div>\n\t\t<\/div>\n\t\t\t\t\t<\/div>\n\t\t<\/section>\n\t\t<div class=\"elementor-element elementor-element-3d66b186 e-flex e-con-boxed e-con e-parent\" data-id=\"3d66b186\" data-element_type=\"container\" data-e-type=\"container\">\n\t\t\t\t\t<div class=\"e-con-inner\">\n\t\t<div class=\"elementor-element elementor-element-68c67e8e e-con-full e-flex e-con e-child\" data-id=\"68c67e8e\" data-element_type=\"container\" data-e-type=\"container\">\n\t\t\t\t<div class=\"elementor-element elementor-element-374693f3 elementor-widget elementor-widget-image\" data-id=\"374693f3\" data-element_type=\"widget\" data-e-type=\"widget\" data-widget_type=\"image.default\">\n\t\t\t\t<div class=\"elementor-widget-container\">\n\t\t\t\t\t\t\t\t\t\t\t\t\t\t\t<img fetchpriority=\"high\" decoding=\"async\" width=\"500\" height=\"500\" src=\"https:\/\/kdp-law.com\/wp-content\/uploads\/2023\/06\/Irina-Stanimirova.jpg\" class=\"attachment-large size-large wp-image-5508\" alt=\"\" srcset=\"https:\/\/kdp-law.com\/wp-content\/uploads\/2023\/06\/Irina-Stanimirova.jpg 500w, https:\/\/kdp-law.com\/wp-content\/uploads\/2023\/06\/Irina-Stanimirova-300x300.jpg 300w, https:\/\/kdp-law.com\/wp-content\/uploads\/2023\/06\/Irina-Stanimirova-150x150.jpg 150w\" sizes=\"(max-width: 500px) 100vw, 500px\" title=\"\">\t\t\t\t\t\t\t\t\t\t\t\t\t\t\t<\/div>\n\t\t\t\t<\/div>\n\t\t\t\t<div class=\"elementor-element elementor-element-41f11ead elementor-widget elementor-widget-heading\" data-id=\"41f11ead\" data-element_type=\"widget\" data-e-type=\"widget\" data-widget_type=\"heading.default\">\n\t\t\t\t<div class=\"elementor-widget-container\">\n\t\t\t\t\t<h2 class=\"elementor-heading-title elementor-size-default\">Irina Stanimirova<\/h2>\t\t\t\t<\/div>\n\t\t\t\t<\/div>\n\t\t\t\t<div class=\"elementor-element elementor-element-2104e7f3 elementor-widget elementor-widget-heading\" data-id=\"2104e7f3\" data-element_type=\"widget\" data-e-type=\"widget\" data-widget_type=\"heading.default\">\n\t\t\t\t<div class=\"elementor-widget-container\">\n\t\t\t\t\t<h5 class=\"elementor-heading-title elementor-size-default\">Asociada gerente<\/h5>\t\t\t\t<\/div>\n\t\t\t\t<\/div>\n\t\t\t\t<div class=\"elementor-element elementor-element-22f59348 elementor-icon-list--layout-traditional elementor-list-item-link-full_width elementor-widget elementor-widget-icon-list\" data-id=\"22f59348\" data-element_type=\"widget\" data-e-type=\"widget\" data-widget_type=\"icon-list.default\">\n\t\t\t\t<div class=\"elementor-widget-container\">\n\t\t\t\t\t\t\t<ul class=\"elementor-icon-list-items\">\n\t\t\t\t\t\t\t<li class=\"elementor-icon-list-item\">\n\t\t\t\t\t\t\t\t\t\t\t<a href=\"mailto:irina.stanimirova@kdp-law.com\">\n\n\t\t\t\t\t\t\t\t\t\t\t\t<span class=\"elementor-icon-list-icon\">\n\t\t\t\t\t\t\t<i aria-hidden=\"true\" class=\"far fa-envelope\"><\/i>\t\t\t\t\t\t<\/span>\n\t\t\t\t\t\t\t\t\t\t<span class=\"elementor-icon-list-text\">irina.stanimirova@kdp-law.com<\/span>\n\t\t\t\t\t\t\t\t\t\t\t<\/a>\n\t\t\t\t\t\t\t\t\t<\/li>\n\t\t\t\t\t\t<\/ul>\n\t\t\t\t\t\t<\/div>\n\t\t\t\t<\/div>\n\t\t\t\t<div class=\"elementor-element elementor-element-419a1b83 elementor-view-default elementor-widget elementor-widget-icon\" data-id=\"419a1b83\" data-element_type=\"widget\" data-e-type=\"widget\" data-widget_type=\"icon.default\">\n\t\t\t\t<div class=\"elementor-widget-container\">\n\t\t\t\t\t\t\t<div class=\"elementor-icon-wrapper\">\n\t\t\t<a class=\"elementor-icon\" href=\"https:\/\/www.linkedin.com\/in\/irina-stanimirova-6b17625\/\" target=\"_blank\" rel=\"noopener\">\n\t\t\t<i aria-hidden=\"true\" class=\"fab fa-linkedin-in\"><\/i>\t\t\t<\/a>\n\t\t<\/div>\n\t\t\t\t\t\t<\/div>\n\t\t\t\t<\/div>\n\t\t\t\t<\/div>\n\t\t<div class=\"elementor-element elementor-element-3bf36861 e-con-full e-flex e-con e-child\" data-id=\"3bf36861\" data-element_type=\"container\" data-e-type=\"container\" data-settings=\"{&quot;background_background&quot;:&quot;classic&quot;}\">\n\t\t\t\t<div class=\"elementor-element elementor-element-3826a003 elementor-widget elementor-widget-text-editor\" data-id=\"3826a003\" data-element_type=\"widget\" data-e-type=\"widget\" data-widget_type=\"text-editor.default\">\n\t\t\t\t<div class=\"elementor-widget-container\">\n\t\t\t\t\t\t\t\t\t<p>Irina Stanimirova es asociada gerente en KDP con m\u00e1s de 23 a\u00f1os de experiencia.<\/p><p>Tiene un m\u00e1ster en Derecho por la Universidad de S\u00f3fia y es miembro del Colegio de Abogados de S\u00f3fia. Irina es tambi\u00e9n miembro cofundador de la Sociedad B\u00falgara de Derecho de la Construcci\u00f3n.<\/p><p>La pr\u00e1ctica de Irina se centra en el sector inmobiliario, la zonificaci\u00f3n y la construcci\u00f3n. Durante los \u00faltimos 20 a\u00f1os, Irina ha asesorado a clientes en una amplia gama de transacciones legales e inversiones relacionadas con el sector inmobiliario, incluyendo fusiones y adquisiciones transfronterizas complejas, pr\u00e9stamos garantizados, financiaci\u00f3n de proyectos, concesiones, procedimientos de contrataci\u00f3n p\u00fablica, construcci\u00f3n de infraestructuras de petr\u00f3leo y gas y desarrollo de proyectos de energ\u00edas renovables.<\/p><p>Irina tambi\u00e9n representa a clientes ante todos los tribunales de Bulgaria en procedimientos civiles y administrativos relacionados con la propiedad inmobiliaria.<\/p>\t\t\t\t\t\t\t\t<\/div>\n\t\t\t\t<\/div>\n\t\t\t\t<\/div>\n\t\t\t\t\t<\/div>\n\t\t\t\t<\/div>\n\t\t\t\t<\/div>\n\t\t","protected":false},"excerpt":{"rendered":"<p>Irina Stanimirova Asociada gerente irina.stanimirova@kdp-law.com Irina Stanimirova es asociada gerente en KDP con m\u00e1s de 23 a\u00f1os de experiencia. Tiene un m\u00e1ster en Derecho por la Universidad de S\u00f3fia y es miembro del Colegio de Abogados de S\u00f3fia. Irina es tambi\u00e9n miembro cofundador de la Sociedad B\u00falgara de Derecho de la Construcci\u00f3n. La pr\u00e1ctica de [&hellip;]<\/p>\n","protected":false},"author":7,"featured_media":5508,"parent":0,"menu_order":0,"comment_status":"closed","ping_status":"closed","template":"","meta":{"site-sidebar-layout":"no-sidebar","site-content-layout":"page-builder","ast-site-content-layout":"full-width-container","site-content-style":"default","site-sidebar-style":"default","ast-global-header-display":"","ast-banner-title-visibility":"","ast-main-header-display":"","ast-hfb-above-header-display":"","ast-hfb-below-header-display":"","ast-hfb-mobile-header-display":"","site-post-title":"disabled","ast-breadcrumbs-content":"","ast-featured-img":"disabled","footer-sml-layout":"","ast-disable-related-posts":"","theme-transparent-header-meta":"","adv-header-id-meta":"","stick-header-meta":"","header-above-stick-meta":"","header-main-stick-meta":"","header-below-stick-meta":"","astra-migrate-meta-layouts":"set","ast-page-background-enabled":"default","ast-page-background-meta":{"desktop":{"background-color":"","background-image":"","background-repeat":"repeat","background-position":"center center","background-size":"auto","background-attachment":"scroll","background-type":"","background-media":"","overlay-type":"","overlay-color":"","overlay-opacity":"","overlay-gradient":""},"tablet":{"background-color":"","background-image":"","background-repeat":"repeat","background-position":"center center","background-size":"auto","background-attachment":"scroll","background-type":"","background-media":"","overlay-type":"","overlay-color":"","overlay-opacity":"","overlay-gradient":""},"mobile":{"background-color":"","background-image":"","background-repeat":"repeat","background-position":"center center","background-size":"auto","background-attachment":"scroll","background-type":"","background-media":"","overlay-type":"","overlay-color":"","overlay-opacity":"","overlay-gradient":""}},"ast-content-background-meta":{"desktop":{"background-color":"var(--ast-global-color-5)","background-image":"","background-repeat":"repeat","background-position":"center center","background-size":"auto","background-attachment":"scroll","background-type":"","background-media":"","overlay-type":"","overlay-color":"","overlay-opacity":"","overlay-gradient":""},"tablet":{"background-color":"var(--ast-global-color-5)","background-image":"","background-repeat":"repeat","background-position":"center center","background-size":"auto","background-attachment":"scroll","background-type":"","background-media":"","overlay-type":"","overlay-color":"","overlay-opacity":"","overlay-gradient":""},"mobile":{"background-color":"var(--ast-global-color-5)","background-image":"","background-repeat":"repeat","background-position":"center center","background-size":"auto","background-attachment":"scroll","background-type":"","background-media":"","overlay-type":"","overlay-color":"","overlay-opacity":"","overlay-gradient":""}},"footnotes":""},"class_list":["post-5538","page","type-page","status-publish","has-post-thumbnail","hentry"],"_links":{"self":[{"href":"https:\/\/kdp-law.com\/es\/wp-json\/wp\/v2\/pages\/5538","targetHints":{"allow":["GET"]}}],"collection":[{"href":"https:\/\/kdp-law.com\/es\/wp-json\/wp\/v2\/pages"}],"about":[{"href":"https:\/\/kdp-law.com\/es\/wp-json\/wp\/v2\/types\/page"}],"author":[{"embeddable":true,"href":"https:\/\/kdp-law.com\/es\/wp-json\/wp\/v2\/users\/7"}],"replies":[{"embeddable":true,"href":"https:\/\/kdp-law.com\/es\/wp-json\/wp\/v2\/comments?post=5538"}],"version-history":[{"count":3,"href":"https:\/\/kdp-law.com\/es\/wp-json\/wp\/v2\/pages\/5538\/revisions"}],"predecessor-version":[{"id":5541,"href":"https:\/\/kdp-law.com\/es\/wp-json\/wp\/v2\/pages\/5538\/revisions\/5541"}],"wp:featuredmedia":[{"embeddable":true,"href":"https:\/\/kdp-law.com\/es\/wp-json\/wp\/v2\/media\/5508"}],"wp:attachment":[{"href":"https:\/\/kdp-law.com\/es\/wp-json\/wp\/v2\/media?parent=5538"}],"curies":[{"name":"wp","href":"https:\/\/api.w.org\/{rel}","templated":true}]}}