{"id":5542,"date":"2025-03-19T11:25:57","date_gmt":"2025-03-19T09:25:57","guid":{"rendered":"https:\/\/kdp-law.com\/kristina-tsankova\/"},"modified":"2026-01-10T17:40:38","modified_gmt":"2026-01-10T15:40:38","slug":"kristina-tsankova","status":"publish","type":"page","link":"https:\/\/kdp-law.com\/es\/kristina-tsankova\/","title":{"rendered":"Kristina Tsankova"},"content":{"rendered":"\t\t<div data-elementor-type=\"wp-page\" data-elementor-id=\"5542\" class=\"elementor elementor-5542 elementor-5103\" data-elementor-post-type=\"page\">\n\t\t\t\t\t\t<section class=\"elementor-section elementor-top-section elementor-element elementor-element-57f01378 elementor-section-boxed elementor-section-height-default elementor-section-height-default\" data-id=\"57f01378\" data-element_type=\"section\" data-e-type=\"section\" data-settings=\"{&quot;background_background&quot;:&quot;classic&quot;}\">\n\t\t\t\t\t\t\t<div class=\"elementor-background-overlay\"><\/div>\n\t\t\t\t\t\t\t<div class=\"elementor-container elementor-column-gap-wide\">\n\t\t\t\t\t<div class=\"elementor-column elementor-col-100 elementor-top-column elementor-element elementor-element-699ef14\" data-id=\"699ef14\" data-element_type=\"column\" data-e-type=\"column\">\n\t\t\t<div class=\"elementor-widget-wrap elementor-element-populated\">\n\t\t\t\t\t\t\t<\/div>\n\t\t<\/div>\n\t\t\t\t\t<\/div>\n\t\t<\/section>\n\t\t<div class=\"elementor-element elementor-element-6e657f1 e-flex e-con-boxed e-con e-parent\" data-id=\"6e657f1\" data-element_type=\"container\" data-e-type=\"container\">\n\t\t\t\t\t<div class=\"e-con-inner\">\n\t\t<div class=\"elementor-element elementor-element-2ef08b41 e-con-full e-flex e-con e-child\" data-id=\"2ef08b41\" data-element_type=\"container\" data-e-type=\"container\">\n\t\t\t\t<div class=\"elementor-element elementor-element-7927f8be elementor-widget elementor-widget-image\" data-id=\"7927f8be\" data-element_type=\"widget\" data-e-type=\"widget\" data-widget_type=\"image.default\">\n\t\t\t\t<div class=\"elementor-widget-container\">\n\t\t\t\t\t\t\t\t\t\t\t\t\t\t\t<img fetchpriority=\"high\" decoding=\"async\" width=\"500\" height=\"500\" src=\"https:\/\/kdp-law.com\/wp-content\/uploads\/2025\/07\/Kristina-Tsankova.jpg\" class=\"attachment-large size-large wp-image-5509\" alt=\"Kristina Tsankova\" srcset=\"https:\/\/kdp-law.com\/wp-content\/uploads\/2025\/07\/Kristina-Tsankova.jpg 500w, https:\/\/kdp-law.com\/wp-content\/uploads\/2025\/07\/Kristina-Tsankova-300x300.jpg 300w, https:\/\/kdp-law.com\/wp-content\/uploads\/2025\/07\/Kristina-Tsankova-150x150.jpg 150w\" sizes=\"(max-width: 500px) 100vw, 500px\" title=\"\">\t\t\t\t\t\t\t\t\t\t\t\t\t\t\t<\/div>\n\t\t\t\t<\/div>\n\t\t\t\t<div class=\"elementor-element elementor-element-57072eb3 elementor-widget elementor-widget-heading\" data-id=\"57072eb3\" data-element_type=\"widget\" data-e-type=\"widget\" data-widget_type=\"heading.default\">\n\t\t\t\t<div class=\"elementor-widget-container\">\n\t\t\t\t\t<h2 class=\"elementor-heading-title elementor-size-default\">Kristina Tsankova<\/h2>\t\t\t\t<\/div>\n\t\t\t\t<\/div>\n\t\t\t\t<div class=\"elementor-element elementor-element-77bd8b0e elementor-widget elementor-widget-heading\" data-id=\"77bd8b0e\" data-element_type=\"widget\" data-e-type=\"widget\" data-widget_type=\"heading.default\">\n\t\t\t\t<div class=\"elementor-widget-container\">\n\t\t\t\t\t<h5 class=\"elementor-heading-title elementor-size-default\">Asociada s\u00e9nior<\/h5>\t\t\t\t<\/div>\n\t\t\t\t<\/div>\n\t\t\t\t<div class=\"elementor-element elementor-element-46a1c4b8 elementor-icon-list--layout-traditional elementor-list-item-link-full_width elementor-widget elementor-widget-icon-list\" data-id=\"46a1c4b8\" data-element_type=\"widget\" data-e-type=\"widget\" data-widget_type=\"icon-list.default\">\n\t\t\t\t<div class=\"elementor-widget-container\">\n\t\t\t\t\t\t\t<ul class=\"elementor-icon-list-items\">\n\t\t\t\t\t\t\t<li class=\"elementor-icon-list-item\">\n\t\t\t\t\t\t\t\t\t\t\t<a href=\"mailto:kristina.tsankova@kdp-law.com\">\n\n\t\t\t\t\t\t\t\t\t\t\t\t<span class=\"elementor-icon-list-icon\">\n\t\t\t\t\t\t\t<i aria-hidden=\"true\" class=\"far fa-envelope\"><\/i>\t\t\t\t\t\t<\/span>\n\t\t\t\t\t\t\t\t\t\t<span class=\"elementor-icon-list-text\">kristina.tsankova@kdp-law.com<\/span>\n\t\t\t\t\t\t\t\t\t\t\t<\/a>\n\t\t\t\t\t\t\t\t\t<\/li>\n\t\t\t\t\t\t<\/ul>\n\t\t\t\t\t\t<\/div>\n\t\t\t\t<\/div>\n\t\t\t\t<div class=\"elementor-element elementor-element-c5b5a1e elementor-view-default elementor-widget elementor-widget-icon\" data-id=\"c5b5a1e\" data-element_type=\"widget\" data-e-type=\"widget\" data-widget_type=\"icon.default\">\n\t\t\t\t<div class=\"elementor-widget-container\">\n\t\t\t\t\t\t\t<div class=\"elementor-icon-wrapper\">\n\t\t\t<a class=\"elementor-icon\" href=\"https:\/\/www.linkedin.com\/in\/kristina-tsankova-09307351\/\" target=\"_blank\" rel=\"noopener\">\n\t\t\t<i aria-hidden=\"true\" class=\"fab fa-linkedin-in\"><\/i>\t\t\t<\/a>\n\t\t<\/div>\n\t\t\t\t\t\t<\/div>\n\t\t\t\t<\/div>\n\t\t\t\t<\/div>\n\t\t<div class=\"elementor-element elementor-element-7a8c9d7f e-con-full e-flex e-con e-child\" data-id=\"7a8c9d7f\" data-element_type=\"container\" data-e-type=\"container\" data-settings=\"{&quot;background_background&quot;:&quot;classic&quot;}\">\n\t\t\t\t<div class=\"elementor-element elementor-element-322aa476 elementor-widget elementor-widget-text-editor\" data-id=\"322aa476\" data-element_type=\"widget\" data-e-type=\"widget\" data-widget_type=\"text-editor.default\">\n\t\t\t\t<div class=\"elementor-widget-container\">\n\t\t\t\t\t\t\t\t\t<p>Kristina cuenta con m\u00e1s de 14 a\u00f1os de experiencia en asesoramiento jur\u00eddico.<\/p><p>Es licenciada en Derecho por la Facultad de Derecho de la Universidad de S\u00f3fia, miembro del Colegio de Abogados de S\u00f3fia y mediadora certificada.<\/p><p>Su experiencia abarca el derecho contractual y mercantil, el derecho laboral, el derecho procesal civil, el derecho administrativo y los procedimientos de contrataci\u00f3n p\u00fablica.<\/p><p>Kristina ha prestado una amplia gama de servicios jur\u00eddicos a clientes empresariales, entre los que se incluyen la preparaci\u00f3n de diversos acuerdos, el asesoramiento jur\u00eddico sobre el cumplimiento normativo de las empresas en funcionamiento y la reestructuraci\u00f3n empresarial, el asesoramiento sobre derecho laboral y cuestiones de empleo, la protecci\u00f3n de datos personales y la representaci\u00f3n ante los tribunales.<\/p><p>Ha asesorado a inversores sobre acuerdos de pr\u00e9stamo y garant\u00edas y avales relacionados.<\/p><p>Ha asesorado a empresas p\u00fablicas sobre el cumplimiento de los requisitos reglamentarios y a empresas farmac\u00e9uticas en relaci\u00f3n con los reg\u00edmenes y procedimientos de concesi\u00f3n de licencias pertinentes.<\/p><p>Ha participado en el di\u00e1logo social y en grupos de trabajo interdepartamentales, de expertos que representan a las organizaciones nacionales representativas (organizaciones patronales y sindicatos) para abordar las novedades en las relaciones industriales y de seguridad social y para examinar y preparar los respectivos proyectos de ley.<\/p>\t\t\t\t\t\t\t\t<\/div>\n\t\t\t\t<\/div>\n\t\t\t\t<\/div>\n\t\t\t\t\t<\/div>\n\t\t\t\t<\/div>\n\t\t\t\t<\/div>\n\t\t","protected":false},"excerpt":{"rendered":"<p>Kristina Tsankova Asociada s\u00e9nior kristina.tsankova@kdp-law.com Kristina cuenta con m\u00e1s de 14 a\u00f1os de experiencia en asesoramiento jur\u00eddico. Es licenciada en Derecho por la Facultad de Derecho de la Universidad de S\u00f3fia, miembro del Colegio de Abogados de S\u00f3fia y mediadora certificada. Su experiencia abarca el derecho contractual y mercantil, el derecho laboral, el derecho procesal [&hellip;]<\/p>\n","protected":false},"author":7,"featured_media":5543,"parent":0,"menu_order":0,"comment_status":"closed","ping_status":"closed","template":"","meta":{"site-sidebar-layout":"no-sidebar","site-content-layout":"page-builder","ast-site-content-layout":"full-width-container","site-content-style":"default","site-sidebar-style":"default","ast-global-header-display":"","ast-banner-title-visibility":"","ast-main-header-display":"","ast-hfb-above-header-display":"","ast-hfb-below-header-display":"","ast-hfb-mobile-header-display":"","site-post-title":"disabled","ast-breadcrumbs-content":"","ast-featured-img":"disabled","footer-sml-layout":"","ast-disable-related-posts":"","theme-transparent-header-meta":"","adv-header-id-meta":"","stick-header-meta":"","header-above-stick-meta":"","header-main-stick-meta":"","header-below-stick-meta":"","astra-migrate-meta-layouts":"set","ast-page-background-enabled":"default","ast-page-background-meta":{"desktop":{"background-color":"","background-image":"","background-repeat":"repeat","background-position":"center center","background-size":"auto","background-attachment":"scroll","background-type":"","background-media":"","overlay-type":"","overlay-color":"","overlay-opacity":"","overlay-gradient":""},"tablet":{"background-color":"","background-image":"","background-repeat":"repeat","background-position":"center center","background-size":"auto","background-attachment":"scroll","background-type":"","background-media":"","overlay-type":"","overlay-color":"","overlay-opacity":"","overlay-gradient":""},"mobile":{"background-color":"","background-image":"","background-repeat":"repeat","background-position":"center center","background-size":"auto","background-attachment":"scroll","background-type":"","background-media":"","overlay-type":"","overlay-color":"","overlay-opacity":"","overlay-gradient":""}},"ast-content-background-meta":{"desktop":{"background-color":"var(--ast-global-color-5)","background-image":"","background-repeat":"repeat","background-position":"center center","background-size":"auto","background-attachment":"scroll","background-type":"","background-media":"","overlay-type":"","overlay-color":"","overlay-opacity":"","overlay-gradient":""},"tablet":{"background-color":"var(--ast-global-color-5)","background-image":"","background-repeat":"repeat","background-position":"center center","background-size":"auto","background-attachment":"scroll","background-type":"","background-media":"","overlay-type":"","overlay-color":"","overlay-opacity":"","overlay-gradient":""},"mobile":{"background-color":"var(--ast-global-color-5)","background-image":"","background-repeat":"repeat","background-position":"center center","background-size":"auto","background-attachment":"scroll","background-type":"","background-media":"","overlay-type":"","overlay-color":"","overlay-opacity":"","overlay-gradient":""}},"footnotes":""},"class_list":["post-5542","page","type-page","status-publish","has-post-thumbnail","hentry"],"_links":{"self":[{"href":"https:\/\/kdp-law.com\/es\/wp-json\/wp\/v2\/pages\/5542","targetHints":{"allow":["GET"]}}],"collection":[{"href":"https:\/\/kdp-law.com\/es\/wp-json\/wp\/v2\/pages"}],"about":[{"href":"https:\/\/kdp-law.com\/es\/wp-json\/wp\/v2\/types\/page"}],"author":[{"embeddable":true,"href":"https:\/\/kdp-law.com\/es\/wp-json\/wp\/v2\/users\/7"}],"replies":[{"embeddable":true,"href":"https:\/\/kdp-law.com\/es\/wp-json\/wp\/v2\/comments?post=5542"}],"version-history":[{"count":3,"href":"https:\/\/kdp-law.com\/es\/wp-json\/wp\/v2\/pages\/5542\/revisions"}],"predecessor-version":[{"id":5546,"href":"https:\/\/kdp-law.com\/es\/wp-json\/wp\/v2\/pages\/5542\/revisions\/5546"}],"wp:featuredmedia":[{"embeddable":true,"href":"https:\/\/kdp-law.com\/es\/wp-json\/wp\/v2\/media\/5543"}],"wp:attachment":[{"href":"https:\/\/kdp-law.com\/es\/wp-json\/wp\/v2\/media?parent=5542"}],"curies":[{"name":"wp","href":"https:\/\/api.w.org\/{rel}","templated":true}]}}