{"id":5569,"date":"2024-11-09T12:31:54","date_gmt":"2024-11-09T10:31:54","guid":{"rendered":"https:\/\/kdp-law.com\/stela-kaleva\/"},"modified":"2026-01-10T17:57:36","modified_gmt":"2026-01-10T15:57:36","slug":"stela-kaleva","status":"publish","type":"page","link":"https:\/\/kdp-law.com\/es\/stela-kaleva\/","title":{"rendered":"Stela Kaleva"},"content":{"rendered":"\t\t<div data-elementor-type=\"wp-page\" data-elementor-id=\"5569\" class=\"elementor elementor-5569 elementor-4570\" data-elementor-post-type=\"page\">\n\t\t\t\t\t\t<section class=\"elementor-section elementor-top-section elementor-element elementor-element-60906d6a elementor-section-boxed elementor-section-height-default elementor-section-height-default\" data-id=\"60906d6a\" data-element_type=\"section\" data-e-type=\"section\" data-settings=\"{&quot;background_background&quot;:&quot;classic&quot;}\">\n\t\t\t\t\t\t\t<div class=\"elementor-background-overlay\"><\/div>\n\t\t\t\t\t\t\t<div class=\"elementor-container elementor-column-gap-wide\">\n\t\t\t\t\t<div class=\"elementor-column elementor-col-100 elementor-top-column elementor-element elementor-element-dff8a12\" data-id=\"dff8a12\" data-element_type=\"column\" data-e-type=\"column\">\n\t\t\t<div class=\"elementor-widget-wrap elementor-element-populated\">\n\t\t\t\t\t\t\t<\/div>\n\t\t<\/div>\n\t\t\t\t\t<\/div>\n\t\t<\/section>\n\t\t<div class=\"elementor-element elementor-element-76179d62 e-flex e-con-boxed e-con e-parent\" data-id=\"76179d62\" data-element_type=\"container\" data-e-type=\"container\">\n\t\t\t\t\t<div class=\"e-con-inner\">\n\t\t<div class=\"elementor-element elementor-element-cfff7b7 e-con-full e-flex e-con e-child\" data-id=\"cfff7b7\" data-element_type=\"container\" data-e-type=\"container\">\n\t\t\t\t<div class=\"elementor-element elementor-element-43c6a9b2 elementor-widget elementor-widget-image\" data-id=\"43c6a9b2\" data-element_type=\"widget\" data-e-type=\"widget\" data-widget_type=\"image.default\">\n\t\t\t\t<div class=\"elementor-widget-container\">\n\t\t\t\t\t\t\t\t\t\t\t\t\t\t\t<img fetchpriority=\"high\" decoding=\"async\" width=\"500\" height=\"500\" src=\"https:\/\/kdp-law.com\/wp-content\/uploads\/2021\/12\/stela-kaleva.jpg\" class=\"attachment-large size-large wp-image-5515\" alt=\"Stela Kaleva\" srcset=\"https:\/\/kdp-law.com\/wp-content\/uploads\/2021\/12\/stela-kaleva.jpg 500w, https:\/\/kdp-law.com\/wp-content\/uploads\/2021\/12\/stela-kaleva-300x300.jpg 300w, https:\/\/kdp-law.com\/wp-content\/uploads\/2021\/12\/stela-kaleva-150x150.jpg 150w\" sizes=\"(max-width: 500px) 100vw, 500px\" title=\"\">\t\t\t\t\t\t\t\t\t\t\t\t\t\t\t<\/div>\n\t\t\t\t<\/div>\n\t\t\t\t<div class=\"elementor-element elementor-element-28512d41 elementor-widget elementor-widget-heading\" data-id=\"28512d41\" data-element_type=\"widget\" data-e-type=\"widget\" data-widget_type=\"heading.default\">\n\t\t\t\t<div class=\"elementor-widget-container\">\n\t\t\t\t\t<h2 class=\"elementor-heading-title elementor-size-default\">Stela Kaleva<\/h2>\t\t\t\t<\/div>\n\t\t\t\t<\/div>\n\t\t\t\t<div class=\"elementor-element elementor-element-67367090 elementor-widget elementor-widget-heading\" data-id=\"67367090\" data-element_type=\"widget\" data-e-type=\"widget\" data-widget_type=\"heading.default\">\n\t\t\t\t<div class=\"elementor-widget-container\">\n\t\t\t\t\t<h5 class=\"elementor-heading-title elementor-size-default\">Director administrativo<\/h5>\t\t\t\t<\/div>\n\t\t\t\t<\/div>\n\t\t\t\t<div class=\"elementor-element elementor-element-35e08aef elementor-icon-list--layout-traditional elementor-list-item-link-full_width elementor-widget elementor-widget-icon-list\" data-id=\"35e08aef\" data-element_type=\"widget\" data-e-type=\"widget\" data-widget_type=\"icon-list.default\">\n\t\t\t\t<div class=\"elementor-widget-container\">\n\t\t\t\t\t\t\t<ul class=\"elementor-icon-list-items\">\n\t\t\t\t\t\t\t<li class=\"elementor-icon-list-item\">\n\t\t\t\t\t\t\t\t\t\t\t<a href=\"mailto:stela.kaleva@kdp-law.com\">\n\n\t\t\t\t\t\t\t\t\t\t\t\t<span class=\"elementor-icon-list-icon\">\n\t\t\t\t\t\t\t<i aria-hidden=\"true\" class=\"far fa-envelope\"><\/i>\t\t\t\t\t\t<\/span>\n\t\t\t\t\t\t\t\t\t\t<span class=\"elementor-icon-list-text\">stela.kaleva@kdp-law.com<\/span>\n\t\t\t\t\t\t\t\t\t\t\t<\/a>\n\t\t\t\t\t\t\t\t\t<\/li>\n\t\t\t\t\t\t<\/ul>\n\t\t\t\t\t\t<\/div>\n\t\t\t\t<\/div>\n\t\t\t\t<div class=\"elementor-element elementor-element-7a0aedb7 elementor-view-default elementor-widget elementor-widget-icon\" data-id=\"7a0aedb7\" data-element_type=\"widget\" data-e-type=\"widget\" data-widget_type=\"icon.default\">\n\t\t\t\t<div class=\"elementor-widget-container\">\n\t\t\t\t\t\t\t<div class=\"elementor-icon-wrapper\">\n\t\t\t<a class=\"elementor-icon\" href=\"https:\/\/www.linkedin.com\/in\/stela-kaleva-923a731b6\/\" target=\"_blank\" rel=\"noopener\">\n\t\t\t<i aria-hidden=\"true\" class=\"fab fa-linkedin-in\"><\/i>\t\t\t<\/a>\n\t\t<\/div>\n\t\t\t\t\t\t<\/div>\n\t\t\t\t<\/div>\n\t\t\t\t<\/div>\n\t\t<div class=\"elementor-element elementor-element-3cbb28e8 e-con-full e-flex e-con e-child\" data-id=\"3cbb28e8\" data-element_type=\"container\" data-e-type=\"container\" data-settings=\"{&quot;background_background&quot;:&quot;classic&quot;}\">\n\t\t\t\t<div class=\"elementor-element elementor-element-7dd9c3cf elementor-widget elementor-widget-text-editor\" data-id=\"7dd9c3cf\" data-element_type=\"widget\" data-e-type=\"widget\" data-widget_type=\"text-editor.default\">\n\t\t\t\t<div class=\"elementor-widget-container\">\n\t\t\t\t\t\t\t\t\t<p>Stela es la directora administrativa de KDP y cuenta con m\u00e1s de 17 a\u00f1os de experiencia corporativa.<\/p><p>Es licenciada en Historia y tiene un m\u00e1ster en Mercados Laborales y Desarrollo de Recursos Humanos por la Universidad de Sof\u00eda.<\/p><p>Stela es una persona muy dedicada y responsable, lo que le permite contribuir f\u00e1cilmente al \u00e9xito general de la empresa. Es capaz de encargarse de todas las actividades espec\u00edficas de la empresa, incluyendo la gesti\u00f3n financiera, la planificaci\u00f3n, el desarrollo empresarial, la comunicaci\u00f3n con los clientes y la comunicaci\u00f3n interna, la gesti\u00f3n de riesgos, la facturaci\u00f3n y la gesti\u00f3n de la oficina. Stela es una gestora de confianza y una optimizadora de procesos. Es equilibrada y amable, lo que la convierte en la persona a la que acudir para cualquier asunto relacionado con la gesti\u00f3n de la oficina y del personal.<\/p><p>La experiencia de Stela incluye 10 a\u00f1os en PwC Bulgaria, donde desempe\u00f1\u00f3 diversas funciones en recursos humanos, marketing y responsabilidad social corporativa. Organiz\u00f3 numerosos eventos corporativos y de marketing, seminarios, conferencias, reuniones de liderazgo y visitas entre oficinas internacionales, jornadas estrat\u00e9gicas, fiestas para el personal y jornadas fuera de la oficina.<\/p><p>Antes de incorporarse a KDP, Stela fue directora administrativa en otro bufete de abogados b\u00falgaro, donde sus responsabilidades inclu\u00edan la elaboraci\u00f3n de presupuestos estrat\u00e9gicos, el an\u00e1lisis y la previsi\u00f3n de costes e ingresos, el control y la optimizaci\u00f3n de costes, la supervisi\u00f3n del flujo de caja y la gesti\u00f3n de cobros, y la identidad de marca. Adem\u00e1s, entre las funciones de Stela se inclu\u00edan la organizaci\u00f3n de iniciativas de desarrollo empresarial, como eventos empresariales, seminarios y conferencias; la investigaci\u00f3n de mercados sobre diversos negocios e industrias; la preparaci\u00f3n de presentaciones, propuestas y cartas de compromiso, etc.<\/p><p>Stela ha asistido a varios eventos anuales de la IBA sobre desarrollo empresarial (incluidos los celebrados en S\u00eddney y Roma).<\/p>\t\t\t\t\t\t\t\t<\/div>\n\t\t\t\t<\/div>\n\t\t\t\t<\/div>\n\t\t\t\t\t<\/div>\n\t\t\t\t<\/div>\n\t\t\t\t<\/div>\n\t\t","protected":false},"excerpt":{"rendered":"<p>Stela Kaleva Director administrativo stela.kaleva@kdp-law.com Stela es la directora administrativa de KDP y cuenta con m\u00e1s de 17 a\u00f1os de experiencia corporativa. Es licenciada en Historia y tiene un m\u00e1ster en Mercados Laborales y Desarrollo de Recursos Humanos por la Universidad de Sof\u00eda. Stela es una persona muy dedicada y responsable, lo que le permite [&hellip;]<\/p>\n","protected":false},"author":7,"featured_media":5515,"parent":0,"menu_order":0,"comment_status":"closed","ping_status":"closed","template":"","meta":{"site-sidebar-layout":"no-sidebar","site-content-layout":"page-builder","ast-site-content-layout":"full-width-container","site-content-style":"default","site-sidebar-style":"default","ast-global-header-display":"","ast-banner-title-visibility":"","ast-main-header-display":"","ast-hfb-above-header-display":"","ast-hfb-below-header-display":"","ast-hfb-mobile-header-display":"","site-post-title":"disabled","ast-breadcrumbs-content":"","ast-featured-img":"disabled","footer-sml-layout":"","ast-disable-related-posts":"","theme-transparent-header-meta":"","adv-header-id-meta":"","stick-header-meta":"","header-above-stick-meta":"","header-main-stick-meta":"","header-below-stick-meta":"","astra-migrate-meta-layouts":"set","ast-page-background-enabled":"default","ast-page-background-meta":{"desktop":{"background-color":"","background-image":"","background-repeat":"repeat","background-position":"center center","background-size":"auto","background-attachment":"scroll","background-type":"","background-media":"","overlay-type":"","overlay-color":"","overlay-opacity":"","overlay-gradient":""},"tablet":{"background-color":"","background-image":"","background-repeat":"repeat","background-position":"center center","background-size":"auto","background-attachment":"scroll","background-type":"","background-media":"","overlay-type":"","overlay-color":"","overlay-opacity":"","overlay-gradient":""},"mobile":{"background-color":"","background-image":"","background-repeat":"repeat","background-position":"center center","background-size":"auto","background-attachment":"scroll","background-type":"","background-media":"","overlay-type":"","overlay-color":"","overlay-opacity":"","overlay-gradient":""}},"ast-content-background-meta":{"desktop":{"background-color":"var(--ast-global-color-5)","background-image":"","background-repeat":"repeat","background-position":"center center","background-size":"auto","background-attachment":"scroll","background-type":"","background-media":"","overlay-type":"","overlay-color":"","overlay-opacity":"","overlay-gradient":""},"tablet":{"background-color":"var(--ast-global-color-5)","background-image":"","background-repeat":"repeat","background-position":"center center","background-size":"auto","background-attachment":"scroll","background-type":"","background-media":"","overlay-type":"","overlay-color":"","overlay-opacity":"","overlay-gradient":""},"mobile":{"background-color":"var(--ast-global-color-5)","background-image":"","background-repeat":"repeat","background-position":"center center","background-size":"auto","background-attachment":"scroll","background-type":"","background-media":"","overlay-type":"","overlay-color":"","overlay-opacity":"","overlay-gradient":""}},"footnotes":""},"class_list":["post-5569","page","type-page","status-publish","has-post-thumbnail","hentry"],"_links":{"self":[{"href":"https:\/\/kdp-law.com\/es\/wp-json\/wp\/v2\/pages\/5569","targetHints":{"allow":["GET"]}}],"collection":[{"href":"https:\/\/kdp-law.com\/es\/wp-json\/wp\/v2\/pages"}],"about":[{"href":"https:\/\/kdp-law.com\/es\/wp-json\/wp\/v2\/types\/page"}],"author":[{"embeddable":true,"href":"https:\/\/kdp-law.com\/es\/wp-json\/wp\/v2\/users\/7"}],"replies":[{"embeddable":true,"href":"https:\/\/kdp-law.com\/es\/wp-json\/wp\/v2\/comments?post=5569"}],"version-history":[{"count":3,"href":"https:\/\/kdp-law.com\/es\/wp-json\/wp\/v2\/pages\/5569\/revisions"}],"predecessor-version":[{"id":5572,"href":"https:\/\/kdp-law.com\/es\/wp-json\/wp\/v2\/pages\/5569\/revisions\/5572"}],"wp:featuredmedia":[{"embeddable":true,"href":"https:\/\/kdp-law.com\/es\/wp-json\/wp\/v2\/media\/5515"}],"wp:attachment":[{"href":"https:\/\/kdp-law.com\/es\/wp-json\/wp\/v2\/media?parent=5569"}],"curies":[{"name":"wp","href":"https:\/\/api.w.org\/{rel}","templated":true}]}}