{"id":5607,"date":"2017-08-01T12:13:18","date_gmt":"2017-08-01T12:13:18","guid":{"rendered":"https:\/\/kdp-law.com\/contact\/"},"modified":"2026-01-11T17:19:09","modified_gmt":"2026-01-11T15:19:09","slug":"contact","status":"publish","type":"page","link":"https:\/\/kdp-law.com\/es\/contact\/","title":{"rendered":"Contacto"},"content":{"rendered":"\t\t<div data-elementor-type=\"wp-post\" data-elementor-id=\"5607\" class=\"elementor elementor-5607 elementor-12\" data-elementor-post-type=\"page\">\n\t\t\t\t\t\t<section class=\"elementor-section elementor-top-section elementor-element elementor-element-cfa1019 elementor-section-boxed elementor-section-height-default elementor-section-height-default\" data-id=\"cfa1019\" data-element_type=\"section\" data-e-type=\"section\" data-settings=\"{&quot;background_background&quot;:&quot;classic&quot;}\">\n\t\t\t\t\t\t\t<div class=\"elementor-background-overlay\"><\/div>\n\t\t\t\t\t\t\t<div class=\"elementor-container elementor-column-gap-wide\">\n\t\t\t\t\t<div class=\"elementor-column elementor-col-100 elementor-top-column elementor-element elementor-element-3f289d7\" data-id=\"3f289d7\" data-element_type=\"column\" data-e-type=\"column\">\n\t\t\t<div class=\"elementor-widget-wrap elementor-element-populated\">\n\t\t\t\t\t\t<div class=\"elementor-element elementor-element-a09ad1c elementor-widget elementor-widget-heading\" data-id=\"a09ad1c\" data-element_type=\"widget\" data-e-type=\"widget\" data-widget_type=\"heading.default\">\n\t\t\t\t<div class=\"elementor-widget-container\">\n\t\t\t\t\t<h1 class=\"elementor-heading-title elementor-size-default\">Contacto<\/h1>\t\t\t\t<\/div>\n\t\t\t\t<\/div>\n\t\t\t\t\t<\/div>\n\t\t<\/div>\n\t\t\t\t\t<\/div>\n\t\t<\/section>\n\t\t\t\t<section class=\"elementor-section elementor-top-section elementor-element elementor-element-cd4c233 elementor-section-boxed elementor-section-height-default elementor-section-height-default\" data-id=\"cd4c233\" data-element_type=\"section\" data-e-type=\"section\">\n\t\t\t\t\t\t<div class=\"elementor-container elementor-column-gap-wide\">\n\t\t\t\t\t<div class=\"elementor-column elementor-col-50 elementor-top-column elementor-element elementor-element-d1ca803\" data-id=\"d1ca803\" data-element_type=\"column\" data-e-type=\"column\">\n\t\t\t<div class=\"elementor-widget-wrap elementor-element-populated\">\n\t\t\t\t\t\t<div class=\"elementor-element elementor-element-7da564c elementor-widget elementor-widget-heading\" data-id=\"7da564c\" data-element_type=\"widget\" data-e-type=\"widget\" data-widget_type=\"heading.default\">\n\t\t\t\t<div class=\"elementor-widget-container\">\n\t\t\t\t\t<h2 class=\"elementor-heading-title elementor-size-default\">Cont\u00e1ctenos<\/h2>\t\t\t\t<\/div>\n\t\t\t\t<\/div>\n\t\t\t\t<div class=\"elementor-element elementor-element-b82a002 elementor-position-inline-start elementor-view-default elementor-mobile-position-block-start elementor-widget elementor-widget-icon-box\" data-id=\"b82a002\" data-element_type=\"widget\" data-e-type=\"widget\" data-widget_type=\"icon-box.default\">\n\t\t\t\t<div class=\"elementor-widget-container\">\n\t\t\t\t\t\t\t<div class=\"elementor-icon-box-wrapper\">\n\n\t\t\t\t\t\t<div class=\"elementor-icon-box-icon\">\n\t\t\t\t<span  class=\"elementor-icon\">\n\t\t\t\t<i aria-hidden=\"true\" class=\"far fa-address-book\"><\/i>\t\t\t\t<\/span>\n\t\t\t<\/div>\n\t\t\t\n\t\t\t\t\t\t<div class=\"elementor-icon-box-content\">\n\n\t\t\t\t\t\t\t\t\t<h4 class=\"elementor-icon-box-title\">\n\t\t\t\t\t\t<span  >\n\t\t\t\t\t\t\tInformaci\u00f3n de Contacto\t\t\t\t\t\t<\/span>\n\t\t\t\t\t<\/h4>\n\t\t\t\t\n\t\t\t\t\n\t\t\t<\/div>\n\t\t\t\n\t\t<\/div>\n\t\t\t\t\t\t<\/div>\n\t\t\t\t<\/div>\n\t\t\t\t<div class=\"elementor-element elementor-element-0cac3d9 elementor-icon-list--layout-traditional elementor-list-item-link-full_width elementor-widget elementor-widget-icon-list\" data-id=\"0cac3d9\" data-element_type=\"widget\" data-e-type=\"widget\" data-widget_type=\"icon-list.default\">\n\t\t\t\t<div class=\"elementor-widget-container\">\n\t\t\t\t\t\t\t<ul class=\"elementor-icon-list-items\">\n\t\t\t\t\t\t\t<li class=\"elementor-icon-list-item\">\n\t\t\t\t\t\t\t\t\t\t\t<a href=\"https:\/\/maps.app.goo.gl\/hhPdQshiAWYG2Kp18\" target=\"_blank\" rel=\"noopener\">\n\n\t\t\t\t\t\t\t\t\t\t\t\t<span class=\"elementor-icon-list-icon\">\n\t\t\t\t\t\t\t<i aria-hidden=\"true\" class=\"fas fa-map-marker-alt\"><\/i>\t\t\t\t\t\t<\/span>\n\t\t\t\t\t\t\t\t\t\t<span class=\"elementor-icon-list-text\">Calle George Washington, 19, 1000 S\u00f3fia, Bulgaria<\/span>\n\t\t\t\t\t\t\t\t\t\t\t<\/a>\n\t\t\t\t\t\t\t\t\t<\/li>\n\t\t\t\t\t\t\t\t<li class=\"elementor-icon-list-item\">\n\t\t\t\t\t\t\t\t\t\t\t<a href=\"tel:+359899838825%20\">\n\n\t\t\t\t\t\t\t\t\t\t\t\t<span class=\"elementor-icon-list-icon\">\n\t\t\t\t\t\t\t<i aria-hidden=\"true\" class=\"fas fa-mobile-alt\"><\/i>\t\t\t\t\t\t<\/span>\n\t\t\t\t\t\t\t\t\t\t<span class=\"elementor-icon-list-text\">+359 899 838 825<\/span>\n\t\t\t\t\t\t\t\t\t\t\t<\/a>\n\t\t\t\t\t\t\t\t\t<\/li>\n\t\t\t\t\t\t\t\t<li class=\"elementor-icon-list-item\">\n\t\t\t\t\t\t\t\t\t\t\t<a href=\"mailto:office@kdp-law.com\">\n\n\t\t\t\t\t\t\t\t\t\t\t\t<span class=\"elementor-icon-list-icon\">\n\t\t\t\t\t\t\t<i aria-hidden=\"true\" class=\"fas fa-envelope\"><\/i>\t\t\t\t\t\t<\/span>\n\t\t\t\t\t\t\t\t\t\t<span class=\"elementor-icon-list-text\">office@kdp-law.com<\/span>\n\t\t\t\t\t\t\t\t\t\t\t<\/a>\n\t\t\t\t\t\t\t\t\t<\/li>\n\t\t\t\t\t\t<\/ul>\n\t\t\t\t\t\t<\/div>\n\t\t\t\t<\/div>\n\t\t\t\t<div class=\"elementor-element elementor-element-eefefcb elementor-position-inline-start elementor-view-default elementor-mobile-position-block-start elementor-widget elementor-widget-icon-box\" data-id=\"eefefcb\" data-element_type=\"widget\" data-e-type=\"widget\" data-widget_type=\"icon-box.default\">\n\t\t\t\t<div class=\"elementor-widget-container\">\n\t\t\t\t\t\t\t<div class=\"elementor-icon-box-wrapper\">\n\n\t\t\t\t\t\t<div class=\"elementor-icon-box-icon\">\n\t\t\t\t<span  class=\"elementor-icon\">\n\t\t\t\t<i aria-hidden=\"true\" class=\"fas fa-share\"><\/i>\t\t\t\t<\/span>\n\t\t\t<\/div>\n\t\t\t\n\t\t\t\t\t\t<div class=\"elementor-icon-box-content\">\n\n\t\t\t\t\t\t\t\t\t<h4 class=\"elementor-icon-box-title\">\n\t\t\t\t\t\t<span  >\n\t\t\t\t\t\t\tS\u00edganos:\t\t\t\t\t\t<\/span>\n\t\t\t\t\t<\/h4>\n\t\t\t\t\n\t\t\t\t\n\t\t\t<\/div>\n\t\t\t\n\t\t<\/div>\n\t\t\t\t\t\t<\/div>\n\t\t\t\t<\/div>\n\t\t\t\t<div class=\"elementor-element elementor-element-8a208eb elementor-shape-square e-grid-align-left elementor-grid-0 elementor-widget elementor-widget-social-icons\" data-id=\"8a208eb\" data-element_type=\"widget\" data-e-type=\"widget\" data-widget_type=\"social-icons.default\">\n\t\t\t\t<div class=\"elementor-widget-container\">\n\t\t\t\t\t\t\t<div class=\"elementor-social-icons-wrapper elementor-grid\" role=\"list\">\n\t\t\t\t\t\t\t<span class=\"elementor-grid-item\" role=\"listitem\">\n\t\t\t\t\t<a class=\"elementor-icon elementor-social-icon elementor-social-icon-linkedin-in elementor-repeater-item-7zunjs5\" href=\"https:\/\/www.linkedin.com\/company\/kdp-law\" target=\"_blank\" rel=\"noopener\">\n\t\t\t\t\t\t<span class=\"elementor-screen-only\">Linkedin-in<\/span>\n\t\t\t\t\t\t<i aria-hidden=\"true\" class=\"fab fa-linkedin-in\"><\/i>\t\t\t\t\t<\/a>\n\t\t\t\t<\/span>\n\t\t\t\t\t\t\t<span class=\"elementor-grid-item\" role=\"listitem\">\n\t\t\t\t\t<a class=\"elementor-icon elementor-social-icon elementor-social-icon- elementor-repeater-item-d97d272\" href=\"https:\/\/chambers.com\/law-firm\/komarevski-dimitrov-partners-europe-7:23367742\" target=\"_blank\" rel=\"noopener\">\n\t\t\t\t\t\t<span class=\"elementor-screen-only\"><\/span>\n\t\t\t\t\t\t<svg xmlns=\"http:\/\/www.w3.org\/2000\/svg\" width=\"225.000000pt\" height=\"225.000000pt\" viewBox=\"0 0 225.000000 225.000000\" preserveAspectRatio=\"xMidYMid meet\"><metadata>Created by potrace 1.16, written by Peter Selinger 2001-2019<\/metadata><g transform=\"translate(0.000000,225.000000) scale(0.100000,-0.100000)\" fill=\"#000000\" stroke=\"none\"><path d=\"M514 1898 c-36 -39 -54 -84 -54 -135 0 -51 26 -119 54 -142 14 -12 19 -11 38 5 27 25 58 91 58 128 0 45 -20 102 -49 136 l-26 32 -21 -24z\"><\/path><path d=\"M1687 1888 c-29 -40 -47 -90 -47 -132 0 -39 30 -105 58 -130 19 -16 24 -17 38 -5 28 23 54 91 54 142 0 51 -24 110 -58 140 -20 18 -21 17 -45 -15z\"><\/path><path d=\"M278 1652 c-7 -15 -12 -54 -12 -87 -1 -93 59 -181 136 -200 22 -6 27 -2 37 26 38 108 -20 240 -124 279 -23 9 -27 7 -37 -18z\"><\/path><path d=\"M1925 1665 c-96 -41 -150 -170 -114 -274 13 -38 32 -39 81 -6 74 50 112 154 88 240 -7 25 -16 47 -19 49 -3 2 -20 -2 -36 -9z\"><\/path><path d=\"M1033 1615 c-74 -21 -128 -50 -180 -98 -98 -90 -143 -193 -143 -325 0 -253 201 -443 453 -430 72 4 89 9 145 41 35 20 69 37 76 37 15 0 26 -21 26 -51 0 -10 7 -19 15 -19 14 0 16 21 13 155 -2 118 -6 155 -15 155 -7 0 -13 -3 -13 -7 0 -38 -25 -143 -40 -173 -33 -65 -108 -110 -182 -110 -133 0 -209 144 -209 399 0 174 35 305 100 366 27 25 41 30 99 33 61 3 71 1 115 -27 67 -43 92 -89 112 -203 3 -21 11 -38 18 -38 10 0 13 38 15 145 2 124 0 145 -13 145 -8 0 -15 -8 -15 -18 0 -10 -6 -27 -14 -38 -14 -19 -15 -19 -43 2 -91 68 -212 90 -320 59z\"><\/path><path d=\"M150 1325 c0 -124 94 -227 222 -242 l51 -6 -5 61 c-8 118 -98 210 -213 220 l-55 4 0 -37z\"><\/path><path d=\"M1962 1334 c-82 -41 -132 -121 -132 -210 l0 -47 49 6 c124 15 221 119 221 237 l0 40 -43 0 c-26 0 -63 -10 -95 -26z\"><\/path><path d=\"M187 998 c-30 -11 -30 -23 -1 -79 19 -39 92 -97 133 -109 69 -19 191 -6 191 21 0 47 -71 131 -135 160 -44 20 -142 24 -188 7z\"><\/path><path d=\"M1875 991 c-59 -27 -135 -117 -135 -161 0 -26 123 -39 193 -19 63 17 130 87 151 155 5 18 1 24 -25 33 -48 17 -139 13 -184 -8z\"><\/path><path d=\"M449 721 c-38 -8 -123 -53 -135 -72 -8 -14 42 -66 88 -90 58 -30 160 -26 222 9 67 37 77 54 47 86 -49 52 -148 82 -222 67z\"><\/path><path d=\"M1709 720 c-46 -8 -113 -43 -138 -74 -20 -24 -8 -42 51 -75 45 -26 64 -31 121 -31 77 0 124 19 172 70 l30 32 -30 24 c-62 50 -127 67 -206 54z\"><\/path><path d=\"M699 513 c-53 -27 -119 -99 -119 -129 0 -18 44 -40 97 -49 89 -14 202 44 243 126 11 21 20 40 20 43 0 2 -18 11 -40 20 -63 25 -137 21 -201 -11z\"><\/path><path d=\"M1348 523 c-21 -8 -38 -18 -38 -22 0 -4 13 -28 29 -54 37 -58 91 -94 162 -108 46 -10 62 -9 109 7 32 11 56 26 58 35 5 29 -60 103 -117 132 -63 31 -143 36 -203 10z\"><\/path><\/g><\/svg>\t\t\t\t\t<\/a>\n\t\t\t\t<\/span>\n\t\t\t\t\t\t\t<span class=\"elementor-grid-item\" role=\"listitem\">\n\t\t\t\t\t<a class=\"elementor-icon elementor-social-icon elementor-social-icon- elementor-repeater-item-4e960bd\" href=\"https:\/\/www.legal500.com\/firms\/237306-komarevski-dimitrov-partners-attorneys-at-law\/236527-sofia-bulgaria\/\" target=\"_blank\" rel=\"noopener\">\n\t\t\t\t\t\t<span class=\"elementor-screen-only\"><\/span>\n\t\t\t\t\t\t<svg xmlns=\"http:\/\/www.w3.org\/2000\/svg\" xmlns:xlink=\"http:\/\/www.w3.org\/1999\/xlink\" width=\"74\" height=\"80\" viewBox=\"0 0 74 80\"><image width=\"74\" height=\"80\" xlink:href=\"data:img\/png;base64,iVBORw0KGgoAAAANSUhEUgAAAEoAAABQCAYAAAC+neOMAAANUklEQVR4nO1cC7AWVR3\/3e9eXt2LwAUuAnIDRRTkISRFIThN0vZY0wpLLWscoIdWrtmomZipowJOLdZMTWqYY9rDGslNXfOBoJaZFiCipiAqgmjyEJDHfTT\/y2\/vPfecs9+3u99+H9r4m7kz9ztnd885\/\/2\/zv\/\/P1vjeC6qidAPagB8AEBvAAUAbRz+nwDOB3A2gKMdz32rqhMrgULx7oqgHsCVAIYBuB\/ACQDOAzAUwEoArwPYfVCpYkGd2VRx9ARwATlJ\/m4DcDuAVgAfJGc1hX6w3\/HcN3CAC\/uTkBsdz91xMAhVdY5yPPdNx3NXARgDQAjxmuO5zwoRAMwE0ALgQiGgiGnoByKmvwIwnZx4UFAX+oFM4JAqDP6K47mrld+TADzveO4u\/haRHEsOE\/01GkAvADcCuAXAiQB+jgMcNgDANGOEymF1HfVBNThrr\/ZbxOwp5fdIADsB\/BbArQAeBnCkKHYAfQFcrFzbymurhf11juf+q4oDRlZvHIDJANaEftDb8dw9JNwKAMJhEwFsAbAJwH8APATg09RloJ5aYTy8gjgYVg\/kkM8DuJfiJVgq7oHjuaKjxGe5hMr8owC2AbjJ8dxNxpOqhBr+FYXjue3F+vNC6Afy4t5Ha\/h2lnHJsbFz5hixcDy3zdYnD\/0EgBkA3q\/1tVKHbBVlSvHQB3QATAEwRLtXuGI9AFG6A7WXISZ+gWUBhwO4nC7LYxS922TiIp4imo7nLjdW0P0ZZ3JOQqTrHM99XOs\/hv0z6KaoWAtgg+hIx3NftxFKFnwqlaiKVwHI5Fscz201ZtVFrCs0RQvqD4didQaAHysiJk7lZPWNh35wHEVPCDLB8dxXQz+YTEUu87oKwGDHc+cak+h6hqwlBDCLTZc6nnuF5boG0Y0AmrWurzqee7PxYKJAVmsxeg68lX1xREIXm9r694uVczx3G036TcYVXRM\/hOZfPPUXyUmgkRkO4BsAvgegh3Fzd\/TQpGK4cUXXuqxiWQxF5TUPkHN+YXEPInwTwFH8X9cPfwawkOLYz7izO8QPO1RpaYr0VR6oltUTXfeE3hj6QT0JFYfINUgC4aA+ynWDkhiqpKgKoWjybzc6DvhOuq5Q72uPuc+GZk08332EIu61iNYnEyzmwRgdqmO09rsfjUMuqCahxPRujn7QYs4wrjLxEi1wKYzR+hverYTazRBKBNFPxxpXaaD4rTQ6FJDoR2rNDXRec0FVCBX6wdF0Jf6uNI+wOH1xWFNirrUWh7nAGFYuKDZ4Lgj9QEz7SXzWk4qeGpFi\/OckFFRk+yG+WJPRChxmtGRE3MB5opfi36wTJ5b\/xzmENjxvaVPRSK7SkWaMoqgGoQbTVINe9zb+b+OAOGyktx+H0ZpYRzjUaMmIahBqouIC7FIs30DjynhsB1AsVj5SMxQRBhstGVENQnW6AHQ87+PPvsaV8djB7EwchHNWW\/w0PaqRGRUlFJXviWqb47m30OQ3GjfEQwj867hYEUX7BcsGPbf9XqXTVZMY9l1j9KQACfu3InfI1uU1EkrfxuSCSnJUL8aqeibY+WcGg3p7qMf0rU5jXsxQKUKJ83cHgE\/xd26bUwskjvUKraKememV0mjEolKE2srQSjVi7RI1eJncpNcr9MxL\/Cqlo3Yw2ytv9ByLSBRF6AezAXwGwDH0uqOtjvhTVzqee5dy\/xG0eK0WQvWg5Xuq2HhJUEkdJRZqEX2nYj6QAcdzb6cBmEJnspl\/WzUigZvh9QxZbzceltN+LxOhQj84NYnZdTx3g77zD\/0g2uXnlentr3CSzdcaYbSkQOgHI0I\/mJWaUPSNPp5CQT+i3CuieB6JXHZVSugHtVQfUTz+DeOi8rcxQujhWTiqT8q3pMbKG5SJbzWuTA953h4l9WXjqHJFT9Zak4VQ\/VJuaFXRG8aAHfLgKFo0lYv+a1xxYMxyIKqidxZCNacIuIEec2T1jlDutSnetBjJWFUEG0cNYkxMRRq\/TkqR6rMQakJKI7CHxBJMVdpt+iQtmpnSKvbMRi2NVZf0RVMHTkFGP2qq0VIcQqjFHPRDypVb6JCW47WLWN1HA1OjxLpU9GeSIbKMhRTr7kcpSEcoLvYEyy49FlS0m1mHOUlx\/jbnQCgRi\/nkpBourE3j+MjptIllKYyLaJSWo4YyDr3B6CmNw7V91xZmZhoyPCuCcMnZkdUL\/WAIi0L0TfjwjN75zOhFptVRMzV5TwNH4549tjR7UjBqsEOrg9rJnYAONcnQwrGLgtITJUWSE4p64AtZRIVWp1vlP4Nwy4yLk6NJTagS+2MUuupLxVXg6BhFVdGBNBx1GMsEs2A8TyvouDONvrPM5zWtrTUqG9KQxZc6SZWeNISanaXMmtuV7yqFZCpWMtdXCjb9Mpr1VJ3gxtjGUanSVhTrOWpbIkLRYp2rNKU5giH14KcZrV3JhmtKxK2eZMhFF7PpMYbARig9i1wKp9DidSIiVKzeoVK7RCvP2Wdc2B01vPcInjooVi23lBV57czMRJa4D63atx3PXc\/6zsi6TWA55Tl8+yreNEYAhoV+UGwO6npFRfg6TWoYYBtviQSKYlxOpTleu\/EZTvxbFAF97\/cWE5LTLGmpVY7nXqhNThYxl0Vlf2LhqRSuXut47jJ0RR7OYrZ5jqIGNvJU1ls0NtMsaapWRjH+yvTZyXQhVAu+gRv1MVpxhzix11f9GFox0LIOognfGlcCfTBgOJyhH4ymaG2lLmpLM2GKKooVyVruKXCbUa+c4ZNzOi15EotuSl+OU8sXIlGMXUVyhh3oxlG0UHKG7ngqxc1k9ZeY6djMUMZupRagN9l4OMudJc59seO5jxmjmRMXEfkcRaGBSYL9jFk1UXxFFB9yPDeuWDYJgcSVOJ3jgMnSnVQbolZW8fzNHXEHKnVC1XI3Psq4sjvaFEtV0PSXyPoxyqkpA1TA87hPi+oDPMdzF3MeYzn5OuqXfwO4CMADpd68RqC+PDR5LqMIcu8XGZPvqNtSaq\/auXbRn3fqEqG7B30s+yQbCmTdWovFvKEEkRpZZL9YK6JQCdCqvIhaOqt\/EWJZYktWhH4gVvpuAD\/S0vfqOKpY11CR\/wHAAn0cnVDl1j2KA3md0UqQSL+jCMS6JDHoyUXPL1JQ1gGFSNONztKoIxdepRJLH7B\/jAedBKLDzog7ykrzvkQv2siwCDlO8lmjp2uceuqbcUZnchTocnw9ukMn1LCM8SGR7ZMdz33a6OnCmepuvAwIsRaRO3Ui1fC88kdyGEdoc3noB0NhIdRQWrQkFqaVFlHEYarjubF7ttAPBvG6vGoQRtHZ1TGGnJDXOI00IoYf1Uwz+gSPkA3mxb3pf7QwKbCFHvEmx3PfNh5v4ks5ZEN0zAn9YJE2\/jwly5MXJNl7qY1Qv+FJy1xOW1IhfsXoKB\/N3K48iC4dGKu7yoBI2cxOQlG+B6uFDtyDSfh2OG+I3IHt9JckHrS7hPfcxDrOSuBjEaEYIcitCljD8SpH9aCI7aMjdgb9FwnKP02r1uGw0by3cKcuWRDZ\/a+I8Z4nWEQ8L4xVnjO2DItdCuP0bMUAntZcwOP0shs\/y\/HchY7n3up4rjiKj5OrouyG6J97xG9h+ENHbkXxFgxSikXy1oEqhqhvupVmXj7QsDzNVoEiKWHi5aEfnO547j1K3wDj6vzQq0rj1HZyFA9XC\/csS0kkFeKwLgn9YKTSlsQqZsVORT9W8oMRrd38qBJKOSlk5\/8TZZuRR9VKHDYq7bYQcF7YpFq9gfScj+L5ONkrvZCReLNogV7WagPyhpp0iOrMbWdiysXaAok0jaGMJfREr+Pv8zMWtIvT92H+vzamHKdctDN2FuHZnCpkdMg4ywqhHzQx7KFbJ1ns1fRVsiDKfOxSjnXkiRe1Qn8h0j8qMI443o8WGGGMS+eIaH7HaE2GjpiUcpw\/VWVwAtys+m0c58YSqa8sELdoR6HYKXFCdeqSQj\/e+rDiQeeBTdG3pDTczVLqvCCG6FowemCNESuwpahLYR11XAeY6LwgJxMurstljufq6XQwsnp+wuhHknGujMYRQt1VorpDgmBpB1hoCQcLh32\/jFqDCL9nUjUO97O+vVwR\/COAn0Y\/CmTVyywLaGec+gbjEfFoJ2GNhSi6aqHlXF3SZ0tW+WvkUCs4jnwL75cZxwGrbOY4ntt56jT6iI1M\/suMCLTRekjceHbMRteGFhJoXtxC2D6f4hGbgLBgL12W0+LSSdo4e3m05OKUdRIyv+ulREkfR09XDWScWL5H8ICYRTqfuxSrdRHT6eBb3sPowjXMi1mJpIK+2bHcfM9g1OKHAH7GFzWRIiRcLl\/9+YG85bRbK+XjqFcp34yaS\/Ft4xwe4ThruK6ltuStNaUe+kFPhkdm0lNX8\/T1jB48x0iCWLR1tocnWEiBCdNT+J2WKI+3jzpNRG11lmdbxpnI0qXj+ILbuI5n+FWhRx3PjS0+sRLKMlCtsjVo58e3cvVX+PajdHzePpc6jloV3JKUS99RRRrvZBRNJL6HLrxHqISIEoZlnWn7vwdwx\/8AKT0PnDPrzqIAAAAASUVORK5CYII=\"><\/image><\/svg>\t\t\t\t\t<\/a>\n\t\t\t\t<\/span>\n\t\t\t\t\t<\/div>\n\t\t\t\t\t\t<\/div>\n\t\t\t\t<\/div>\n\t\t\t\t\t<\/div>\n\t\t<\/div>\n\t\t\t\t<div class=\"elementor-column elementor-col-50 elementor-top-column elementor-element elementor-element-a2350c5\" data-id=\"a2350c5\" data-element_type=\"column\" data-e-type=\"column\">\n\t\t\t<div class=\"elementor-widget-wrap elementor-element-populated\">\n\t\t\t\t\t\t<section class=\"elementor-section elementor-inner-section elementor-element elementor-element-5fa7590 elementor-section-boxed elementor-section-height-default elementor-section-height-default\" data-id=\"5fa7590\" data-element_type=\"section\" data-e-type=\"section\">\n\t\t\t\t\t\t<div class=\"elementor-container elementor-column-gap-default\">\n\t\t\t\t\t<div class=\"elementor-column elementor-col-100 elementor-inner-column elementor-element elementor-element-a2b227c\" data-id=\"a2b227c\" data-element_type=\"column\" data-e-type=\"column\">\n\t\t\t<div class=\"elementor-widget-wrap elementor-element-populated\">\n\t\t\t\t\t\t<div class=\"elementor-element elementor-element-0879869 elementor-widget elementor-widget-heading\" data-id=\"0879869\" data-element_type=\"widget\" data-e-type=\"widget\" data-widget_type=\"heading.default\">\n\t\t\t\t<div class=\"elementor-widget-container\">\n\t\t\t\t\t<h2 class=\"elementor-heading-title elementor-size-default\">Env\u00ede su consulta<\/h2>\t\t\t\t<\/div>\n\t\t\t\t<\/div>\n\t\t\t\t<div class=\"elementor-element elementor-element-d0d5b95 elementor-widget elementor-widget-shortcode\" data-id=\"d0d5b95\" data-element_type=\"widget\" data-e-type=\"widget\" data-widget_type=\"shortcode.default\">\n\t\t\t\t<div class=\"elementor-widget-container\">\n\t\t\t\t\t\t\t<div class=\"elementor-shortcode\"><div class=\"forminator-ui forminator-custom-form forminator-custom-form-5612 forminator-design--material forminator-enclosed forminator_ajax\" data-forminator-render=\"0\" data-form=\"forminator-module-5612\" data-uid=\"69f356883f2bc\"><br\/><\/div><form\n\t\t\t\tid=\"forminator-module-5612\"\n\t\t\t\tclass=\"forminator-ui forminator-custom-form forminator-custom-form-5612 forminator-design--material forminator-enclosed forminator_ajax\"\n\t\t\t\tmethod=\"post\"\n\t\t\t\tdata-forminator-render=\"0\"\n\t\t\t\tdata-form-id=\"5612\"\n\t\t\t\t data-color-option=\"default\" data-design=\"material\" data-grid=\"enclosed\" style=\"display: none;\"\n\t\t\t\tdata-uid=\"69f356883f2bc\"\n\t\t\t><div role=\"alert\" aria-live=\"polite\" class=\"forminator-response-message forminator-error\" aria-hidden=\"true\"><\/div><div class=\"forminator-row\"><div id=\"name-1\" class=\"forminator-field-name forminator-col forminator-col-12 \"><div class=\"forminator-field\"><label for=\"forminator-field-name-1_69f356883f2bc\" id=\"forminator-field-name-1_69f356883f2bc-label\" class=\"forminator-label\">Nombre y apellido <span class=\"forminator-required\">*<\/span><\/label><input type=\"text\" name=\"name-1\" value=\"\" placeholder=\"E.g. John Doe\" id=\"forminator-field-name-1_69f356883f2bc\" class=\"forminator-input forminator-name--field\" aria-required=\"true\" autocomplete=\"name\" \/><\/div><\/div><\/div><div class=\"forminator-row\"><div id=\"email-1\" class=\"forminator-field-email forminator-col forminator-col-6 \"><div class=\"forminator-field\"><label for=\"forminator-field-email-1_69f356883f2bc\" id=\"forminator-field-email-1_69f356883f2bc-label\" class=\"forminator-label\">Email Address <span class=\"forminator-required\">*<\/span><\/label><input type=\"email\" name=\"email-1\" value=\"\" placeholder=\"E.g. john@example.com\" id=\"forminator-field-email-1_69f356883f2bc\" class=\"forminator-input forminator-email--field\" data-required=\"true\" aria-required=\"true\" autocomplete=\"email\" \/><\/div><\/div><div id=\"phone-1\" class=\"forminator-field-phone forminator-col forminator-col-6 \"><div class=\"forminator-field\"><label for=\"forminator-field-phone-1_69f356883f2bc\" id=\"forminator-field-phone-1_69f356883f2bc-label\" class=\"forminator-label\">N\u00famero de tel\u00e9fono<\/label><input type=\"text\" name=\"phone-1\" value=\"\" placeholder=\"E.g. +359 88 000 000\" id=\"forminator-field-phone-1_69f356883f2bc\" class=\"forminator-input forminator-field--phone\" data-required=\"\" aria-required=\"false\" autocomplete=\"off\" \/><\/div><\/div><\/div><div class=\"forminator-row\"><div id=\"textarea-1\" class=\"forminator-field-textarea forminator-col forminator-col-12 \"><div class=\"forminator-field\"><label for=\"forminator-field-textarea-1_69f356883f2bc\" id=\"forminator-field-textarea-1_69f356883f2bc-label\" class=\"forminator-label\">Mensaje:<\/label><textarea name=\"textarea-1\" placeholder=\"Su mensaje...\" id=\"forminator-field-textarea-1_69f356883f2bc\" class=\"forminator-textarea\" rows=\"6\" style=\"--forminator-textarea-min-height:140px;\" maxlength=\"250\" ><\/textarea><span id=\"forminator-field-textarea-1_69f356883f2bc-description\" class=\"forminator-description\"><span data-limit=\"250\" data-type=\"characters\" data-editor=\"\">0 \/ 250<\/span><\/span><\/div><\/div><\/div><div class=\"forminator-row\"><div id=\"consent-1\" class=\"forminator-field-consent forminator-col forminator-col-12 \"><div class=\"forminator-field\"><label for=\"forminator-field-consent-1_69f356883f2bc\" id=\"forminator-field-consent-1_69f356883f2bc-label\" class=\"forminator-label\">Consentir <span class=\"forminator-required\">*<\/span><\/label><div class=\"forminator-checkbox__wrapper\"><label id=\"forminator-field-consent-1_69f356883f2bc__label\" class=\"forminator-checkbox forminator-consent\"><input type=\"checkbox\" name=\"consent-1\" id=\"forminator-field-consent-1_69f356883f2bc\" value=\"checked\" aria-labelledby=\"forminator-field-consent-1_69f356883f2bc-label\" aria-describedby=\"forminator-field-consent-1_69f356883f2bc__description\" data-required=\"true\" aria-required=\"true\" \/><span class=\"forminator-checkbox-box\" aria-hidden=\"true\"><\/span><\/label><div id=\"forminator-field-consent-1_69f356883f2bc__description\" class=\"forminator-checkbox__label forminator-consent__label\"><p>Acepto los t\u00e9rminos y condiciones de la pol\u00edtica de privacidad.<\/p><\/div><\/div><\/div><\/div><\/div><div class=\"forminator-row forminator-hidden\"><div id=\"hidden-1\" class=\"forminator-field-hidden  forminator-col-12 \"><input type=\"hidden\" id=\"hidden-1_69f356883f2bc\" name=\"hidden-1\" value=\"https:\/\/kdp-law.com\/es\/contact\/\" \/><\/div><\/div><input type=\"hidden\" name=\"referer_url\" value=\"\" \/><div class=\"forminator-row forminator-row-last\"><div class=\"forminator-col\"><div class=\"forminator-field\"><button class=\"forminator-button forminator-button-submit\"><span>Enviar mensaje<\/span><span aria-hidden=\"true\"><\/span><\/button><\/div><\/div><\/div><input type=\"hidden\" id=\"forminator_nonce\" name=\"forminator_nonce\" value=\"60bf632c1d\" \/><input type=\"hidden\" name=\"_wp_http_referer\" value=\"\/es\/wp-json\/wp\/v2\/pages\/5607\" \/><input type=\"hidden\" name=\"form_id\" value=\"5612\"><input type=\"hidden\" name=\"page_id\" value=\"5607\"><input type=\"hidden\" name=\"form_type\" value=\"default\"><input type=\"hidden\" name=\"current_url\" value=\"https:\/\/kdp-law.com\/es\/contact\/\"><input type=\"hidden\" name=\"render_id\" value=\"0\"><input type=\"hidden\" name=\"action\" value=\"forminator_submit_form_custom-forms\"><label for=\"input_7\" class=\"forminator-hidden\" aria-hidden=\"true\">Por favor, no rellenes este campo. <input id=\"input_7\" type=\"text\" name=\"input_7\" value=\"\" autocomplete=\"off\"><\/label><\/form><\/div>\n\t\t\t\t\t\t<\/div>\n\t\t\t\t<\/div>\n\t\t\t\t\t<\/div>\n\t\t<\/div>\n\t\t\t\t\t<\/div>\n\t\t<\/section>\n\t\t\t\t\t<\/div>\n\t\t<\/div>\n\t\t\t\t\t<\/div>\n\t\t<\/section>\n\t\t\t\t<\/div>\n\t\t","protected":false},"excerpt":{"rendered":"<p>Contacto Cont\u00e1ctenos Informaci\u00f3n de Contacto Calle George Washington, 19, 1000 S\u00f3fia, Bulgaria +359 899 838 825 office@kdp-law.com S\u00edganos: Linkedin-in Created by potrace 1.16, written by Peter Selinger 2001-2019 Env\u00ede su consulta<\/p>\n","protected":false},"author":7,"featured_media":0,"parent":0,"menu_order":0,"comment_status":"closed","ping_status":"closed","template":"","meta":{"site-sidebar-layout":"no-sidebar","site-content-layout":"page-builder","ast-site-content-layout":"default","site-content-style":"default","site-sidebar-style":"default","ast-global-header-display":"","ast-banner-title-visibility":"","ast-main-header-display":"","ast-hfb-above-header-display":"","ast-hfb-below-header-display":"","ast-hfb-mobile-header-display":"","site-post-title":"disabled","ast-breadcrumbs-content":"","ast-featured-img":"","footer-sml-layout":"","ast-disable-related-posts":"","theme-transparent-header-meta":"default","adv-header-id-meta":"","stick-header-meta":"","header-above-stick-meta":"","header-main-stick-meta":"","header-below-stick-meta":"","astra-migrate-meta-layouts":"set","ast-page-background-enabled":"default","ast-page-background-meta":{"desktop":{"background-color":"","background-image":"","background-repeat":"repeat","background-position":"center center","background-size":"auto","background-attachment":"scroll","background-type":"","background-media":"","overlay-type":"","overlay-color":"","overlay-opacity":"","overlay-gradient":""},"tablet":{"background-color":"","background-image":"","background-repeat":"repeat","background-position":"center center","background-size":"auto","background-attachment":"scroll","background-type":"","background-media":"","overlay-type":"","overlay-color":"","overlay-opacity":"","overlay-gradient":""},"mobile":{"background-color":"","background-image":"","background-repeat":"repeat","background-position":"center center","background-size":"auto","background-attachment":"scroll","background-type":"","background-media":"","overlay-type":"","overlay-color":"","overlay-opacity":"","overlay-gradient":""}},"ast-content-background-meta":{"desktop":{"background-color":"var(--ast-global-color-5)","background-image":"","background-repeat":"repeat","background-position":"center center","background-size":"auto","background-attachment":"scroll","background-type":"","background-media":"","overlay-type":"","overlay-color":"","overlay-opacity":"","overlay-gradient":""},"tablet":{"background-color":"var(--ast-global-color-5)","background-image":"","background-repeat":"repeat","background-position":"center center","background-size":"auto","background-attachment":"scroll","background-type":"","background-media":"","overlay-type":"","overlay-color":"","overlay-opacity":"","overlay-gradient":""},"mobile":{"background-color":"var(--ast-global-color-5)","background-image":"","background-repeat":"repeat","background-position":"center center","background-size":"auto","background-attachment":"scroll","background-type":"","background-media":"","overlay-type":"","overlay-color":"","overlay-opacity":"","overlay-gradient":""}},"footnotes":""},"class_list":["post-5607","page","type-page","status-publish","hentry"],"_links":{"self":[{"href":"https:\/\/kdp-law.com\/es\/wp-json\/wp\/v2\/pages\/5607","targetHints":{"allow":["GET"]}}],"collection":[{"href":"https:\/\/kdp-law.com\/es\/wp-json\/wp\/v2\/pages"}],"about":[{"href":"https:\/\/kdp-law.com\/es\/wp-json\/wp\/v2\/types\/page"}],"author":[{"embeddable":true,"href":"https:\/\/kdp-law.com\/es\/wp-json\/wp\/v2\/users\/7"}],"replies":[{"embeddable":true,"href":"https:\/\/kdp-law.com\/es\/wp-json\/wp\/v2\/comments?post=5607"}],"version-history":[{"count":7,"href":"https:\/\/kdp-law.com\/es\/wp-json\/wp\/v2\/pages\/5607\/revisions"}],"predecessor-version":[{"id":5615,"href":"https:\/\/kdp-law.com\/es\/wp-json\/wp\/v2\/pages\/5607\/revisions\/5615"}],"wp:attachment":[{"href":"https:\/\/kdp-law.com\/es\/wp-json\/wp\/v2\/media?parent=5607"}],"curies":[{"name":"wp","href":"https:\/\/api.w.org\/{rel}","templated":true}]}}